{"id":173,"date":"2023-08-30T14:22:32","date_gmt":"2023-08-30T20:22:32","guid":{"rendered":"https:\/\/www.beyondcellcare.com\/?page_id=173"},"modified":"2023-10-27T16:27:15","modified_gmt":"2023-10-27T22:27:15","slug":"stem-cell-therapy","status":"publish","type":"page","link":"https:\/\/www.beyondcellcare.com\/es\/stem-cell-therapy\/","title":{"rendered":"Terapia Con C\u00e9lulas Troncales Mesenquimales"},"content":{"rendered":"<div id=\"pl-173\"  class=\"panel-layout\" ><div id=\"pg-173-0\"  class=\"panel-grid panel-has-style\" ><div class=\"siteorigin-panels-stretch panel-row-style-full-width panel-row-style panel-row-style-for-173-0\" data-stretch-type=\"full-stretched\" ><div id=\"pgc-173-0-0\"  class=\"panel-grid-cell\" ><div id=\"panel-173-0-0-0\" class=\"so-panel widget widget_sow-layout-slider panel-first-child panel-last-child\" data-index=\"0\" ><div\n\t\t\t\n\t\t\tclass=\"so-widget-sow-layout-slider so-widget-sow-layout-slider-default-bf4b6dce1288-173\"\n\t\t\t\n\t\t>\t\t\t\t<div class=\"sow-slider-base\" style=\"display: none\" tabindex=\"0\">\n\t\t\t\t\t<ul\n\t\t\t\t\tclass=\"sow-slider-images\"\n\t\t\t\t\tdata-settings=\"{&quot;pagination&quot;:true,&quot;speed&quot;:800,&quot;timeout&quot;:8000,&quot;paused&quot;:false,&quot;pause_on_hover&quot;:false,&quot;swipe&quot;:true,&quot;nav_always_show_desktop&quot;:&quot;&quot;,&quot;nav_always_show_mobile&quot;:&quot;&quot;,&quot;breakpoint&quot;:&quot;780px&quot;,&quot;unmute&quot;:false,&quot;anchor&quot;:null}\"\n\t\t\t\t\tstyle=\"min-height: 35vh\"\t\t\t\t\tdata-anchor-id=\"\"\n\t\t\t\t>\t\t<li class=\"sow-slider-image  sow-slider-image-cover\" style=\"visibility: visible;;background-color: #333333;background-image: url(https:\/\/www.beyondcellcare.com\/wp-content\/uploads\/2023\/08\/IMG_8730-2-1.jpg)\" >\n\t\t\t\t\t<div class=\"sow-slider-image-container\">\n\t\t\t<div class=\"sow-slider-image-wrapper\">\n\t\t\t\t<div id=\"pl-w8ee8d65d\"  class=\"panel-layout\" ><div id=\"pg-w8ee8d65d-0\"  class=\"panel-grid panel-has-style\" ><div class=\"padding-interno panel-row-style panel-row-style-for-w8ee8d65d-0\" ><div id=\"pgc-w8ee8d65d-0-0\"  class=\"panel-grid-cell panel-grid-cell-mobile-last\" ><div id=\"panel-w8ee8d65d-0-0-0\" class=\"so-panel widget widget_sow-editor panel-first-child panel-last-child\" data-index=\"0\" ><div class=\"panel-widget-style panel-widget-style-for-w8ee8d65d-0-0-0\" ><div\n\t\t\t\n\t\t\tclass=\"so-widget-sow-editor so-widget-sow-editor-base\"\n\t\t\t\n\t\t>\n<div class=\"siteorigin-widget-tinymce textwidget\">\n\t<h2 style=\"color:white;text-shadow: 1px 2px 3px #2f2f2f;\">Terapia con C\u00e9lulas Troncales Mesenquimales<\/h2>\n<\/div>\n<\/div><\/div><\/div><\/div><div id=\"pgc-w8ee8d65d-0-1\"  class=\"panel-grid-cell panel-grid-cell-empty\" ><\/div><\/div><\/div><\/div>\t\t\t<\/div>\n\t\t<\/div>\n\t\t\t\t<\/li>\n\t\t<\/ul>\t\t\t\t<ol class=\"sow-slider-pagination\">\n\t\t\t\t\t\t\t\t\t\t\t<li><a href=\"#\" data-goto=\"0\" aria-label=\"Display slide 1\"><\/a><\/li>\n\t\t\t\t\t\t\t\t\t<\/ol>\n\n\t\t\t\t<div class=\"sow-slide-nav sow-slide-nav-next\">\n\t\t\t\t\t<a href=\"#\" data-goto=\"next\" aria-label=\"Next slide\" data-action=\"next\">\n\t\t\t\t\t\t<em class=\"sow-sld-icon-thin-right\"><\/em>\n\t\t\t\t\t<\/a>\n\t\t\t\t<\/div>\n\n\t\t\t\t<div class=\"sow-slide-nav sow-slide-nav-prev\">\n\t\t\t\t\t<a href=\"#\" data-goto=\"previous\" aria-label=\"Previous slide\" data-action=\"prev\">\n\t\t\t\t\t\t<em class=\"sow-sld-icon-thin-left\"><\/em>\n\t\t\t\t\t<\/a>\n\t\t\t\t<\/div>\n\t\t\t\t<\/div><\/div><\/div><\/div><\/div><\/div><div id=\"pg-173-1\"  class=\"panel-grid panel-has-style\" ><div class=\"siteorigin-panels-stretch panel-row-style-full-width panel-row-style panel-row-style-for-173-1\" data-stretch-type=\"full-stretched\" ><div id=\"pgc-173-1-0\"  class=\"panel-grid-cell\" ><div id=\"panel-173-1-0-0\" class=\"so-panel widget widget_siteorigin-panels-builder panel-first-child panel-last-child\" data-index=\"1\" ><div id=\"pl-w650487ec6481a\"  class=\"panel-layout\" ><div id=\"pg-w650487ec6481a-0\"  class=\"panel-grid panel-has-style\" ><div class=\"padding-interno panel-row-style panel-row-style-for-w650487ec6481a-0\" ><div id=\"pgc-w650487ec6481a-0-0\"  class=\"panel-grid-cell\" ><div id=\"panel-w650487ec6481a-0-0-0\" class=\"so-panel widget widget_sow-editor panel-first-child panel-last-child\" data-index=\"0\" ><div class=\"panel-widget-style panel-widget-style-for-w650487ec6481a-0-0-0\" ><div\n\t\t\t\n\t\t\tclass=\"so-widget-sow-editor so-widget-sow-editor-base\"\n\t\t\t\n\t\t>\n<div class=\"siteorigin-widget-tinymce textwidget\">\n\t<p>La terapia con c\u00e9lulas es un campo de la medicina que utiliza c\u00e9lulas troncales mesenquimales para el tratamiento y prevenci\u00f3n de enfermedades y lesiones. Las c\u00e9lulas troncales son c\u00e9lulas especiales capaces de transformarse en diversos tipos de c\u00e9lulas en el cuerpo. Esta terapia tiene como objetivo regenerar, reparar o reemplazar c\u00e9lulas da\u00f1adas para restaurar o mejorar la funci\u00f3n normal del tejido. Los posibles beneficios de la terapia celular incluyen regeneraci\u00f3n de tejidos, tratamiento de enfermedades card\u00edacas, reparaci\u00f3n de lesiones en la m\u00e9dula espinal, manejo de enfermedades neurodegenerativas, recuperaci\u00f3n m\u00e1s r\u00e1pida de lesiones deportivas, tratamiento de enfermedades autoinmunes,, curaci\u00f3n de heridas, tratamiento de enfermedades oftalmol\u00f3gicas,, mejora de la funci\u00f3n pulmonar y potencial terap\u00e9utico en diversas enfermedades.<\/p>\n<\/div>\n<\/div><\/div><\/div><\/div><div id=\"pgc-w650487ec6481a-0-1\"  class=\"panel-grid-cell\" ><div id=\"panel-w650487ec6481a-0-1-0\" class=\"so-panel widget widget_sow-image panel-first-child panel-last-child\" data-index=\"1\" ><div\n\t\t\t\n\t\t\tclass=\"so-widget-sow-image so-widget-sow-image-default-8b5b6f678277\"\n\t\t\t\n\t\t>\n<div class=\"sow-image-container\">\n\t\t<img \n\tsrc=\"https:\/\/www.beyondcellcare.com\/wp-content\/uploads\/2023\/08\/image-Stem-Cell-Therapy-1-1.jpg\" width=\"820\" height=\"460\" srcset=\"https:\/\/www.beyondcellcare.com\/wp-content\/uploads\/2023\/08\/image-Stem-Cell-Therapy-1-1.jpg 820w, https:\/\/www.beyondcellcare.com\/wp-content\/uploads\/2023\/08\/image-Stem-Cell-Therapy-1-1-300x168.jpg 300w, https:\/\/www.beyondcellcare.com\/wp-content\/uploads\/2023\/08\/image-Stem-Cell-Therapy-1-1-768x431.jpg 768w\" sizes=\"(max-width: 820px) 100vw, 820px\" title=\"image Stem Cell Therapy 1\" alt=\"Stem Cell Therapy\" \t\tclass=\"so-widget-image\"\/>\n\t<\/div>\n\n<\/div><\/div><\/div><\/div><\/div><div id=\"pg-w650487ec6481a-1\"  class=\"panel-grid panel-has-style\" ><div class=\"padding-interno panel-row-style panel-row-style-for-w650487ec6481a-1\" ><div id=\"pgc-w650487ec6481a-1-0\"  class=\"panel-grid-cell\" ><div id=\"panel-w650487ec6481a-1-0-0\" class=\"so-panel widget widget_sow-image panel-first-child panel-last-child\" data-index=\"2\" ><div class=\"panel-widget-style panel-widget-style-for-w650487ec6481a-1-0-0\" ><div\n\t\t\t\n\t\t\tclass=\"so-widget-sow-image so-widget-sow-image-default-8b5b6f678277\"\n\t\t\t\n\t\t>\n<div class=\"sow-image-container\">\n\t\t<img \n\tsrc=\"https:\/\/www.beyondcellcare.com\/wp-content\/uploads\/2023\/08\/imagen-Stem-Cell-Therapy-2.jpg\" width=\"791\" height=\"547\" srcset=\"https:\/\/www.beyondcellcare.com\/wp-content\/uploads\/2023\/08\/imagen-Stem-Cell-Therapy-2.jpg 791w, https:\/\/www.beyondcellcare.com\/wp-content\/uploads\/2023\/08\/imagen-Stem-Cell-Therapy-2-300x207.jpg 300w, https:\/\/www.beyondcellcare.com\/wp-content\/uploads\/2023\/08\/imagen-Stem-Cell-Therapy-2-768x531.jpg 768w\" sizes=\"(max-width: 791px) 100vw, 791px\" title=\"imagen Stem Cell Therapy 2\" alt=\"\" \t\tclass=\"so-widget-image\"\/>\n\t<\/div>\n\n<\/div><\/div><\/div><\/div><div id=\"pgc-w650487ec6481a-1-1\"  class=\"panel-grid-cell\" ><div id=\"panel-w650487ec6481a-1-1-0\" class=\"so-panel widget widget_sow-editor panel-first-child panel-last-child\" data-index=\"3\" ><div\n\t\t\t\n\t\t\tclass=\"so-widget-sow-editor so-widget-sow-editor-base\"\n\t\t\t\n\t\t>\n<div class=\"siteorigin-widget-tinymce textwidget\">\n\t<h2 style=\"margin-top: 0;\">Exosomas<\/h2>\n<p><span style=\"font-weight: 400;\">Los exosomas son diminutas ves\u00edculas que son secretadas o liberadas por todos los tipos de c\u00e9lulas en nuestro cuerpo y transmiten mol\u00e9culas se\u00f1alizadoras a otras c\u00e9lulas (mecanismos de se\u00f1alizaci\u00f3n celular).<\/span><\/p>\n<p><span style=\"font-weight: 400;\">La terapia de exosomas es una de las terapias m\u00e1s novedosas y en desarrollo en el campo de la medicina regenerativa que utiliza estas diminutas ves\u00edculas espec\u00edficamente secretadas por las c\u00e9lulas madre para entregar mol\u00e9culas terap\u00e9uticas a c\u00e9lulas espec\u00edficas en el cuerpo. Los exosomas de c\u00e9lulas madre contienen una variedad de biomol\u00e9culas, incluyendo prote\u00ednas, \u00e1cidos nucleicos y l\u00edpidos que ejercen se\u00f1alizaci\u00f3n de c\u00e9lulas madre.<\/span><\/p>\n<p><span style=\"font-weight: 400;\">Las diferencias en el transporte y el mecanismo de los exosomas, debido a su tama\u00f1o m\u00e1s peque\u00f1o y a su distribuci\u00f3n en el cuerpo, ofrecen nuevas oportunidades para los beneficios de la medicina regenerativa en muchas condiciones y enfermedades, ya sea por s\u00ed mismos o en combinaci\u00f3n con la terapia de c\u00e9lulas madre, dependiendo de los objetivos terap\u00e9uticos y la indicaci\u00f3n de especialistas.<\/span><\/p>\n<\/div>\n<\/div><\/div><\/div><\/div><\/div><\/div><\/div><\/div><\/div><\/div><\/div>","protected":false},"excerpt":{"rendered":"<p>Stem Cell Therapy Stem cell therapy is a field of medicine that utilizes stem cells for the treatment and prevention of diseases and injuries. Stem cells are special cells capable of transforming into various cell types in the body. The therapy aims to regenerate, repair, or replace damaged cells to restore normal tissue function.\u00a0 Potential [&hellip;]<\/p>\n","protected":false},"author":2,"featured_media":0,"parent":0,"menu_order":0,"comment_status":"closed","ping_status":"closed","template":"templates\/template-full-notitle.php","meta":{"inline_featured_image":false,"footnotes":""},"class_list":["post-173","page","type-page","status-publish","hentry","post"],"_links":{"self":[{"href":"https:\/\/www.beyondcellcare.com\/es\/wp-json\/wp\/v2\/pages\/173","targetHints":{"allow":["GET"]}}],"collection":[{"href":"https:\/\/www.beyondcellcare.com\/es\/wp-json\/wp\/v2\/pages"}],"about":[{"href":"https:\/\/www.beyondcellcare.com\/es\/wp-json\/wp\/v2\/types\/page"}],"author":[{"embeddable":true,"href":"https:\/\/www.beyondcellcare.com\/es\/wp-json\/wp\/v2\/users\/2"}],"replies":[{"embeddable":true,"href":"https:\/\/www.beyondcellcare.com\/es\/wp-json\/wp\/v2\/comments?post=173"}],"version-history":[{"count":0,"href":"https:\/\/www.beyondcellcare.com\/es\/wp-json\/wp\/v2\/pages\/173\/revisions"}],"wp:attachment":[{"href":"https:\/\/www.beyondcellcare.com\/es\/wp-json\/wp\/v2\/media?parent=173"}],"curies":[{"name":"wp","href":"https:\/\/api.w.org\/{rel}","templated":true}]}}