{"id":211,"date":"2023-08-30T18:57:17","date_gmt":"2023-08-31T00:57:17","guid":{"rendered":"https:\/\/www.beyondcellcare.com\/?page_id=211"},"modified":"2024-12-04T16:28:34","modified_gmt":"2024-12-04T22:28:34","slug":"orthopedics-and-traumatology","status":"publish","type":"page","link":"https:\/\/www.beyondcellcare.com\/es\/services-treatments\/orthopedics-and-traumatology\/","title":{"rendered":"ORTOPEDIA Y TRAUMATOLOG\u00cdA"},"content":{"rendered":"<div id=\"pl-211\"  class=\"panel-layout\" ><div id=\"pg-211-0\"  class=\"panel-grid panel-has-style\" ><div class=\"siteorigin-panels-stretch panel-row-style-full-width panel-row-style panel-row-style-for-211-0\" data-stretch-type=\"full-width-stretch\" ><div id=\"pgc-211-0-0\"  class=\"panel-grid-cell\" ><div id=\"panel-211-0-0-0\" class=\"so-panel widget widget_siteorigin-panels-builder panel-first-child panel-last-child\" data-index=\"0\" ><div id=\"pl-w650347f463475\"  class=\"panel-layout\" ><div id=\"pg-w650347f463475-0\"  class=\"panel-grid panel-has-style\" ><div class=\"padding-interno panel-row-style panel-row-style-for-w650347f463475-0\" ><div id=\"pgc-w650347f463475-0-0\"  class=\"panel-grid-cell\" ><div id=\"panel-w650347f463475-0-0-0\" class=\"so-panel widget widget_sow-image panel-first-child panel-last-child\" data-index=\"0\" ><div class=\"services-img panel-widget-style panel-widget-style-for-w650347f463475-0-0-0\" ><div\n\t\t\t\n\t\t\tclass=\"so-widget-sow-image so-widget-sow-image-default-8b5b6f678277\"\n\t\t\t\n\t\t>\n<div class=\"sow-image-container\">\n\t\t<img \n\tsrc=\"https:\/\/www.beyondcellcare.com\/wp-content\/uploads\/2023\/09\/Orthopedics-and-traumatology-.svg\" width=\"167\" height=\"198\" sizes=\"(max-width: 167px) 100vw, 167px\" title=\"Ortoped\u00eda y Traumatolog\u00eda\u00a0\" alt=\"\" \t\tclass=\"so-widget-image\"\/>\n\t<\/div>\n\n<\/div><\/div><\/div><\/div><div id=\"pgc-w650347f463475-0-1\"  class=\"panel-grid-cell\" ><div id=\"panel-w650347f463475-0-1-0\" class=\"so-panel widget widget_sow-editor panel-first-child panel-last-child\" data-index=\"1\" ><div class=\"services-info panel-widget-style panel-widget-style-for-w650347f463475-0-1-0\" ><div\n\t\t\t\n\t\t\tclass=\"so-widget-sow-editor so-widget-sow-editor-base\"\n\t\t\t\n\t\t>\n<div class=\"siteorigin-widget-tinymce textwidget\">\n\t<p><span style=\"color: #f4c64d;\">Tratamiento<\/span><\/p>\n<h1 style=\"margin-top: .5rem; margin-bottom: .5rem;\">ORTOPEDIA Y TRAUMATOLOG\u00cdA<\/h1>\n<\/div>\n<\/div><\/div><\/div><\/div><\/div><\/div><\/div><\/div><\/div><\/div><\/div><div id=\"pg-211-1\"  class=\"panel-grid panel-has-style\" ><div class=\"siteorigin-panels-stretch panel-row-style-full-width panel-row-style panel-row-style-for-211-1\" data-stretch-type=\"full-width-stretch\" ><div id=\"pgc-211-1-0\"  class=\"panel-grid-cell\" ><div id=\"panel-211-1-0-0\" class=\"so-panel widget widget_siteorigin-panels-builder panel-first-child panel-last-child\" data-index=\"1\" ><div id=\"pl-w64f7b4b7ac8d0\"  class=\"panel-layout\" ><div id=\"pg-w64f7b4b7ac8d0-0\"  class=\"panel-grid panel-has-style\" ><div class=\"padding-interno panel-row-style panel-row-style-for-w64f7b4b7ac8d0-0\" ><div id=\"pgc-w64f7b4b7ac8d0-0-0\"  class=\"panel-grid-cell\" ><div id=\"panel-w64f7b4b7ac8d0-0-0-0\" class=\"so-panel widget widget_sow-image panel-first-child panel-last-child\" data-index=\"0\" ><div\n\t\t\t\n\t\t\tclass=\"so-widget-sow-image so-widget-sow-image-default-8b5b6f678277\"\n\t\t\t\n\t\t>\n<div class=\"sow-image-container\">\n\t\t<img \n\tsrc=\"https:\/\/www.beyondcellcare.com\/wp-content\/uploads\/2023\/08\/image-service-1.jpg\" width=\"757\" height=\"471\" srcset=\"https:\/\/www.beyondcellcare.com\/wp-content\/uploads\/2023\/08\/image-service-1.jpg 757w, https:\/\/www.beyondcellcare.com\/wp-content\/uploads\/2023\/08\/image-service-1-300x187.jpg 300w, https:\/\/www.beyondcellcare.com\/wp-content\/uploads\/2023\/08\/image-service-1-436x272.jpg 436w\" sizes=\"(max-width: 757px) 100vw, 757px\" title=\"image service 1\" alt=\"\" \t\tclass=\"so-widget-image\"\/>\n\t<\/div>\n\n<\/div><\/div><\/div><div id=\"pgc-w64f7b4b7ac8d0-0-1\"  class=\"panel-grid-cell\" ><div id=\"panel-w64f7b4b7ac8d0-0-1-0\" class=\"so-panel widget widget_siteorigin-panels-builder panel-first-child panel-last-child\" data-index=\"1\" ><div class=\"panel-widget-style panel-widget-style-for-w64f7b4b7ac8d0-0-1-0\" ><div id=\"pl-w64f7b4b7ac908\"  class=\"panel-layout\" ><div id=\"pg-w64f7b4b7ac908-0\"  class=\"panel-grid panel-has-style\" ><div class=\"panel-row-style panel-row-style-for-w64f7b4b7ac908-0\" ><div id=\"pgc-w64f7b4b7ac908-0-0\"  class=\"panel-grid-cell\" ><div id=\"panel-w64f7b4b7ac908-0-0-0\" class=\"so-panel widget widget_sow-editor panel-first-child\" data-index=\"0\" ><div\n\t\t\t\n\t\t\tclass=\"so-widget-sow-editor so-widget-sow-editor-base\"\n\t\t\t\n\t\t>\n<div class=\"siteorigin-widget-tinymce textwidget\">\n\t<p>Este grupo de trastornos se caracteriza por da\u00f1os en nuestros tejidos estructurales como huesos, cart\u00edlagos, tendones y ligamentos. Las causas de la lesi\u00f3n pueden variar seg\u00fan los factores de riesgo de cada paciente, como la edad, ocupaci\u00f3n y h\u00e1bitos diarios.<\/p>\n<p>Las c\u00e9lulas troncales mesenquimales para ortopedia se han convertido en uno de los tratamientos m\u00e1s novedosos para estimular la reparaci\u00f3n tisular y ralentizar la progresi\u00f3n en condiciones cr\u00f3nicas. Se ha demostrado una y otra vez ser una excelente opci\u00f3n de tratamiento no quir\u00fargico para problemas musculoesquel\u00e9ticos.<\/p>\n<\/div>\n<\/div><\/div><div id=\"panel-w64f7b4b7ac908-0-0-1\" class=\"so-panel widget widget_sow-button panel-last-child\" data-index=\"1\" ><div\n\t\t\t\n\t\t\tclass=\"so-widget-sow-button so-widget-sow-button-flat-8acf1d8364f0\"\n\t\t\t\n\t\t><div class=\"ow-button-base ow-button-align-left\"\n>\n\t\t\t<a\n\t\t\t\t\thref=\"https:\/\/www.beyondcellcare.com\/es\/contact\/\"\n\t\t\t\t\tclass=\"sowb-button ow-icon-placement-left ow-button-hover\" \t>\n\t\t<span>\n\t\t\t\n\t\t\tCONTACTA CON UN EXPERTO\t\t<\/span>\n\t\t\t<\/a>\n\t<\/div>\n<\/div><\/div><\/div><\/div><\/div><\/div><\/div><\/div><\/div><\/div><\/div><\/div><\/div><\/div><\/div><\/div><div id=\"pg-211-2\"  class=\"panel-grid panel-has-style\" ><div class=\"siteorigin-panels-stretch panel-row-style-full-width panel-row-style panel-row-style-for-211-2\" data-stretch-type=\"full-width-stretch\" ><div id=\"pgc-211-2-0\"  class=\"panel-grid-cell\" ><div id=\"panel-211-2-0-0\" class=\"so-panel widget widget_siteorigin-panels-builder panel-first-child panel-last-child\" data-index=\"2\" ><div id=\"pl-w6750d792b40b8\"  class=\"panel-layout\" ><div id=\"pg-w6750d792b40b8-0\"  class=\"panel-grid panel-has-style\" ><div class=\"padding-interno panel-row-style panel-row-style-for-w6750d792b40b8-0\" ><div id=\"pgc-w6750d792b40b8-0-0\"  class=\"panel-grid-cell\" ><div id=\"panel-w6750d792b40b8-0-0-0\" class=\"so-panel widget widget_sow-accordion panel-first-child panel-last-child\" data-index=\"0\" ><div\n\t\t\t\n\t\t\tclass=\"so-widget-sow-accordion so-widget-sow-accordion-default-97fc7d2d05b3\"\n\t\t\t\n\t\t><div>\n\t<div class=\"sow-accordion\">\n\t\t\t<div class=\"sow-accordion-panel\"\n\t\t\t\tdata-anchor-id=\"what-conditions-can-benefit-from-stem-cell-therapy\">\n\t\t\t\t\t<div class=\"sow-accordion-panel-header-container\" role=\"heading\" aria-level=\"2\">\n\t\t\t\t\t<div class=\"sow-accordion-panel-header\" tabindex=\"0\" role=\"button\" id=\"accordion-label-what-conditions-can-benefit-from-stem-cell-therapy\" aria-controls=\"accordion-content-what-conditions-can-benefit-from-stem-cell-therapy\" aria-expanded=\"false\">\n\t\t\t\t\t\t<div class=\"sow-accordion-title sow-accordion-title-icon-left\">\n\t\t\t\t\t\t\t\t\t\t\t\t\t\t<span id=\"view-more\">\u00bfQu\u00e9 condiciones pueden beneficiarse de la terapia celular?<\/span>\t\t\t\t\t\t\t\t\t\t\t\t\t<\/div>\n\t\t\t\t\t\t<div class=\"sow-accordion-open-close-button\">\n\t\t\t\t\t\t\t<div class=\"sow-accordion-open-button\">\n\t\t\t\t\t\t\t\t<span class=\"sow-icon-ionicons\" data-sow-icon=\"&#xf218;\"\n\t\t \n\t\taria-hidden=\"true\"><\/span>\t\t\t\t\t\t\t<\/div>\n\t\t\t\t\t\t\t<div class=\"sow-accordion-close-button\">\n\t\t\t\t\t\t\t\t<span class=\"sow-icon-ionicons\" data-sow-icon=\"&#xf209;\"\n\t\t \n\t\taria-hidden=\"true\"><\/span>\t\t\t\t\t\t\t<\/div>\n\t\t\t\t\t\t<\/div>\n\t\t\t\t\t<\/div>\n\t\t\t\t<\/div>\n\n\t\t\t<div\n\t\t\t\tclass=\"sow-accordion-panel-content\"\n\t\t\t\trole=\"region\"\n\t\t\t\taria-labelledby=\"accordion-label-what-conditions-can-benefit-from-stem-cell-therapy\"\n\t\t\t\tid=\"accordion-content-what-conditions-can-benefit-from-stem-cell-therapy\"\n\t\t\t\tstyle=\"display: none;\"\t\t\t>\n\t\t\t\t<div class=\"sow-accordion-panel-border\">\n\t\t\t\t\t<ul>\n<li>Desgaste del cart\u00edlago de cualquier articulaci\u00f3n debido a la edad o lesi\u00f3n<\/li>\n<li>Lesiones de ligamentos o tendones<\/li>\n<li>Lesiones musculares cr\u00f3nicas y agudas<\/li>\n<li>Dolor articular cr\u00f3nico<\/li>\n<li>Lesiones o degeneraci\u00f3n de espalda\/columna vertebral<\/li>\n<\/ul>\n\t\t\t\t<\/div>\n\t\t\t<\/div>\n\t\t<\/div>\n\t\t\t<div class=\"sow-accordion-panel\"\n\t\t\t\tdata-anchor-id=\"therapys-objective\">\n\t\t\t\t\t<div class=\"sow-accordion-panel-header-container\" role=\"heading\" aria-level=\"2\">\n\t\t\t\t\t<div class=\"sow-accordion-panel-header\" tabindex=\"0\" role=\"button\" id=\"accordion-label-therapy%c2%b4s-objective\" aria-controls=\"accordion-content-therapy%c2%b4s-objective\" aria-expanded=\"false\">\n\t\t\t\t\t\t<div class=\"sow-accordion-title sow-accordion-title-icon-left\">\n\t\t\t\t\t\t\t\t\t\t\t\t\t\t<span id=\"view-more\">Objetivo de la terapia:<\/span>\t\t\t\t\t\t\t\t\t\t\t\t\t<\/div>\n\t\t\t\t\t\t<div class=\"sow-accordion-open-close-button\">\n\t\t\t\t\t\t\t<div class=\"sow-accordion-open-button\">\n\t\t\t\t\t\t\t\t<span class=\"sow-icon-ionicons\" data-sow-icon=\"&#xf218;\"\n\t\t \n\t\taria-hidden=\"true\"><\/span>\t\t\t\t\t\t\t<\/div>\n\t\t\t\t\t\t\t<div class=\"sow-accordion-close-button\">\n\t\t\t\t\t\t\t\t<span class=\"sow-icon-ionicons\" data-sow-icon=\"&#xf209;\"\n\t\t \n\t\taria-hidden=\"true\"><\/span>\t\t\t\t\t\t\t<\/div>\n\t\t\t\t\t\t<\/div>\n\t\t\t\t\t<\/div>\n\t\t\t\t<\/div>\n\n\t\t\t<div\n\t\t\t\tclass=\"sow-accordion-panel-content\"\n\t\t\t\trole=\"region\"\n\t\t\t\taria-labelledby=\"accordion-label-therapy%c2%b4s-objective\"\n\t\t\t\tid=\"accordion-content-therapy%c2%b4s-objective\"\n\t\t\t\tstyle=\"display: none;\"\t\t\t>\n\t\t\t\t<div class=\"sow-accordion-panel-border\">\n\t\t\t\t\t<ul>\n<li style=\"font-weight: 400;\" aria-level=\"1\"><span style=\"font-weight: 400;\">Reducir la inflamaci\u00f3n (cr\u00f3nica o aguda).<\/span><\/li>\n<li style=\"font-weight: 400;\" aria-level=\"1\"><span style=\"font-weight: 400;\">Disminuir el dolor<\/span><\/li>\n<li style=\"font-weight: 400;\" aria-level=\"1\"><span style=\"font-weight: 400;\">Prevenir la adici\u00f3n de tejido fibroso (tejido cicatricial)<\/span><\/li>\n<li style=\"font-weight: 400;\" aria-level=\"1\"><span style=\"font-weight: 400;\">Potenciar los mecanismos de reparaci\u00f3n tisular de nuestro cuerpo<\/span><\/li>\n<li style=\"font-weight: 400;\" aria-level=\"1\"><span style=\"font-weight: 400;\">Potenciar los mecanismos de reparaci\u00f3n tisular de nuestro cuerpo<\/span><\/li>\n<li style=\"font-weight: 400;\" aria-level=\"1\"><span style=\"font-weight: 400;\">Aumentar la movilidad y funcionalidad<\/span><\/li>\n<li style=\"font-weight: 400;\" aria-level=\"1\"><span style=\"font-weight: 400;\">Angiog\u00e9nesis <\/span><\/li>\n<\/ul>\n\t\t\t\t<\/div>\n\t\t\t<\/div>\n\t\t<\/div>\n\t\t<\/div>\n<\/div>\n<\/div><\/div><\/div><\/div><\/div><\/div><\/div><\/div><\/div><\/div><div id=\"pg-211-3\"  class=\"panel-grid panel-has-style\" ><div class=\"siteorigin-panels-stretch panel-row-style-full-width panel-row-style panel-row-style-for-211-3\" data-stretch-type=\"full-width-stretch\" ><div id=\"pgc-211-3-0\"  class=\"panel-grid-cell\" ><div id=\"panel-211-3-0-0\" class=\"so-panel widget widget_siteorigin-panels-builder panel-first-child panel-last-child\" data-index=\"3\" ><div id=\"pl-w64f7b4b7b4695\"  class=\"panel-layout\" ><div id=\"pg-w64f7b4b7b4695-0\"  class=\"panel-grid panel-has-style\" ><div class=\"padding-interno panel-row-style panel-row-style-for-w64f7b4b7b4695-0\" ><div id=\"pgc-w64f7b4b7b4695-0-0\"  class=\"panel-grid-cell\" ><div id=\"panel-w64f7b4b7b4695-0-0-0\" class=\"so-panel widget widget_siteorigin-panels-builder panel-first-child panel-last-child\" data-index=\"0\" ><div class=\"panel-widget-style panel-widget-style-for-w64f7b4b7b4695-0-0-0\" ><div id=\"pl-w64f7b4b7b46c7\"  class=\"panel-layout\" ><div id=\"pg-w64f7b4b7b46c7-0\"  class=\"panel-grid panel-has-style\" ><div class=\"panel-row-style panel-row-style-for-w64f7b4b7b46c7-0\" ><div id=\"pgc-w64f7b4b7b46c7-0-0\"  class=\"panel-grid-cell\" ><div id=\"panel-w64f7b4b7b46c7-0-0-0\" class=\"so-panel widget widget_sow-editor panel-first-child\" data-index=\"0\" ><div\n\t\t\t\n\t\t\tclass=\"so-widget-sow-editor so-widget-sow-editor-base\"\n\t\t\t\n\t\t>\n<div class=\"siteorigin-widget-tinymce textwidget\">\n\t<h2>Procedimiento<\/h2>\n<p>Todos los planes de tratamiento personalizados se basan en el diagn\u00f3stico espec\u00edfico y\/o la condici\u00f3n actual del paciente.\n\nLos tratamientos ortop\u00e9dicos generalmente consisten en la estimulaci\u00f3n local con la inyecci\u00f3n in situ de c\u00e9lulas troncales mesenquimales en combinaci\u00f3n con plasma rico en plaquetas aut\u00f3logo (aPRP), logrando una estimulaci\u00f3n directa de la articulaci\u00f3n o tejido lesionado.\n\nTodos los procedimientos espec\u00edficos se explican en detalle durante la consulta con el Dr. Fonseca.<\/p>\n<\/div>\n<\/div><\/div><div id=\"panel-w64f7b4b7b46c7-0-0-1\" class=\"so-panel widget widget_sow-button panel-last-child\" data-index=\"1\" ><div\n\t\t\t\n\t\t\tclass=\"so-widget-sow-button so-widget-sow-button-flat-8acf1d8364f0\"\n\t\t\t\n\t\t><div class=\"ow-button-base ow-button-align-left\"\n>\n\t\t\t<a\n\t\t\t\t\thref=\"https:\/\/www.beyondcellcare.com\/es\/faqs\/\"\n\t\t\t\t\tclass=\"sowb-button ow-icon-placement-left ow-button-hover\" \t>\n\t\t<span>\n\t\t\t\n\t\t\tCONOCE M\u00c1S\t\t<\/span>\n\t\t\t<\/a>\n\t<\/div>\n<\/div><\/div><\/div><\/div><\/div><\/div><\/div><\/div><\/div><div id=\"pgc-w64f7b4b7b4695-0-1\"  class=\"panel-grid-cell\" ><div id=\"panel-w64f7b4b7b4695-0-1-0\" class=\"so-panel widget widget_sow-image panel-first-child panel-last-child\" data-index=\"1\" ><div\n\t\t\t\n\t\t\tclass=\"so-widget-sow-image so-widget-sow-image-default-8b5b6f678277\"\n\t\t\t\n\t\t>\n<div class=\"sow-image-container\">\n\t\t<img \n\tsrc=\"https:\/\/www.beyondcellcare.com\/wp-content\/uploads\/2023\/08\/image-service-2.jpg\" width=\"780\" height=\"520\" srcset=\"https:\/\/www.beyondcellcare.com\/wp-content\/uploads\/2023\/08\/image-service-2.jpg 780w, https:\/\/www.beyondcellcare.com\/wp-content\/uploads\/2023\/08\/image-service-2-300x200.jpg 300w, https:\/\/www.beyondcellcare.com\/wp-content\/uploads\/2023\/08\/image-service-2-768x512.jpg 768w, https:\/\/www.beyondcellcare.com\/wp-content\/uploads\/2023\/08\/image-service-2-272x182.jpg 272w\" sizes=\"(max-width: 780px) 100vw, 780px\" title=\"image service 2\" alt=\"\" \t\tclass=\"so-widget-image\"\/>\n\t<\/div>\n\n<\/div><\/div><\/div><\/div><\/div><\/div><\/div><\/div><\/div><\/div><\/div>","protected":false},"excerpt":{"rendered":"<p>TREATMENT ORTHOPEDICS AND TRAUMATOLOGY This group of disorders are characterized by damage in our structural tissues such as bone, cartilage, tendons and ligaments. The causes of injury may vary depending on each patient\u00b4s risk factors such as age, occupation and daily habits. Stem Cells for Orthopedics have become the latest treatment to help the body [&hellip;]<\/p>\n","protected":false},"author":2,"featured_media":0,"parent":76,"menu_order":0,"comment_status":"closed","ping_status":"closed","template":"templates\/template-full-notitle.php","meta":{"inline_featured_image":false,"footnotes":""},"class_list":["post-211","page","type-page","status-publish","hentry","post"],"_links":{"self":[{"href":"https:\/\/www.beyondcellcare.com\/es\/wp-json\/wp\/v2\/pages\/211","targetHints":{"allow":["GET"]}}],"collection":[{"href":"https:\/\/www.beyondcellcare.com\/es\/wp-json\/wp\/v2\/pages"}],"about":[{"href":"https:\/\/www.beyondcellcare.com\/es\/wp-json\/wp\/v2\/types\/page"}],"author":[{"embeddable":true,"href":"https:\/\/www.beyondcellcare.com\/es\/wp-json\/wp\/v2\/users\/2"}],"replies":[{"embeddable":true,"href":"https:\/\/www.beyondcellcare.com\/es\/wp-json\/wp\/v2\/comments?post=211"}],"version-history":[{"count":0,"href":"https:\/\/www.beyondcellcare.com\/es\/wp-json\/wp\/v2\/pages\/211\/revisions"}],"up":[{"embeddable":true,"href":"https:\/\/www.beyondcellcare.com\/es\/wp-json\/wp\/v2\/pages\/76"}],"wp:attachment":[{"href":"https:\/\/www.beyondcellcare.com\/es\/wp-json\/wp\/v2\/media?parent=211"}],"curies":[{"name":"wp","href":"https:\/\/api.w.org\/{rel}","templated":true}]}}