{"id":243,"date":"2023-08-31T12:26:35","date_gmt":"2023-08-31T18:26:35","guid":{"rendered":"https:\/\/www.beyondcellcare.com\/?page_id=243"},"modified":"2024-12-04T16:08:12","modified_gmt":"2024-12-04T22:08:12","slug":"autoimmune","status":"publish","type":"page","link":"https:\/\/www.beyondcellcare.com\/es\/services-treatments\/autoimmune\/","title":{"rendered":"Enfermedades Autoinmunes"},"content":{"rendered":"<div id=\"pl-243\"  class=\"panel-layout\" ><div id=\"pg-243-0\"  class=\"panel-grid panel-has-style\" ><div class=\"siteorigin-panels-stretch panel-row-style-full-width panel-row-style panel-row-style-for-243-0\" data-stretch-type=\"full-width-stretch\" ><div id=\"pgc-243-0-0\"  class=\"panel-grid-cell\" ><div id=\"panel-243-0-0-0\" class=\"so-panel widget widget_siteorigin-panels-builder panel-first-child panel-last-child\" data-index=\"0\" ><div id=\"pl-w653fdd5c11b2e\"  class=\"panel-layout\" ><div id=\"pg-w653fdd5c11b2e-0\"  class=\"panel-grid panel-has-style\" ><div class=\"padding-interno panel-row-style panel-row-style-for-w653fdd5c11b2e-0\" ><div id=\"pgc-w653fdd5c11b2e-0-0\"  class=\"panel-grid-cell\" ><div id=\"panel-w653fdd5c11b2e-0-0-0\" class=\"so-panel widget widget_sow-image panel-first-child panel-last-child\" data-index=\"0\" ><div class=\"services-img panel-widget-style panel-widget-style-for-w653fdd5c11b2e-0-0-0\" ><div\n\t\t\t\n\t\t\tclass=\"so-widget-sow-image so-widget-sow-image-default-8b5b6f678277\"\n\t\t\t\n\t\t>\n<div class=\"sow-image-container\">\n\t\t<img \n\tsrc=\"https:\/\/www.beyondcellcare.com\/wp-content\/uploads\/2023\/09\/Autoimmune.svg\" width=\"196\" height=\"198\" sizes=\"(max-width: 196px) 100vw, 196px\" alt=\"Autoimmune\" \t\tclass=\"so-widget-image\"\/>\n\t<\/div>\n\n<\/div><\/div><\/div><\/div><div id=\"pgc-w653fdd5c11b2e-0-1\"  class=\"panel-grid-cell\" ><div id=\"panel-w653fdd5c11b2e-0-1-0\" class=\"so-panel widget widget_sow-editor panel-first-child panel-last-child\" data-index=\"1\" ><div class=\"services-info panel-widget-style panel-widget-style-for-w653fdd5c11b2e-0-1-0\" ><div\n\t\t\t\n\t\t\tclass=\"so-widget-sow-editor so-widget-sow-editor-base\"\n\t\t\t\n\t\t>\n<div class=\"siteorigin-widget-tinymce textwidget\">\n\t<p><span style=\"color: #f4c64d;\">Tratamiento<\/span><\/p>\n<h1 style=\"margin-top: .5rem; margin-bottom: .5rem;\">Enfermedades Autoinmunes<\/h1>\n<\/div>\n<\/div><\/div><\/div><\/div><\/div><\/div><\/div><\/div><\/div><\/div><\/div><div id=\"pg-243-1\"  class=\"panel-grid panel-has-style\" ><div class=\"siteorigin-panels-stretch panel-row-style-full-width panel-row-style panel-row-style-for-243-1\" data-stretch-type=\"full-width-stretch\" ><div id=\"pgc-243-1-0\"  class=\"panel-grid-cell\" ><div id=\"panel-243-1-0-0\" class=\"so-panel widget widget_siteorigin-panels-builder panel-first-child panel-last-child\" data-index=\"1\" ><div id=\"pl-w653fdd5c11e71\"  class=\"panel-layout\" ><div id=\"pg-w653fdd5c11e71-0\"  class=\"panel-grid panel-has-style\" ><div class=\"padding-interno panel-row-style panel-row-style-for-w653fdd5c11e71-0\" ><div id=\"pgc-w653fdd5c11e71-0-0\"  class=\"panel-grid-cell\" ><div id=\"panel-w653fdd5c11e71-0-0-0\" class=\"so-panel widget widget_sow-image panel-first-child panel-last-child\" data-index=\"0\" ><div\n\t\t\t\n\t\t\tclass=\"so-widget-sow-image so-widget-sow-image-default-8b5b6f678277\"\n\t\t\t\n\t\t>\n<div class=\"sow-image-container\">\n\t\t<img \n\tsrc=\"https:\/\/www.beyondcellcare.com\/wp-content\/uploads\/2023\/08\/AUTOIMMUNE-1.jpg\" width=\"757\" height=\"471\" srcset=\"https:\/\/www.beyondcellcare.com\/wp-content\/uploads\/2023\/08\/AUTOIMMUNE-1.jpg 757w, https:\/\/www.beyondcellcare.com\/wp-content\/uploads\/2023\/08\/AUTOIMMUNE-1-300x187.jpg 300w, https:\/\/www.beyondcellcare.com\/wp-content\/uploads\/2023\/08\/AUTOIMMUNE-1-436x272.jpg 436w\" sizes=\"(max-width: 757px) 100vw, 757px\" title=\"AUTOIMMUNE 1\" alt=\"\" \t\tclass=\"so-widget-image\"\/>\n\t<\/div>\n\n<\/div><\/div><\/div><div id=\"pgc-w653fdd5c11e71-0-1\"  class=\"panel-grid-cell\" ><div id=\"panel-w653fdd5c11e71-0-1-0\" class=\"so-panel widget widget_siteorigin-panels-builder panel-first-child panel-last-child\" data-index=\"1\" ><div class=\"panel-widget-style panel-widget-style-for-w653fdd5c11e71-0-1-0\" ><div id=\"pl-w653fdd5c11e7b\"  class=\"panel-layout\" ><div id=\"pg-w653fdd5c11e7b-0\"  class=\"panel-grid panel-has-style\" ><div class=\"panel-row-style panel-row-style-for-w653fdd5c11e7b-0\" ><div id=\"pgc-w653fdd5c11e7b-0-0\"  class=\"panel-grid-cell\" ><div id=\"panel-w653fdd5c11e7b-0-0-0\" class=\"so-panel widget widget_sow-editor panel-first-child\" data-index=\"0\" ><div\n\t\t\t\n\t\t\tclass=\"so-widget-sow-editor so-widget-sow-editor-base\"\n\t\t\t\n\t\t>\n<div class=\"siteorigin-widget-tinymce textwidget\">\n\t<p><span style=\"font-weight: 400;\">Nuestro sistema inmunol\u00f3gico es muy importante como sistema responsable de protegernos de enfermedades y microorganismos que podr\u00edan causar infecciones y de mantener una buena calidad de las c\u00e9lulas en nuestros tejidos.<\/span><\/p>\n<p><span style=\"font-weight: 400;\">Una enfermedad autoinmune se produce cuando nuestro sistema inmunol\u00f3gico pierde la capacidad de diferenciar entre lo que es nuestro propio tejido y lo que no, desencadenando una respuesta inmune y atacando a las c\u00e9lulas sanas de nuestro cuerpo.<\/span><\/p>\n<p><span style=\"font-weight: 400;\">Se ha demostrado que las terapias con c\u00e9lulas madre regulan el sistema inmunol\u00f3gico y son una terapia integrativa eficaz en Reumatolog\u00eda que ofrece nuevas formas de ayudar a controlar el da\u00f1o causado por varios mecanismos que, lamentablemente, a\u00fan no se comprenden del todo. Brindando la oportunidad de mejorar la calidad de vida de muchos pacientes que cre\u00edan que no ten\u00edan opciones.<\/span><\/p>\n<\/div>\n<\/div><\/div><div id=\"panel-w653fdd5c11e7b-0-0-1\" class=\"so-panel widget widget_sow-button panel-last-child\" data-index=\"1\" ><div\n\t\t\t\n\t\t\tclass=\"so-widget-sow-button so-widget-sow-button-flat-8acf1d8364f0\"\n\t\t\t\n\t\t><div class=\"ow-button-base ow-button-align-left\"\n>\n\t\t\t<a\n\t\t\t\t\thref=\"https:\/\/www.beyondcellcare.com\/es\/contact\/\"\n\t\t\t\t\tclass=\"sowb-button ow-icon-placement-left ow-button-hover\" \t>\n\t\t<span>\n\t\t\t\n\t\t\tCONTACTA CON UN EXPERTO\t\t<\/span>\n\t\t\t<\/a>\n\t<\/div>\n<\/div><\/div><\/div><\/div><\/div><\/div><\/div><\/div><\/div><\/div><\/div><\/div><\/div><\/div><\/div><\/div><div id=\"pg-243-2\"  class=\"panel-grid panel-has-style\" ><div class=\"siteorigin-panels-stretch panel-row-style-full-width panel-row-style panel-row-style-for-243-2\" data-stretch-type=\"full-width-stretch\" ><div id=\"pgc-243-2-0\"  class=\"panel-grid-cell\" ><div id=\"panel-243-2-0-0\" class=\"so-panel widget widget_siteorigin-panels-builder panel-first-child panel-last-child\" data-index=\"2\" ><div id=\"pl-w6750d2cc0d1c8\"  class=\"panel-layout\" ><div id=\"pg-w6750d2cc0d1c8-0\"  class=\"panel-grid panel-has-style\" ><div class=\"padding-interno panel-row-style panel-row-style-for-w6750d2cc0d1c8-0\" ><div id=\"pgc-w6750d2cc0d1c8-0-0\"  class=\"panel-grid-cell\" ><div id=\"panel-w6750d2cc0d1c8-0-0-0\" class=\"so-panel widget widget_sow-accordion panel-first-child panel-last-child\" data-index=\"0\" ><div\n\t\t\t\n\t\t\tclass=\"so-widget-sow-accordion so-widget-sow-accordion-default-97fc7d2d05b3\"\n\t\t\t\n\t\t><div>\n\t<div class=\"sow-accordion\">\n\t\t\t<div class=\"sow-accordion-panel\"\n\t\t\t\tdata-anchor-id=\"what-conditions-can-benefit-from-stem-cell-therapy\">\n\t\t\t\t\t<div class=\"sow-accordion-panel-header-container\" role=\"heading\" aria-level=\"2\">\n\t\t\t\t\t<div class=\"sow-accordion-panel-header\" tabindex=\"0\" role=\"button\" id=\"accordion-label-what-conditions-can-benefit-from-stem-cell-therapy\" aria-controls=\"accordion-content-what-conditions-can-benefit-from-stem-cell-therapy\" aria-expanded=\"false\">\n\t\t\t\t\t\t<div class=\"sow-accordion-title sow-accordion-title-icon-left\">\n\t\t\t\t\t\t\t\t\t\t\t\t\t\t<span id=\"view-more\">\u00bfQu\u00e9 condiciones pueden beneficiarse de la terapia celular?<\/span>\t\t\t\t\t\t\t\t\t\t\t\t\t<\/div>\n\t\t\t\t\t\t<div class=\"sow-accordion-open-close-button\">\n\t\t\t\t\t\t\t<div class=\"sow-accordion-open-button\">\n\t\t\t\t\t\t\t\t<span class=\"sow-icon-ionicons\" data-sow-icon=\"&#xf218;\"\n\t\t \n\t\taria-hidden=\"true\"><\/span>\t\t\t\t\t\t\t<\/div>\n\t\t\t\t\t\t\t<div class=\"sow-accordion-close-button\">\n\t\t\t\t\t\t\t\t<span class=\"sow-icon-ionicons\" data-sow-icon=\"&#xf209;\"\n\t\t \n\t\taria-hidden=\"true\"><\/span>\t\t\t\t\t\t\t<\/div>\n\t\t\t\t\t\t<\/div>\n\t\t\t\t\t<\/div>\n\t\t\t\t<\/div>\n\n\t\t\t<div\n\t\t\t\tclass=\"sow-accordion-panel-content\"\n\t\t\t\trole=\"region\"\n\t\t\t\taria-labelledby=\"accordion-label-what-conditions-can-benefit-from-stem-cell-therapy\"\n\t\t\t\tid=\"accordion-content-what-conditions-can-benefit-from-stem-cell-therapy\"\n\t\t\t\tstyle=\"display: none;\"\t\t\t>\n\t\t\t\t<div class=\"sow-accordion-panel-border\">\n\t\t\t\t\t<ul>\n<li style=\"font-weight: 400;\" aria-level=\"2\"><span style=\"font-weight: 400;\">Artritis reumatoide.<\/span><\/li>\n<li style=\"font-weight: 400;\" aria-level=\"2\"><span style=\"font-weight: 400;\">Lupus.<\/span><\/li>\n<li style=\"font-weight: 400;\" aria-level=\"2\"><span style=\"font-weight: 400;\">Esclerosis lateral amiotr\u00f3fica (ELA).<\/span><\/li>\n<li style=\"font-weight: 400;\" aria-level=\"2\"><span style=\"font-weight: 400;\">Diabetes tipo 1.<\/span><\/li>\n<li style=\"font-weight: 400;\" aria-level=\"2\"><span style=\"font-weight: 400;\">Enfermedad de Hashimoto.<\/span><\/li>\n<li style=\"font-weight: 400;\" aria-level=\"2\"><span style=\"font-weight: 400;\">Enfermedad de Graves.<\/span><\/li>\n<li style=\"font-weight: 400;\" aria-level=\"2\"><span style=\"font-weight: 400;\">Espondilitis anquilosante.<\/span><\/li>\n<li style=\"font-weight: 400;\" aria-level=\"2\"><span style=\"font-weight: 400;\">Esclerodermia.<\/span><\/li>\n<li style=\"font-weight: 400;\" aria-level=\"2\"><span style=\"font-weight: 400;\">Enfermedad de CHRON.<\/span><\/li>\n<li style=\"font-weight: 400;\" aria-level=\"2\"><span style=\"font-weight: 400;\">Colitis ulcerosa.<\/span><\/li>\n<li style=\"font-weight: 400;\" aria-level=\"2\"><span style=\"font-weight: 400;\">Hepatitis autoinmune.<\/span><\/li>\n<li style=\"font-weight: 400;\" aria-level=\"2\"><span style=\"font-weight: 400;\">Otros trastornos reumatol\u00f3gicos.<\/span><\/li>\n<\/ul>\n\t\t\t\t<\/div>\n\t\t\t<\/div>\n\t\t<\/div>\n\t\t\t<div class=\"sow-accordion-panel\"\n\t\t\t\tdata-anchor-id=\"therapys-objective\">\n\t\t\t\t\t<div class=\"sow-accordion-panel-header-container\" role=\"heading\" aria-level=\"2\">\n\t\t\t\t\t<div class=\"sow-accordion-panel-header\" tabindex=\"0\" role=\"button\" id=\"accordion-label-therapy%c2%b4s-objective\" aria-controls=\"accordion-content-therapy%c2%b4s-objective\" aria-expanded=\"false\">\n\t\t\t\t\t\t<div class=\"sow-accordion-title sow-accordion-title-icon-left\">\n\t\t\t\t\t\t\t\t\t\t\t\t\t\t<span id=\"view-more\">Objetivo de la terapia:<\/span>\t\t\t\t\t\t\t\t\t\t\t\t\t<\/div>\n\t\t\t\t\t\t<div class=\"sow-accordion-open-close-button\">\n\t\t\t\t\t\t\t<div class=\"sow-accordion-open-button\">\n\t\t\t\t\t\t\t\t<span class=\"sow-icon-ionicons\" data-sow-icon=\"&#xf218;\"\n\t\t \n\t\taria-hidden=\"true\"><\/span>\t\t\t\t\t\t\t<\/div>\n\t\t\t\t\t\t\t<div class=\"sow-accordion-close-button\">\n\t\t\t\t\t\t\t\t<span class=\"sow-icon-ionicons\" data-sow-icon=\"&#xf209;\"\n\t\t \n\t\taria-hidden=\"true\"><\/span>\t\t\t\t\t\t\t<\/div>\n\t\t\t\t\t\t<\/div>\n\t\t\t\t\t<\/div>\n\t\t\t\t<\/div>\n\n\t\t\t<div\n\t\t\t\tclass=\"sow-accordion-panel-content\"\n\t\t\t\trole=\"region\"\n\t\t\t\taria-labelledby=\"accordion-label-therapy%c2%b4s-objective\"\n\t\t\t\tid=\"accordion-content-therapy%c2%b4s-objective\"\n\t\t\t\tstyle=\"display: none;\"\t\t\t>\n\t\t\t\t<div class=\"sow-accordion-panel-border\">\n\t\t\t\t\t<ul>\n<li style=\"font-weight: 400;\" aria-level=\"2\"><span style=\"font-weight: 400;\">Inmunorregulaci\u00f3n<\/span><\/li>\n<li style=\"font-weight: 400;\" aria-level=\"2\"><span style=\"font-weight: 400;\">Desacelerar la progresi\u00f3n de la enfermedad.<\/span><\/li>\n<li style=\"font-weight: 400;\" aria-level=\"2\"><span style=\"font-weight: 400;\">Reducir la ingesta de medicaci\u00f3n.<\/span><\/li>\n<li style=\"font-weight: 400;\" aria-level=\"2\"><span style=\"font-weight: 400;\">Prevenir complicaciones relacionadas con la enfermedad.<\/span><\/li>\n<li style=\"font-weight: 400;\" aria-level=\"2\"><span style=\"font-weight: 400;\">Reducir la inflamaci\u00f3n<\/span><\/li>\n<li style=\"font-weight: 400;\" aria-level=\"2\"><span style=\"font-weight: 400;\">Reducir la fatiga cr\u00f3nica<\/span><\/li>\n<li style=\"font-weight: 400;\" aria-level=\"2\"><span style=\"font-weight: 400;\">Potenciar los mecanismos de reparaci\u00f3n tisular de nuestro cuerpo<\/span><\/li>\n<li style=\"font-weight: 400;\" aria-level=\"2\"><span style=\"font-weight: 400;\">Angiog\u00e9nesis<\/span><\/li>\n<li style=\"font-weight: 400;\" aria-level=\"2\"><span style=\"font-weight: 400;\">Prevenir la adici\u00f3n de tejido fibroso (tejido cicatricial)<\/span><\/li>\n<li style=\"font-weight: 400;\" aria-level=\"2\"><span style=\"font-weight: 400;\">Reducir la muerte celular<\/span><\/li>\n<li style=\"font-weight: 400;\" aria-level=\"2\"><span style=\"font-weight: 400;\">Mejorar la funcionalidad en \u00e1reas afectadas.<\/span><\/li>\n<\/ul>\n\t\t\t\t<\/div>\n\t\t\t<\/div>\n\t\t<\/div>\n\t\t<\/div>\n<\/div>\n<\/div><\/div><\/div><\/div><\/div><\/div><\/div><\/div><\/div><\/div><div id=\"pg-243-3\"  class=\"panel-grid panel-has-style\" ><div class=\"siteorigin-panels-stretch panel-row-style-full-width panel-row-style panel-row-style-for-243-3\" data-stretch-type=\"full-width-stretch\" ><div id=\"pgc-243-3-0\"  class=\"panel-grid-cell\" ><div id=\"panel-243-3-0-0\" class=\"so-panel widget widget_siteorigin-panels-builder panel-first-child panel-last-child\" data-index=\"3\" ><div id=\"pl-w64f7b44ed6262\"  class=\"panel-layout\" ><div id=\"pg-w64f7b44ed6262-0\"  class=\"panel-grid panel-has-style\" ><div class=\"padding-interno panel-row-style panel-row-style-for-w64f7b44ed6262-0\" ><div id=\"pgc-w64f7b44ed6262-0-0\"  class=\"panel-grid-cell\" ><div id=\"panel-w64f7b44ed6262-0-0-0\" class=\"so-panel widget widget_siteorigin-panels-builder panel-first-child panel-last-child\" data-index=\"0\" ><div id=\"pl-w64f7b44ed6297\"  class=\"panel-layout\" ><div id=\"pg-w64f7b44ed6297-0\"  class=\"panel-grid panel-has-style\" ><div class=\"panel-row-style panel-row-style-for-w64f7b44ed6297-0\" ><div id=\"pgc-w64f7b44ed6297-0-0\"  class=\"panel-grid-cell\" ><div id=\"panel-w64f7b44ed6297-0-0-0\" class=\"so-panel widget widget_sow-editor panel-first-child\" data-index=\"0\" ><div\n\t\t\t\n\t\t\tclass=\"so-widget-sow-editor so-widget-sow-editor-base\"\n\t\t\t\n\t\t>\n<div class=\"siteorigin-widget-tinymce textwidget\">\n\t<h2>Procedimiento<\/h2>\n<p><span style=\"font-weight: 400;\">Todos los planes de tratamiento personalizados se basan en el diagn\u00f3stico espec\u00edfico y\/o la condici\u00f3n actual del paciente.<\/span><\/p>\n<p><span style=\"font-weight: 400;\">Los tratamientos para enfermedades autoinmunes generalmente consisten en estimulaci\u00f3n sist\u00e9mica a trav\u00e9s de terapia IV y, si la condici\u00f3n lo indica, estimulaci\u00f3n local con inyecci\u00f3n en el sitio de c\u00e9lulas troncales mesenquimales en combinaci\u00f3n con plasma rico en plaquetas aut\u00f3logo (PRPa) logrando una estimulaci\u00f3n directa al tejido u \u00f3rgano afectado.<\/span><\/p>\n<p><span style=\"font-weight: 400;\">Todos los procedimientos espec\u00edficos se explican en detalle durante la consulta con el Dr. Fonseca.<\/span><\/p>\n<\/div>\n<\/div><\/div><div id=\"panel-w64f7b44ed6297-0-0-1\" class=\"so-panel widget widget_sow-button panel-last-child\" data-index=\"1\" ><div\n\t\t\t\n\t\t\tclass=\"so-widget-sow-button so-widget-sow-button-flat-8acf1d8364f0\"\n\t\t\t\n\t\t><div class=\"ow-button-base ow-button-align-left\"\n>\n\t\t\t<a\n\t\t\t\t\thref=\"https:\/\/www.beyondcellcare.com\/es\/faqs\/\"\n\t\t\t\t\tclass=\"sowb-button ow-icon-placement-left ow-button-hover\" \t>\n\t\t<span>\n\t\t\t\n\t\t\tCONOCE M\u00c1S\t\t<\/span>\n\t\t\t<\/a>\n\t<\/div>\n<\/div><\/div><\/div><\/div><\/div><\/div><\/div><\/div><div id=\"pgc-w64f7b44ed6262-0-1\"  class=\"panel-grid-cell\" ><div id=\"panel-w64f7b44ed6262-0-1-0\" class=\"so-panel widget widget_sow-image panel-first-child panel-last-child\" data-index=\"1\" ><div\n\t\t\t\n\t\t\tclass=\"so-widget-sow-image so-widget-sow-image-default-8b5b6f678277\"\n\t\t\t\n\t\t>\n<div class=\"sow-image-container\">\n\t\t<img \n\tsrc=\"https:\/\/www.beyondcellcare.com\/wp-content\/uploads\/2023\/08\/image-service-8.jpg\" width=\"780\" height=\"520\" srcset=\"https:\/\/www.beyondcellcare.com\/wp-content\/uploads\/2023\/08\/image-service-8.jpg 780w, https:\/\/www.beyondcellcare.com\/wp-content\/uploads\/2023\/08\/image-service-8-300x200.jpg 300w, https:\/\/www.beyondcellcare.com\/wp-content\/uploads\/2023\/08\/image-service-8-768x512.jpg 768w, https:\/\/www.beyondcellcare.com\/wp-content\/uploads\/2023\/08\/image-service-8-272x182.jpg 272w\" sizes=\"(max-width: 780px) 100vw, 780px\" title=\"image service 8\" alt=\"\" \t\tclass=\"so-widget-image\"\/>\n\t<\/div>\n\n<\/div><\/div><\/div><\/div><\/div><\/div><\/div><\/div><\/div><\/div><\/div>","protected":false},"excerpt":{"rendered":"<p>TREATMENT AUTOIMMUNE Our immune system is very important as the system responsible for protecting us from diseases, and microorganisms that could cause infections and maintaining good quality of cells in our tissues. An autoimmune disease occurs when our immune system loses the ability to differentiate between what\u2019s our own tissue and what is not, triggering [&hellip;]<\/p>\n","protected":false},"author":2,"featured_media":0,"parent":76,"menu_order":0,"comment_status":"closed","ping_status":"closed","template":"templates\/template-full-notitle.php","meta":{"inline_featured_image":false,"footnotes":""},"class_list":["post-243","page","type-page","status-publish","hentry","post"],"_links":{"self":[{"href":"https:\/\/www.beyondcellcare.com\/es\/wp-json\/wp\/v2\/pages\/243","targetHints":{"allow":["GET"]}}],"collection":[{"href":"https:\/\/www.beyondcellcare.com\/es\/wp-json\/wp\/v2\/pages"}],"about":[{"href":"https:\/\/www.beyondcellcare.com\/es\/wp-json\/wp\/v2\/types\/page"}],"author":[{"embeddable":true,"href":"https:\/\/www.beyondcellcare.com\/es\/wp-json\/wp\/v2\/users\/2"}],"replies":[{"embeddable":true,"href":"https:\/\/www.beyondcellcare.com\/es\/wp-json\/wp\/v2\/comments?post=243"}],"version-history":[{"count":0,"href":"https:\/\/www.beyondcellcare.com\/es\/wp-json\/wp\/v2\/pages\/243\/revisions"}],"up":[{"embeddable":true,"href":"https:\/\/www.beyondcellcare.com\/es\/wp-json\/wp\/v2\/pages\/76"}],"wp:attachment":[{"href":"https:\/\/www.beyondcellcare.com\/es\/wp-json\/wp\/v2\/media?parent=243"}],"curies":[{"name":"wp","href":"https:\/\/api.w.org\/{rel}","templated":true}]}}