{"id":251,"date":"2023-08-31T12:35:43","date_gmt":"2023-08-31T18:35:43","guid":{"rendered":"https:\/\/www.beyondcellcare.com\/?page_id=251"},"modified":"2024-12-04T16:26:13","modified_gmt":"2024-12-04T22:26:13","slug":"chronic-pain","status":"publish","type":"page","link":"https:\/\/www.beyondcellcare.com\/es\/services-treatments\/chronic-pain\/","title":{"rendered":"Dolor Cr\u00f3nico"},"content":{"rendered":"<div id=\"pl-251\"  class=\"panel-layout\" ><div id=\"pg-251-0\"  class=\"panel-grid panel-has-style\" ><div class=\"siteorigin-panels-stretch panel-row-style-full-width panel-row-style panel-row-style-for-251-0\" data-stretch-type=\"full-width-stretch\" ><div id=\"pgc-251-0-0\"  class=\"panel-grid-cell\" ><div id=\"panel-251-0-0-0\" class=\"so-panel widget widget_siteorigin-panels-builder panel-first-child panel-last-child\" data-index=\"0\" ><div id=\"pl-w65034793ba0b4\"  class=\"panel-layout\" ><div id=\"pg-w65034793ba0b4-0\"  class=\"panel-grid panel-has-style\" ><div class=\"padding-interno panel-row-style panel-row-style-for-w65034793ba0b4-0\" ><div id=\"pgc-w65034793ba0b4-0-0\"  class=\"panel-grid-cell\" ><div id=\"panel-w65034793ba0b4-0-0-0\" class=\"so-panel widget widget_sow-image panel-first-child panel-last-child\" data-index=\"0\" ><div class=\"services-img panel-widget-style panel-widget-style-for-w65034793ba0b4-0-0-0\" ><div\n\t\t\t\n\t\t\tclass=\"so-widget-sow-image so-widget-sow-image-default-8b5b6f678277\"\n\t\t\t\n\t\t>\n<div class=\"sow-image-container\">\n\t\t<img \n\tsrc=\"https:\/\/www.beyondcellcare.com\/wp-content\/uploads\/2023\/09\/Chronic-pain.svg\" width=\"248\" height=\"198\" sizes=\"(max-width: 248px) 100vw, 248px\" title=\"Dolor Cr\u00f3nico\" alt=\"\" \t\tclass=\"so-widget-image\"\/>\n\t<\/div>\n\n<\/div><\/div><\/div><\/div><div id=\"pgc-w65034793ba0b4-0-1\"  class=\"panel-grid-cell\" ><div id=\"panel-w65034793ba0b4-0-1-0\" class=\"so-panel widget widget_sow-editor panel-first-child panel-last-child\" data-index=\"1\" ><div class=\"services-info panel-widget-style panel-widget-style-for-w65034793ba0b4-0-1-0\" ><div\n\t\t\t\n\t\t\tclass=\"so-widget-sow-editor so-widget-sow-editor-base\"\n\t\t\t\n\t\t>\n<div class=\"siteorigin-widget-tinymce textwidget\">\n\t<p><span style=\"color: #f4c64d;\">Tratamiento<\/span><\/p>\n<h1 style=\"margin-top: .5rem; margin-bottom: .5rem;\">Dolor Cr\u00f3nico<\/h1>\n<\/div>\n<\/div><\/div><\/div><\/div><\/div><\/div><\/div><\/div><\/div><\/div><\/div><div id=\"pg-251-1\"  class=\"panel-grid panel-has-style\" ><div class=\"siteorigin-panels-stretch panel-row-style-full-width panel-row-style panel-row-style-for-251-1\" data-stretch-type=\"full-width-stretch\" ><div id=\"pgc-251-1-0\"  class=\"panel-grid-cell\" ><div id=\"panel-251-1-0-0\" class=\"so-panel widget widget_siteorigin-panels-builder panel-first-child panel-last-child\" data-index=\"1\" ><div id=\"pl-w64f7b465be362\"  class=\"panel-layout\" ><div id=\"pg-w64f7b465be362-0\"  class=\"panel-grid panel-has-style\" ><div class=\"padding-interno panel-row-style panel-row-style-for-w64f7b465be362-0\" ><div id=\"pgc-w64f7b465be362-0-0\"  class=\"panel-grid-cell\" ><div id=\"panel-w64f7b465be362-0-0-0\" class=\"so-panel widget widget_sow-image panel-first-child panel-last-child\" data-index=\"0\" ><div\n\t\t\t\n\t\t\tclass=\"so-widget-sow-image so-widget-sow-image-default-8b5b6f678277\"\n\t\t\t\n\t\t>\n<div class=\"sow-image-container\">\n\t\t<img \n\tsrc=\"https:\/\/www.beyondcellcare.com\/wp-content\/uploads\/2023\/08\/image-service-1-1.jpg\" width=\"757\" height=\"471\" srcset=\"https:\/\/www.beyondcellcare.com\/wp-content\/uploads\/2023\/08\/image-service-1-1.jpg 757w, https:\/\/www.beyondcellcare.com\/wp-content\/uploads\/2023\/08\/image-service-1-1-300x187.jpg 300w, https:\/\/www.beyondcellcare.com\/wp-content\/uploads\/2023\/08\/image-service-1-1-436x272.jpg 436w\" sizes=\"(max-width: 757px) 100vw, 757px\" title=\"image service 1\" alt=\"\" \t\tclass=\"so-widget-image\"\/>\n\t<\/div>\n\n<\/div><\/div><\/div><div id=\"pgc-w64f7b465be362-0-1\"  class=\"panel-grid-cell\" ><div id=\"panel-w64f7b465be362-0-1-0\" class=\"so-panel widget widget_siteorigin-panels-builder panel-first-child panel-last-child\" data-index=\"1\" ><div id=\"pl-w64f7b465be39b\"  class=\"panel-layout\" ><div id=\"pg-w64f7b465be39b-0\"  class=\"panel-grid panel-has-style\" ><div class=\"panel-row-style panel-row-style-for-w64f7b465be39b-0\" ><div id=\"pgc-w64f7b465be39b-0-0\"  class=\"panel-grid-cell\" ><div id=\"panel-w64f7b465be39b-0-0-0\" class=\"so-panel widget widget_sow-editor panel-first-child\" data-index=\"0\" ><div\n\t\t\t\n\t\t\tclass=\"so-widget-sow-editor so-widget-sow-editor-base\"\n\t\t\t\n\t\t>\n<div class=\"siteorigin-widget-tinymce textwidget\">\n\t<p><span style=\"font-weight: 400;\">El \u00faltimo estudio realizado por la Encuesta Nacional de Entrevistas de Salud en EE.UU. encontr\u00f3 que 50,2 millones de adultos (20,5%) informaron dolor en la mayor\u00eda de los d\u00edas o todos los d\u00edas. El dolor cr\u00f3nico se asocia con una calidad de vida reducida, mayores gastos m\u00e9dicos y costos econ\u00f3micos significativos.<\/span><\/p>\n<p><span style=\"font-weight: 400;\">Existen muchas causas de dolor cr\u00f3nico, como una reparaci\u00f3n incompleta de lesiones, degeneraci\u00f3n articular, neuropat\u00eda, efectos secundarios de enfermedades espec\u00edficas como la enfermedad de Lyme o la esclerosis m\u00faltiple.<\/span><\/p>\n<p><span style=\"font-weight: 400;\">Las Terapias Celulares han demostrado ser efectivas para mejorar la gravedad de este s\u00edntoma, mejorando as\u00ed la calidad de vida y funcionalidad de los pacientes que se someten a este tratamiento.<\/span><\/p>\n<\/div>\n<\/div><\/div><div id=\"panel-w64f7b465be39b-0-0-1\" class=\"so-panel widget widget_sow-button panel-last-child\" data-index=\"1\" ><div\n\t\t\t\n\t\t\tclass=\"so-widget-sow-button so-widget-sow-button-flat-8acf1d8364f0\"\n\t\t\t\n\t\t><div class=\"ow-button-base ow-button-align-left\"\n>\n\t\t\t<a\n\t\t\t\t\thref=\"https:\/\/www.beyondcellcare.com\/es\/contact\/\"\n\t\t\t\t\tclass=\"sowb-button ow-icon-placement-left ow-button-hover\" \t>\n\t\t<span>\n\t\t\t\n\t\t\tCONTACTA CON UN EXPERTO\t\t<\/span>\n\t\t\t<\/a>\n\t<\/div>\n<\/div><\/div><\/div><\/div><\/div><\/div><\/div><\/div><\/div><\/div><\/div><\/div><\/div><\/div><\/div><div id=\"pg-251-2\"  class=\"panel-grid panel-has-style\" ><div class=\"siteorigin-panels-stretch panel-row-style-full-width panel-row-style panel-row-style-for-251-2\" data-stretch-type=\"full-width-stretch\" ><div id=\"pgc-251-2-0\"  class=\"panel-grid-cell\" ><div id=\"panel-251-2-0-0\" class=\"so-panel widget widget_siteorigin-panels-builder panel-first-child panel-last-child\" data-index=\"2\" ><div id=\"pl-w6750d704efd98\"  class=\"panel-layout\" ><div id=\"pg-w6750d704efd98-0\"  class=\"panel-grid panel-has-style\" ><div class=\"padding-interno panel-row-style panel-row-style-for-w6750d704efd98-0\" ><div id=\"pgc-w6750d704efd98-0-0\"  class=\"panel-grid-cell\" ><div id=\"panel-w6750d704efd98-0-0-0\" class=\"so-panel widget widget_sow-accordion panel-first-child panel-last-child\" data-index=\"0\" ><div\n\t\t\t\n\t\t\tclass=\"so-widget-sow-accordion so-widget-sow-accordion-default-97fc7d2d05b3\"\n\t\t\t\n\t\t><div>\n\t<div class=\"sow-accordion\">\n\t\t\t<div class=\"sow-accordion-panel\"\n\t\t\t\tdata-anchor-id=\"what-conditions-can-benefit-from-stem-cell-therapy\">\n\t\t\t\t\t<div class=\"sow-accordion-panel-header-container\" role=\"heading\" aria-level=\"2\">\n\t\t\t\t\t<div class=\"sow-accordion-panel-header\" tabindex=\"0\" role=\"button\" id=\"accordion-label-what-conditions-can-benefit-from-stem-cell-therapy\" aria-controls=\"accordion-content-what-conditions-can-benefit-from-stem-cell-therapy\" aria-expanded=\"false\">\n\t\t\t\t\t\t<div class=\"sow-accordion-title sow-accordion-title-icon-left\">\n\t\t\t\t\t\t\t\t\t\t\t\t\t\t<span id=\"view-more\">\u00bfQu\u00e9 condiciones pueden beneficiarse de la terapia celular?<\/span>\t\t\t\t\t\t\t\t\t\t\t\t\t<\/div>\n\t\t\t\t\t\t<div class=\"sow-accordion-open-close-button\">\n\t\t\t\t\t\t\t<div class=\"sow-accordion-open-button\">\n\t\t\t\t\t\t\t\t<span class=\"sow-icon-ionicons\" data-sow-icon=\"&#xf218;\"\n\t\t \n\t\taria-hidden=\"true\"><\/span>\t\t\t\t\t\t\t<\/div>\n\t\t\t\t\t\t\t<div class=\"sow-accordion-close-button\">\n\t\t\t\t\t\t\t\t<span class=\"sow-icon-ionicons\" data-sow-icon=\"&#xf209;\"\n\t\t \n\t\taria-hidden=\"true\"><\/span>\t\t\t\t\t\t\t<\/div>\n\t\t\t\t\t\t<\/div>\n\t\t\t\t\t<\/div>\n\t\t\t\t<\/div>\n\n\t\t\t<div\n\t\t\t\tclass=\"sow-accordion-panel-content\"\n\t\t\t\trole=\"region\"\n\t\t\t\taria-labelledby=\"accordion-label-what-conditions-can-benefit-from-stem-cell-therapy\"\n\t\t\t\tid=\"accordion-content-what-conditions-can-benefit-from-stem-cell-therapy\"\n\t\t\t\tstyle=\"display: none;\"\t\t\t>\n\t\t\t\t<div class=\"sow-accordion-panel-border\">\n\t\t\t\t\t<ul>\n<li style=\"font-weight: 400;\" aria-level=\"1\"><span style=\"font-weight: 400;\">Dolor cr\u00f3nico despu\u00e9s de radioterapia\/quimioterapia (En remisi\u00f3n).<\/span><\/li>\n<li style=\"font-weight: 400;\" aria-level=\"1\"><span style=\"font-weight: 400;\">Dolor neurop\u00e1tico.<\/span><\/li>\n<li style=\"font-weight: 400;\" aria-level=\"1\"><span style=\"font-weight: 400;\">Fatiga cr\u00f3nica.<\/span><\/li>\n<li style=\"font-weight: 400;\" aria-level=\"1\"><span style=\"font-weight: 400;\">Reparaci\u00f3n incompleta de lesiones.<\/span><\/li>\n<\/ul>\n\t\t\t\t<\/div>\n\t\t\t<\/div>\n\t\t<\/div>\n\t\t\t<div class=\"sow-accordion-panel\"\n\t\t\t\tdata-anchor-id=\"therapys-objective\">\n\t\t\t\t\t<div class=\"sow-accordion-panel-header-container\" role=\"heading\" aria-level=\"2\">\n\t\t\t\t\t<div class=\"sow-accordion-panel-header\" tabindex=\"0\" role=\"button\" id=\"accordion-label-therapy%c2%b4s-objective\" aria-controls=\"accordion-content-therapy%c2%b4s-objective\" aria-expanded=\"false\">\n\t\t\t\t\t\t<div class=\"sow-accordion-title sow-accordion-title-icon-left\">\n\t\t\t\t\t\t\t\t\t\t\t\t\t\t<span id=\"view-more\">Objetivo de la terapia:<\/span>\t\t\t\t\t\t\t\t\t\t\t\t\t<\/div>\n\t\t\t\t\t\t<div class=\"sow-accordion-open-close-button\">\n\t\t\t\t\t\t\t<div class=\"sow-accordion-open-button\">\n\t\t\t\t\t\t\t\t<span class=\"sow-icon-ionicons\" data-sow-icon=\"&#xf218;\"\n\t\t \n\t\taria-hidden=\"true\"><\/span>\t\t\t\t\t\t\t<\/div>\n\t\t\t\t\t\t\t<div class=\"sow-accordion-close-button\">\n\t\t\t\t\t\t\t\t<span class=\"sow-icon-ionicons\" data-sow-icon=\"&#xf209;\"\n\t\t \n\t\taria-hidden=\"true\"><\/span>\t\t\t\t\t\t\t<\/div>\n\t\t\t\t\t\t<\/div>\n\t\t\t\t\t<\/div>\n\t\t\t\t<\/div>\n\n\t\t\t<div\n\t\t\t\tclass=\"sow-accordion-panel-content\"\n\t\t\t\trole=\"region\"\n\t\t\t\taria-labelledby=\"accordion-label-therapy%c2%b4s-objective\"\n\t\t\t\tid=\"accordion-content-therapy%c2%b4s-objective\"\n\t\t\t\tstyle=\"display: none;\"\t\t\t>\n\t\t\t\t<div class=\"sow-accordion-panel-border\">\n\t\t\t\t\t<ul>\n<li style=\"font-weight: 400;\" aria-level=\"1\">Reducir la inflamaci\u00f3n<\/li>\n<li style=\"font-weight: 400;\" aria-level=\"1\">Inmunorregulaci\u00f3n<\/li>\n<li style=\"font-weight: 400;\" aria-level=\"1\">Potenciar los mecanismos de reparaci\u00f3n tisular de nuestro cuerpo<\/li>\n<li style=\"font-weight: 400;\" aria-level=\"1\">Angiog\u00e9nesis<\/li>\n<li style=\"font-weight: 400;\" aria-level=\"1\">Prevenir la adici\u00f3n de tejido fibroso (tejido cicatricial)<\/li>\n<\/ul>\n\t\t\t\t<\/div>\n\t\t\t<\/div>\n\t\t<\/div>\n\t\t<\/div>\n<\/div>\n<\/div><\/div><\/div><\/div><\/div><\/div><\/div><\/div><\/div><\/div><div id=\"pg-251-3\"  class=\"panel-grid panel-has-style\" ><div class=\"siteorigin-panels-stretch panel-row-style-full-width panel-row-style panel-row-style-for-251-3\" data-stretch-type=\"full-width-stretch\" ><div id=\"pgc-251-3-0\"  class=\"panel-grid-cell\" ><div id=\"panel-251-3-0-0\" class=\"so-panel widget widget_siteorigin-panels-builder panel-first-child panel-last-child\" data-index=\"3\" ><div id=\"pl-w64f7b465c2c9b\"  class=\"panel-layout\" ><div id=\"pg-w64f7b465c2c9b-0\"  class=\"panel-grid panel-has-style\" ><div class=\"padding-interno panel-row-style panel-row-style-for-w64f7b465c2c9b-0\" ><div id=\"pgc-w64f7b465c2c9b-0-0\"  class=\"panel-grid-cell\" ><div id=\"panel-w64f7b465c2c9b-0-0-0\" class=\"so-panel widget widget_siteorigin-panels-builder panel-first-child panel-last-child\" data-index=\"0\" ><div id=\"pl-w64f7b465c2cd0\"  class=\"panel-layout\" ><div id=\"pg-w64f7b465c2cd0-0\"  class=\"panel-grid panel-has-style\" ><div class=\"panel-row-style panel-row-style-for-w64f7b465c2cd0-0\" ><div id=\"pgc-w64f7b465c2cd0-0-0\"  class=\"panel-grid-cell\" ><div id=\"panel-w64f7b465c2cd0-0-0-0\" class=\"so-panel widget widget_sow-editor panel-first-child\" data-index=\"0\" ><div\n\t\t\t\n\t\t\tclass=\"so-widget-sow-editor so-widget-sow-editor-base\"\n\t\t\t\n\t\t>\n<div class=\"siteorigin-widget-tinymce textwidget\">\n\t<h2>Procedimiento<\/h2>\n<p><span style=\"font-weight: 400;\">Todos los planes de tratamiento personalizados se basan en el diagn\u00f3stico espec\u00edfico y\/o la condici\u00f3n actual del paciente.<\/span><\/p>\n<p><span style=\"font-weight: 400;\">Los tratamientos para el Dolor Cr\u00f3nico generalmente consisten en la estimulaci\u00f3n sist\u00e9mica a trav\u00e9s de terapia IV y, si la condici\u00f3n lo indica, estimulaci\u00f3n local con inyecci\u00f3n in situ de c\u00e9lulas troncales mesenquimales en combinaci\u00f3n con plasma rico en plaquetas aut\u00f3logo (PRPa), logrando una estimulaci\u00f3n directa.<\/span><\/p>\n<p><span style=\"font-weight: 400;\">Todos los procedimientos espec\u00edficos se explican en detalle durante la consulta con el Dr. Fonseca.<\/span><\/p>\n<\/div>\n<\/div><\/div><div id=\"panel-w64f7b465c2cd0-0-0-1\" class=\"so-panel widget widget_sow-button panel-last-child\" data-index=\"1\" ><div\n\t\t\t\n\t\t\tclass=\"so-widget-sow-button so-widget-sow-button-flat-8acf1d8364f0\"\n\t\t\t\n\t\t><div class=\"ow-button-base ow-button-align-left\"\n>\n\t\t\t<a\n\t\t\t\t\thref=\"https:\/\/www.beyondcellcare.com\/es\/faqs\/\"\n\t\t\t\t\tclass=\"sowb-button ow-icon-placement-left ow-button-hover\" \t>\n\t\t<span>\n\t\t\t\n\t\t\tCONOCE M\u00c1S\t\t<\/span>\n\t\t\t<\/a>\n\t<\/div>\n<\/div><\/div><\/div><\/div><\/div><\/div><\/div><\/div><div id=\"pgc-w64f7b465c2c9b-0-1\"  class=\"panel-grid-cell\" ><div id=\"panel-w64f7b465c2c9b-0-1-0\" class=\"so-panel widget widget_sow-image panel-first-child panel-last-child\" data-index=\"1\" ><div\n\t\t\t\n\t\t\tclass=\"so-widget-sow-image so-widget-sow-image-default-8b5b6f678277\"\n\t\t\t\n\t\t>\n<div class=\"sow-image-container\">\n\t\t<img \n\tsrc=\"https:\/\/www.beyondcellcare.com\/wp-content\/uploads\/2023\/08\/image-service-8.jpg\" width=\"780\" height=\"520\" srcset=\"https:\/\/www.beyondcellcare.com\/wp-content\/uploads\/2023\/08\/image-service-8.jpg 780w, https:\/\/www.beyondcellcare.com\/wp-content\/uploads\/2023\/08\/image-service-8-300x200.jpg 300w, https:\/\/www.beyondcellcare.com\/wp-content\/uploads\/2023\/08\/image-service-8-768x512.jpg 768w, https:\/\/www.beyondcellcare.com\/wp-content\/uploads\/2023\/08\/image-service-8-272x182.jpg 272w\" sizes=\"(max-width: 780px) 100vw, 780px\" title=\"image service 8\" alt=\"\" \t\tclass=\"so-widget-image\"\/>\n\t<\/div>\n\n<\/div><\/div><\/div><\/div><\/div><\/div><\/div><\/div><\/div><\/div><\/div>","protected":false},"excerpt":{"rendered":"<p>TREATMENT CHRONIC PAIN The last study conducted by the National Health Interview Survey in the U.S. found that 50.2 million adults (20.5%) reported pain on most days or every day. Chronic pain is associated with reduced quality of life, increased medical expenditures, and significant economic costs. There are many causes of chronic pain such as [&hellip;]<\/p>\n","protected":false},"author":2,"featured_media":0,"parent":76,"menu_order":0,"comment_status":"closed","ping_status":"closed","template":"templates\/template-full-notitle.php","meta":{"inline_featured_image":false,"footnotes":""},"class_list":["post-251","page","type-page","status-publish","hentry","post"],"_links":{"self":[{"href":"https:\/\/www.beyondcellcare.com\/es\/wp-json\/wp\/v2\/pages\/251","targetHints":{"allow":["GET"]}}],"collection":[{"href":"https:\/\/www.beyondcellcare.com\/es\/wp-json\/wp\/v2\/pages"}],"about":[{"href":"https:\/\/www.beyondcellcare.com\/es\/wp-json\/wp\/v2\/types\/page"}],"author":[{"embeddable":true,"href":"https:\/\/www.beyondcellcare.com\/es\/wp-json\/wp\/v2\/users\/2"}],"replies":[{"embeddable":true,"href":"https:\/\/www.beyondcellcare.com\/es\/wp-json\/wp\/v2\/comments?post=251"}],"version-history":[{"count":0,"href":"https:\/\/www.beyondcellcare.com\/es\/wp-json\/wp\/v2\/pages\/251\/revisions"}],"up":[{"embeddable":true,"href":"https:\/\/www.beyondcellcare.com\/es\/wp-json\/wp\/v2\/pages\/76"}],"wp:attachment":[{"href":"https:\/\/www.beyondcellcare.com\/es\/wp-json\/wp\/v2\/media?parent=251"}],"curies":[{"name":"wp","href":"https:\/\/api.w.org\/{rel}","templated":true}]}}