{"id":262,"date":"2023-08-31T12:54:52","date_gmt":"2023-08-31T18:54:52","guid":{"rendered":"https:\/\/www.beyondcellcare.com\/?page_id=262"},"modified":"2024-12-04T16:27:17","modified_gmt":"2024-12-04T22:27:17","slug":"neurological","status":"publish","type":"page","link":"https:\/\/www.beyondcellcare.com\/es\/services-treatments\/neurological\/","title":{"rendered":"Neurol\u00f3gicos"},"content":{"rendered":"<div id=\"pl-262\"  class=\"panel-layout\" ><div id=\"pg-262-0\"  class=\"panel-grid panel-has-style\" ><div class=\"siteorigin-panels-stretch panel-row-style-full-width panel-row-style panel-row-style-for-262-0\" data-stretch-type=\"full-width-stretch\" ><div id=\"pgc-262-0-0\"  class=\"panel-grid-cell\" ><div id=\"panel-262-0-0-0\" class=\"so-panel widget widget_siteorigin-panels-builder panel-first-child panel-last-child\" data-index=\"0\" ><div id=\"pl-w650347c5b25e4\"  class=\"panel-layout\" ><div id=\"pg-w650347c5b25e4-0\"  class=\"panel-grid panel-has-style\" ><div class=\"padding-interno panel-row-style panel-row-style-for-w650347c5b25e4-0\" ><div id=\"pgc-w650347c5b25e4-0-0\"  class=\"panel-grid-cell\" ><div id=\"panel-w650347c5b25e4-0-0-0\" class=\"so-panel widget widget_sow-image panel-first-child panel-last-child\" data-index=\"0\" ><div class=\"services-img panel-widget-style panel-widget-style-for-w650347c5b25e4-0-0-0\" ><div\n\t\t\t\n\t\t\tclass=\"so-widget-sow-image so-widget-sow-image-default-8b5b6f678277\"\n\t\t\t\n\t\t>\n<div class=\"sow-image-container\">\n\t\t<img \n\tsrc=\"https:\/\/www.beyondcellcare.com\/wp-content\/uploads\/2023\/09\/Neurological.svg\" width=\"178\" height=\"198\" sizes=\"(max-width: 178px) 100vw, 178px\" alt=\"\" \t\tclass=\"so-widget-image\"\/>\n\t<\/div>\n\n<\/div><\/div><\/div><\/div><div id=\"pgc-w650347c5b25e4-0-1\"  class=\"panel-grid-cell\" ><div id=\"panel-w650347c5b25e4-0-1-0\" class=\"so-panel widget widget_sow-editor panel-first-child panel-last-child\" data-index=\"1\" ><div class=\"services-info panel-widget-style panel-widget-style-for-w650347c5b25e4-0-1-0\" ><div\n\t\t\t\n\t\t\tclass=\"so-widget-sow-editor so-widget-sow-editor-base\"\n\t\t\t\n\t\t>\n<div class=\"siteorigin-widget-tinymce textwidget\">\n\t<p><span style=\"color:#F4C64D\">Tratamiento<\/span><\/p>\n<h1 style=\"margin-top: .5rem;margin-bottom: .5rem;\">Neurol\u00f3gicos<\/h1>\n<\/div>\n<\/div><\/div><\/div><\/div><\/div><\/div><\/div><\/div><\/div><\/div><\/div><div id=\"pg-262-1\"  class=\"panel-grid panel-has-style\" ><div class=\"siteorigin-panels-stretch panel-row-style-full-width panel-row-style panel-row-style-for-262-1\" data-stretch-type=\"full-width-stretch\" ><div id=\"pgc-262-1-0\"  class=\"panel-grid-cell\" ><div id=\"panel-262-1-0-0\" class=\"so-panel widget widget_siteorigin-panels-builder panel-first-child panel-last-child\" data-index=\"1\" ><div id=\"pl-w64f7b49288ee4\"  class=\"panel-layout\" ><div id=\"pg-w64f7b49288ee4-0\"  class=\"panel-grid panel-has-style\" ><div class=\"padding-interno panel-row-style panel-row-style-for-w64f7b49288ee4-0\" ><div id=\"pgc-w64f7b49288ee4-0-0\"  class=\"panel-grid-cell\" ><div id=\"panel-w64f7b49288ee4-0-0-0\" class=\"so-panel widget widget_sow-image panel-first-child panel-last-child\" data-index=\"0\" ><div\n\t\t\t\n\t\t\tclass=\"so-widget-sow-image so-widget-sow-image-default-8b5b6f678277\"\n\t\t\t\n\t\t>\n<div class=\"sow-image-container\">\n\t\t<img \n\tsrc=\"https:\/\/www.beyondcellcare.com\/wp-content\/uploads\/2023\/08\/NEUROLOGICAL-1-1.jpg\" width=\"757\" height=\"471\" srcset=\"https:\/\/www.beyondcellcare.com\/wp-content\/uploads\/2023\/08\/NEUROLOGICAL-1-1.jpg 757w, https:\/\/www.beyondcellcare.com\/wp-content\/uploads\/2023\/08\/NEUROLOGICAL-1-1-300x187.jpg 300w, https:\/\/www.beyondcellcare.com\/wp-content\/uploads\/2023\/08\/NEUROLOGICAL-1-1-436x272.jpg 436w\" sizes=\"(max-width: 757px) 100vw, 757px\" title=\"NEUROLOGICAL 1\" alt=\"\" \t\tclass=\"so-widget-image\"\/>\n\t<\/div>\n\n<\/div><\/div><\/div><div id=\"pgc-w64f7b49288ee4-0-1\"  class=\"panel-grid-cell\" ><div id=\"panel-w64f7b49288ee4-0-1-0\" class=\"so-panel widget widget_siteorigin-panels-builder panel-first-child panel-last-child\" data-index=\"1\" ><div id=\"pl-w64f7b49288f1e\"  class=\"panel-layout\" ><div id=\"pg-w64f7b49288f1e-0\"  class=\"panel-grid panel-has-style\" ><div class=\"panel-row-style panel-row-style-for-w64f7b49288f1e-0\" ><div id=\"pgc-w64f7b49288f1e-0-0\"  class=\"panel-grid-cell\" ><div id=\"panel-w64f7b49288f1e-0-0-0\" class=\"so-panel widget widget_sow-editor panel-first-child\" data-index=\"0\" ><div\n\t\t\t\n\t\t\tclass=\"so-widget-sow-editor so-widget-sow-editor-base\"\n\t\t\t\n\t\t>\n<div class=\"siteorigin-widget-tinymce textwidget\">\n\t<p><span style=\"font-weight: 400;\">Los trastornos neurol\u00f3gicos comprenden todas las enfermedades relacionadas con el cerebro, la columna vertebral y los nervios que los conectan. Estos trastornos generalmente se pueden dividir en varios tipos: aquellos en los que c\u00e9lulas espec\u00edficas degeneran con el tiempo, como el Parkinson, la enfermedad de Alzheimer y la demencia; aquellos en los que las c\u00e9lulas resultan da\u00f1adas por una 'lesi\u00f3n aguda', como el accidente cerebrovascular, la lesi\u00f3n cerebral traum\u00e1tica o la lesi\u00f3n de la m\u00e9dula espinal; y aquellos en los que la funci\u00f3n celular est\u00e1 deteriorada, pero puede que no ocurra la muerte celular, como la epilepsia.<\/span><\/p>\n<p><span style=\"font-weight: 400;\">Un trastorno neurol\u00f3gico no necesariamente se limita solo al cerebro. Puede afectar cualquier parte del sistema nervioso del cuerpo. Esto puede incluir la estructura f\u00edsica b\u00e1sica, la bioqu\u00edmica o el funcionamiento el\u00e9ctrico del cerebro, la m\u00e9dula espinal, cualquier nervio relacionado con ellos o cualquier tipo de c\u00e9lula en el sistema nervioso.<\/span><\/p>\n<\/div>\n<\/div><\/div><div id=\"panel-w64f7b49288f1e-0-0-1\" class=\"so-panel widget widget_sow-button panel-last-child\" data-index=\"1\" ><div\n\t\t\t\n\t\t\tclass=\"so-widget-sow-button so-widget-sow-button-flat-8acf1d8364f0\"\n\t\t\t\n\t\t><div class=\"ow-button-base ow-button-align-left\"\n>\n\t\t\t<a\n\t\t\t\t\thref=\"https:\/\/www.beyondcellcare.com\/es\/contact\/\"\n\t\t\t\t\tclass=\"sowb-button ow-icon-placement-left ow-button-hover\" \t>\n\t\t<span>\n\t\t\t\n\t\t\tCONTACTA CON UN EXPERTO\t\t<\/span>\n\t\t\t<\/a>\n\t<\/div>\n<\/div><\/div><\/div><\/div><\/div><\/div><\/div><\/div><\/div><\/div><\/div><\/div><\/div><\/div><\/div><div id=\"pg-262-2\"  class=\"panel-grid panel-has-style\" ><div class=\"siteorigin-panels-stretch panel-row-style-full-width panel-row-style panel-row-style-for-262-2\" data-stretch-type=\"full-width-stretch\" ><div id=\"pgc-262-2-0\"  class=\"panel-grid-cell\" ><div id=\"panel-262-2-0-0\" class=\"so-panel widget widget_siteorigin-panels-builder panel-first-child panel-last-child\" data-index=\"2\" ><div id=\"pl-w6750d7455f651\"  class=\"panel-layout\" ><div id=\"pg-w6750d7455f651-0\"  class=\"panel-grid panel-has-style\" ><div class=\"padding-interno panel-row-style panel-row-style-for-w6750d7455f651-0\" ><div id=\"pgc-w6750d7455f651-0-0\"  class=\"panel-grid-cell\" ><div id=\"panel-w6750d7455f651-0-0-0\" class=\"so-panel widget widget_sow-accordion panel-first-child panel-last-child\" data-index=\"0\" ><div\n\t\t\t\n\t\t\tclass=\"so-widget-sow-accordion so-widget-sow-accordion-default-97fc7d2d05b3\"\n\t\t\t\n\t\t><div>\n\t<div class=\"sow-accordion\">\n\t\t\t<div class=\"sow-accordion-panel\"\n\t\t\t\tdata-anchor-id=\"what-conditions-can-benefit-from-stem-cell-therapy\">\n\t\t\t\t\t<div class=\"sow-accordion-panel-header-container\" role=\"heading\" aria-level=\"2\">\n\t\t\t\t\t<div class=\"sow-accordion-panel-header\" tabindex=\"0\" role=\"button\" id=\"accordion-label-what-conditions-can-benefit-from-stem-cell-therapy\" aria-controls=\"accordion-content-what-conditions-can-benefit-from-stem-cell-therapy\" aria-expanded=\"false\">\n\t\t\t\t\t\t<div class=\"sow-accordion-title sow-accordion-title-icon-left\">\n\t\t\t\t\t\t\t\t\t\t\t\t\t\t<span id=\"view-more\">\u00bfQu\u00e9 condiciones pueden beneficiarse de la terapia celular?<\/span>\t\t\t\t\t\t\t\t\t\t\t\t\t<\/div>\n\t\t\t\t\t\t<div class=\"sow-accordion-open-close-button\">\n\t\t\t\t\t\t\t<div class=\"sow-accordion-open-button\">\n\t\t\t\t\t\t\t\t<span class=\"sow-icon-ionicons\" data-sow-icon=\"&#xf218;\"\n\t\t \n\t\taria-hidden=\"true\"><\/span>\t\t\t\t\t\t\t<\/div>\n\t\t\t\t\t\t\t<div class=\"sow-accordion-close-button\">\n\t\t\t\t\t\t\t\t<span class=\"sow-icon-ionicons\" data-sow-icon=\"&#xf209;\"\n\t\t \n\t\taria-hidden=\"true\"><\/span>\t\t\t\t\t\t\t<\/div>\n\t\t\t\t\t\t<\/div>\n\t\t\t\t\t<\/div>\n\t\t\t\t<\/div>\n\n\t\t\t<div\n\t\t\t\tclass=\"sow-accordion-panel-content\"\n\t\t\t\trole=\"region\"\n\t\t\t\taria-labelledby=\"accordion-label-what-conditions-can-benefit-from-stem-cell-therapy\"\n\t\t\t\tid=\"accordion-content-what-conditions-can-benefit-from-stem-cell-therapy\"\n\t\t\t\tstyle=\"display: none;\"\t\t\t>\n\t\t\t\t<div class=\"sow-accordion-panel-border\">\n\t\t\t\t\t<ul>\n<li style=\"font-weight: 400;\" aria-level=\"1\"><span style=\"font-weight: 400;\">Accidente cerebrovascular<\/span><\/li>\n<li style=\"font-weight: 400;\" aria-level=\"1\"><span style=\"font-weight: 400;\">Enfermedad de Alzheimer<\/span><\/li>\n<li style=\"font-weight: 400;\" aria-level=\"1\"><span style=\"font-weight: 400;\">Demencia<\/span><\/li>\n<li style=\"font-weight: 400;\" aria-level=\"1\"><span style=\"font-weight: 400;\">Epilepsia<\/span><\/li>\n<li style=\"font-weight: 400;\" aria-level=\"1\"><span style=\"font-weight: 400;\">Autismo<\/span><\/li>\n<li style=\"font-weight: 400;\" aria-level=\"1\"><span style=\"font-weight: 400;\">Lesi\u00f3n cerebral traum\u00e1tica<\/span><\/li>\n<li style=\"font-weight: 400;\" aria-level=\"1\"><span style=\"font-weight: 400;\">Esclerosis M\u00faltiple (EM)<\/span><\/li>\n<li style=\"font-weight: 400;\" aria-level=\"1\"><span style=\"font-weight: 400;\">Esclerosis Lateral Amiotr\u00f3fica (ELA)<\/span><\/li>\n<li style=\"font-weight: 400;\" aria-level=\"1\"><span style=\"font-weight: 400;\">Neuropat\u00eda<\/span><\/li>\n<li style=\"font-weight: 400;\" aria-level=\"1\"><span style=\"font-weight: 400;\">Lesi\u00f3n de la m\u00e9dula espinal<\/span><\/li>\n<\/ul>\n\t\t\t\t<\/div>\n\t\t\t<\/div>\n\t\t<\/div>\n\t\t\t<div class=\"sow-accordion-panel\"\n\t\t\t\tdata-anchor-id=\"therapys-objective\">\n\t\t\t\t\t<div class=\"sow-accordion-panel-header-container\" role=\"heading\" aria-level=\"2\">\n\t\t\t\t\t<div class=\"sow-accordion-panel-header\" tabindex=\"0\" role=\"button\" id=\"accordion-label-therapy%c2%b4s-objective\" aria-controls=\"accordion-content-therapy%c2%b4s-objective\" aria-expanded=\"false\">\n\t\t\t\t\t\t<div class=\"sow-accordion-title sow-accordion-title-icon-left\">\n\t\t\t\t\t\t\t\t\t\t\t\t\t\t<span id=\"view-more\">Objetivo de la terapia:<\/span>\t\t\t\t\t\t\t\t\t\t\t\t\t<\/div>\n\t\t\t\t\t\t<div class=\"sow-accordion-open-close-button\">\n\t\t\t\t\t\t\t<div class=\"sow-accordion-open-button\">\n\t\t\t\t\t\t\t\t<span class=\"sow-icon-ionicons\" data-sow-icon=\"&#xf218;\"\n\t\t \n\t\taria-hidden=\"true\"><\/span>\t\t\t\t\t\t\t<\/div>\n\t\t\t\t\t\t\t<div class=\"sow-accordion-close-button\">\n\t\t\t\t\t\t\t\t<span class=\"sow-icon-ionicons\" data-sow-icon=\"&#xf209;\"\n\t\t \n\t\taria-hidden=\"true\"><\/span>\t\t\t\t\t\t\t<\/div>\n\t\t\t\t\t\t<\/div>\n\t\t\t\t\t<\/div>\n\t\t\t\t<\/div>\n\n\t\t\t<div\n\t\t\t\tclass=\"sow-accordion-panel-content\"\n\t\t\t\trole=\"region\"\n\t\t\t\taria-labelledby=\"accordion-label-therapy%c2%b4s-objective\"\n\t\t\t\tid=\"accordion-content-therapy%c2%b4s-objective\"\n\t\t\t\tstyle=\"display: none;\"\t\t\t>\n\t\t\t\t<div class=\"sow-accordion-panel-border\">\n\t\t\t\t\t<ul>\n<li style=\"font-weight: 400;\" aria-level=\"1\"><span style=\"font-weight: 400;\">Reducir la neuroinflamaci\u00f3n<\/span><\/li>\n<li style=\"font-weight: 400;\" aria-level=\"1\"><span style=\"font-weight: 400;\">Inmunorregulaci\u00f3n<\/span><\/li>\n<li style=\"font-weight: 400;\" aria-level=\"1\"><span style=\"font-weight: 400;\">Regulaci\u00f3n de neurotransmisores<\/span><\/li>\n<li style=\"font-weight: 400;\" aria-level=\"1\"><span style=\"font-weight: 400;\">Limitar la extensi\u00f3n de la lesi\u00f3n tisular<\/span><\/li>\n<li style=\"font-weight: 400;\" aria-level=\"1\"><span style=\"font-weight: 400;\">Potenciar los mecanismos de reparaci\u00f3n tisular de nuestro cuerpo<\/span><\/li>\n<li style=\"font-weight: 400;\" aria-level=\"1\"><span style=\"font-weight: 400;\">Reducir la neurodegeneraci\u00f3n<\/span><\/li>\n<li style=\"font-weight: 400;\" aria-level=\"1\"><span style=\"font-weight: 400;\">Aumentar la funcionalidad<\/span><\/li>\n<li style=\"font-weight: 400;\" aria-level=\"1\"><span style=\"font-weight: 400;\">Angiog\u00e9nesis<\/span><\/li>\n<li style=\"font-weight: 400;\" aria-level=\"1\"><span style=\"font-weight: 400;\">Neuroregeneraci\u00f3n<\/span><\/li>\n<\/ul>\n\t\t\t\t<\/div>\n\t\t\t<\/div>\n\t\t<\/div>\n\t\t<\/div>\n<\/div>\n<\/div><\/div><\/div><\/div><\/div><\/div><\/div><\/div><\/div><\/div><div id=\"pg-262-3\"  class=\"panel-grid panel-has-style\" ><div class=\"siteorigin-panels-stretch panel-row-style-full-width panel-row-style panel-row-style-for-262-3\" data-stretch-type=\"full-width-stretch\" ><div id=\"pgc-262-3-0\"  class=\"panel-grid-cell\" ><div id=\"panel-262-3-0-0\" class=\"so-panel widget widget_siteorigin-panels-builder panel-first-child panel-last-child\" data-index=\"3\" ><div id=\"pl-w64f7b4928ab43\"  class=\"panel-layout\" ><div id=\"pg-w64f7b4928ab43-0\"  class=\"panel-grid panel-has-style\" ><div class=\"padding-interno panel-row-style panel-row-style-for-w64f7b4928ab43-0\" ><div id=\"pgc-w64f7b4928ab43-0-0\"  class=\"panel-grid-cell\" ><div id=\"panel-w64f7b4928ab43-0-0-0\" class=\"so-panel widget widget_siteorigin-panels-builder panel-first-child panel-last-child\" data-index=\"0\" ><div id=\"pl-w64f7b4928ab73\"  class=\"panel-layout\" ><div id=\"pg-w64f7b4928ab73-0\"  class=\"panel-grid panel-has-style\" ><div class=\"panel-row-style panel-row-style-for-w64f7b4928ab73-0\" ><div id=\"pgc-w64f7b4928ab73-0-0\"  class=\"panel-grid-cell\" ><div id=\"panel-w64f7b4928ab73-0-0-0\" class=\"so-panel widget widget_sow-editor panel-first-child\" data-index=\"0\" ><div\n\t\t\t\n\t\t\tclass=\"so-widget-sow-editor so-widget-sow-editor-base\"\n\t\t\t\n\t\t>\n<div class=\"siteorigin-widget-tinymce textwidget\">\n\t<h2>Procedimiento<\/h2>\n<p><span style=\"font-weight: 400;\">Todos los planes de tratamiento personalizados se basan en el diagn\u00f3stico espec\u00edfico y\/o la condici\u00f3n actual del paciente.<\/span><\/p>\n<p><span style=\"font-weight: 400;\">Los tratamientos neurol\u00f3gicos generalmente consisten en la combinaci\u00f3n de estimulaci\u00f3n sist\u00e9mica a trav\u00e9s de terapia IV junto con la estimulaci\u00f3n del Sistema Nervioso Central (SNC) mediante una inyecci\u00f3n intratecal y\/o aplicaci\u00f3n de Exosomas Intranasales (MSC-Exo).<\/span><\/p>\n<p><span style=\"font-weight: 400;\">Todos los procedimientos espec\u00edficos se explican en detalle durante la consulta con el Dr. Fonseca.<\/span><\/p>\n<\/div>\n<\/div><\/div><div id=\"panel-w64f7b4928ab73-0-0-1\" class=\"so-panel widget widget_sow-button panel-last-child\" data-index=\"1\" ><div\n\t\t\t\n\t\t\tclass=\"so-widget-sow-button so-widget-sow-button-flat-8acf1d8364f0\"\n\t\t\t\n\t\t><div class=\"ow-button-base ow-button-align-left\"\n>\n\t\t\t<a\n\t\t\t\t\thref=\"https:\/\/www.beyondcellcare.com\/es\/faqs\/\"\n\t\t\t\t\tclass=\"sowb-button ow-icon-placement-left ow-button-hover\" \t>\n\t\t<span>\n\t\t\t\n\t\t\tCONOCE M\u00c1S\t\t<\/span>\n\t\t\t<\/a>\n\t<\/div>\n<\/div><\/div><\/div><\/div><\/div><\/div><\/div><\/div><div id=\"pgc-w64f7b4928ab43-0-1\"  class=\"panel-grid-cell\" ><div id=\"panel-w64f7b4928ab43-0-1-0\" class=\"so-panel widget widget_sow-image panel-first-child panel-last-child\" data-index=\"1\" ><div\n\t\t\t\n\t\t\tclass=\"so-widget-sow-image so-widget-sow-image-default-8b5b6f678277\"\n\t\t\t\n\t\t>\n<div class=\"sow-image-container\">\n\t\t<img \n\tsrc=\"https:\/\/www.beyondcellcare.com\/wp-content\/uploads\/2023\/08\/image-service-8.jpg\" width=\"780\" height=\"520\" srcset=\"https:\/\/www.beyondcellcare.com\/wp-content\/uploads\/2023\/08\/image-service-8.jpg 780w, https:\/\/www.beyondcellcare.com\/wp-content\/uploads\/2023\/08\/image-service-8-300x200.jpg 300w, https:\/\/www.beyondcellcare.com\/wp-content\/uploads\/2023\/08\/image-service-8-768x512.jpg 768w, https:\/\/www.beyondcellcare.com\/wp-content\/uploads\/2023\/08\/image-service-8-272x182.jpg 272w\" sizes=\"(max-width: 780px) 100vw, 780px\" title=\"image service 8\" alt=\"\" \t\tclass=\"so-widget-image\"\/>\n\t<\/div>\n\n<\/div><\/div><\/div><\/div><\/div><\/div><\/div><\/div><\/div><\/div><\/div>","protected":false},"excerpt":{"rendered":"<p>TREATMENT NEUROLOGICAL Neurological disorders are all types of diseases related to the brain, the spine and the nerves that connect them. These disorders can generally be divided into several types; Those in which specific cells are degenerated over time such as Parkinson\u2019s, Alzheimer\u2019s disease and Dementia; Those in which cells are damaged in response to [&hellip;]<\/p>\n","protected":false},"author":2,"featured_media":0,"parent":76,"menu_order":0,"comment_status":"closed","ping_status":"closed","template":"templates\/template-full-notitle.php","meta":{"inline_featured_image":false,"footnotes":""},"class_list":["post-262","page","type-page","status-publish","hentry","post"],"_links":{"self":[{"href":"https:\/\/www.beyondcellcare.com\/es\/wp-json\/wp\/v2\/pages\/262","targetHints":{"allow":["GET"]}}],"collection":[{"href":"https:\/\/www.beyondcellcare.com\/es\/wp-json\/wp\/v2\/pages"}],"about":[{"href":"https:\/\/www.beyondcellcare.com\/es\/wp-json\/wp\/v2\/types\/page"}],"author":[{"embeddable":true,"href":"https:\/\/www.beyondcellcare.com\/es\/wp-json\/wp\/v2\/users\/2"}],"replies":[{"embeddable":true,"href":"https:\/\/www.beyondcellcare.com\/es\/wp-json\/wp\/v2\/comments?post=262"}],"version-history":[{"count":0,"href":"https:\/\/www.beyondcellcare.com\/es\/wp-json\/wp\/v2\/pages\/262\/revisions"}],"up":[{"embeddable":true,"href":"https:\/\/www.beyondcellcare.com\/es\/wp-json\/wp\/v2\/pages\/76"}],"wp:attachment":[{"href":"https:\/\/www.beyondcellcare.com\/es\/wp-json\/wp\/v2\/media?parent=262"}],"curies":[{"name":"wp","href":"https:\/\/api.w.org\/{rel}","templated":true}]}}