{"id":267,"date":"2023-08-31T12:59:59","date_gmt":"2023-08-31T18:59:59","guid":{"rendered":"https:\/\/www.beyondcellcare.com\/?page_id=267"},"modified":"2024-12-04T16:27:55","modified_gmt":"2024-12-04T22:27:55","slug":"ophthalmological","status":"publish","type":"page","link":"https:\/\/www.beyondcellcare.com\/es\/services-treatments\/ophthalmological\/","title":{"rendered":"Tratamientos Oftalmol\u00f3gicos"},"content":{"rendered":"<div id=\"pl-267\"  class=\"panel-layout\" ><div id=\"pg-267-0\"  class=\"panel-grid panel-has-style\" ><div class=\"siteorigin-panels-stretch panel-row-style-full-width panel-row-style panel-row-style-for-267-0\" data-stretch-type=\"full-width-stretch\" ><div id=\"pgc-267-0-0\"  class=\"panel-grid-cell\" ><div id=\"panel-267-0-0-0\" class=\"so-panel widget widget_siteorigin-panels-builder panel-first-child panel-last-child\" data-index=\"0\" ><div id=\"pl-w650347e57dae5\"  class=\"panel-layout\" ><div id=\"pg-w650347e57dae5-0\"  class=\"panel-grid panel-has-style\" ><div class=\"padding-interno panel-row-style panel-row-style-for-w650347e57dae5-0\" ><div id=\"pgc-w650347e57dae5-0-0\"  class=\"panel-grid-cell\" ><div id=\"panel-w650347e57dae5-0-0-0\" class=\"so-panel widget widget_sow-image panel-first-child panel-last-child\" data-index=\"0\" ><div class=\"services-img panel-widget-style panel-widget-style-for-w650347e57dae5-0-0-0\" ><div\n\t\t\t\n\t\t\tclass=\"so-widget-sow-image so-widget-sow-image-default-8b5b6f678277\"\n\t\t\t\n\t\t>\n<div class=\"sow-image-container\">\n\t\t<img \n\tsrc=\"https:\/\/www.beyondcellcare.com\/wp-content\/uploads\/2023\/09\/Ophthalmological.svg\" width=\"238\" height=\"198\" sizes=\"(max-width: 238px) 100vw, 238px\" alt=\"\" \t\tclass=\"so-widget-image\"\/>\n\t<\/div>\n\n<\/div><\/div><\/div><\/div><div id=\"pgc-w650347e57dae5-0-1\"  class=\"panel-grid-cell\" ><div id=\"panel-w650347e57dae5-0-1-0\" class=\"so-panel widget widget_sow-editor panel-first-child panel-last-child\" data-index=\"1\" ><div class=\"services-info ophthalmological panel-widget-style panel-widget-style-for-w650347e57dae5-0-1-0\" ><div\n\t\t\t\n\t\t\tclass=\"so-widget-sow-editor so-widget-sow-editor-base\"\n\t\t\t\n\t\t>\n<div class=\"siteorigin-widget-tinymce textwidget\">\n\t<p><span style=\"color:#F4C64D\">Tratamiento<\/span><\/p>\n<h1 style=\"margin-top: .5rem;margin-bottom: .5rem;\">Tratamientos Oftalmol\u00f3gicos<\/h1>\n<\/div>\n<\/div><\/div><\/div><\/div><\/div><\/div><\/div><\/div><\/div><\/div><\/div><div id=\"pg-267-1\"  class=\"panel-grid panel-has-style\" ><div class=\"siteorigin-panels-stretch panel-row-style-full-width panel-row-style panel-row-style-for-267-1\" data-stretch-type=\"full-width-stretch\" ><div id=\"pgc-267-1-0\"  class=\"panel-grid-cell\" ><div id=\"panel-267-1-0-0\" class=\"so-panel widget widget_siteorigin-panels-builder panel-first-child panel-last-child\" data-index=\"1\" ><div id=\"pl-w64f7b3fb6290e\"  class=\"panel-layout\" ><div id=\"pg-w64f7b3fb6290e-0\"  class=\"panel-grid panel-has-style\" ><div class=\"padding-interno panel-row-style panel-row-style-for-w64f7b3fb6290e-0\" ><div id=\"pgc-w64f7b3fb6290e-0-0\"  class=\"panel-grid-cell\" ><div id=\"panel-w64f7b3fb6290e-0-0-0\" class=\"so-panel widget widget_sow-image panel-first-child panel-last-child\" data-index=\"0\" ><div\n\t\t\t\n\t\t\tclass=\"so-widget-sow-image so-widget-sow-image-default-8b5b6f678277\"\n\t\t\t\n\t\t>\n<div class=\"sow-image-container\">\n\t\t<img \n\tsrc=\"https:\/\/www.beyondcellcare.com\/wp-content\/uploads\/2023\/08\/OPHTHALMOLOGICAL-1-1.jpg\" width=\"757\" height=\"471\" srcset=\"https:\/\/www.beyondcellcare.com\/wp-content\/uploads\/2023\/08\/OPHTHALMOLOGICAL-1-1.jpg 757w, https:\/\/www.beyondcellcare.com\/wp-content\/uploads\/2023\/08\/OPHTHALMOLOGICAL-1-1-300x187.jpg 300w, https:\/\/www.beyondcellcare.com\/wp-content\/uploads\/2023\/08\/OPHTHALMOLOGICAL-1-1-436x272.jpg 436w\" sizes=\"(max-width: 757px) 100vw, 757px\" title=\"OPHTHALMOLOGICAL 1\" alt=\"\" \t\tclass=\"so-widget-image\"\/>\n\t<\/div>\n\n<\/div><\/div><\/div><div id=\"pgc-w64f7b3fb6290e-0-1\"  class=\"panel-grid-cell\" ><div id=\"panel-w64f7b3fb6290e-0-1-0\" class=\"so-panel widget widget_siteorigin-panels-builder panel-first-child panel-last-child\" data-index=\"1\" ><div id=\"pl-w64f7b3fb62947\"  class=\"panel-layout\" ><div id=\"pg-w64f7b3fb62947-0\"  class=\"panel-grid panel-has-style\" ><div class=\"panel-row-style panel-row-style-for-w64f7b3fb62947-0\" ><div id=\"pgc-w64f7b3fb62947-0-0\"  class=\"panel-grid-cell\" ><div id=\"panel-w64f7b3fb62947-0-0-0\" class=\"so-panel widget widget_sow-editor panel-first-child\" data-index=\"0\" ><div\n\t\t\t\n\t\t\tclass=\"so-widget-sow-editor so-widget-sow-editor-base\"\n\t\t\t\n\t\t>\n<div class=\"siteorigin-widget-tinymce textwidget\">\n\t<p><span style=\"font-weight: 400;\">Existen divisiones en la anatom\u00eda de nuestros ojos llamadas \"C\u00e1maras\" divididas en 3 secciones: anterior, posterior y v\u00edtreo. Cada c\u00e1mara tiene su funci\u00f3n espec\u00edfica y, todas juntas, nos dan la herramienta proporcionada por la naturaleza para apreciar y experimentar nuestro entorno y realidad.<\/span><\/p>\n<p><span style=\"font-weight: 400;\">La terapia celular  ha mostrado resultados prometedores en el tratamiento de varias afecciones oculares. Las enfermedades degenerativas de la c\u00e1mara v\u00edtrea (retina, m\u00e1cula, nervio \u00f3ptico) son el grupo de enfermedades que han mostrado mejores resultados en la investigaci\u00f3n y aplicaciones cl\u00ednicas de c\u00e9lulas troncales mesenquimales; por lo tanto, este es el grupo de enfermedades que se abordar\u00e1n en la terapia.<\/span><\/p>\n<\/div>\n<\/div><\/div><div id=\"panel-w64f7b3fb62947-0-0-1\" class=\"so-panel widget widget_sow-button panel-last-child\" data-index=\"1\" ><div\n\t\t\t\n\t\t\tclass=\"so-widget-sow-button so-widget-sow-button-flat-8acf1d8364f0\"\n\t\t\t\n\t\t><div class=\"ow-button-base ow-button-align-left\"\n>\n\t\t\t<a\n\t\t\t\t\thref=\"https:\/\/www.beyondcellcare.com\/es\/contact\/\"\n\t\t\t\t\tclass=\"sowb-button ow-icon-placement-left ow-button-hover\" \t>\n\t\t<span>\n\t\t\t\n\t\t\tCONTACTA CON UN EXPERTO\t\t<\/span>\n\t\t\t<\/a>\n\t<\/div>\n<\/div><\/div><\/div><\/div><\/div><\/div><\/div><\/div><\/div><\/div><\/div><\/div><\/div><\/div><\/div><div id=\"pg-267-2\"  class=\"panel-grid panel-has-style\" ><div class=\"siteorigin-panels-stretch panel-row-style-full-width panel-row-style panel-row-style-for-267-2\" data-stretch-type=\"full-width-stretch\" ><div id=\"pgc-267-2-0\"  class=\"panel-grid-cell\" ><div id=\"panel-267-2-0-0\" class=\"so-panel widget widget_siteorigin-panels-builder panel-first-child panel-last-child\" data-index=\"2\" ><div id=\"pl-w6750d76b310fe\"  class=\"panel-layout\" ><div id=\"pg-w6750d76b310fe-0\"  class=\"panel-grid panel-has-style\" ><div class=\"padding-interno panel-row-style panel-row-style-for-w6750d76b310fe-0\" ><div id=\"pgc-w6750d76b310fe-0-0\"  class=\"panel-grid-cell\" ><div id=\"panel-w6750d76b310fe-0-0-0\" class=\"so-panel widget widget_sow-accordion panel-first-child panel-last-child\" data-index=\"0\" ><div\n\t\t\t\n\t\t\tclass=\"so-widget-sow-accordion so-widget-sow-accordion-default-97fc7d2d05b3\"\n\t\t\t\n\t\t><div>\n\t<div class=\"sow-accordion\">\n\t\t\t<div class=\"sow-accordion-panel\"\n\t\t\t\tdata-anchor-id=\"what-conditions-can-benefit-from-stem-cell-therapy\">\n\t\t\t\t\t<div class=\"sow-accordion-panel-header-container\" role=\"heading\" aria-level=\"2\">\n\t\t\t\t\t<div class=\"sow-accordion-panel-header\" tabindex=\"0\" role=\"button\" id=\"accordion-label-what-conditions-can-benefit-from-stem-cell-therapy\" aria-controls=\"accordion-content-what-conditions-can-benefit-from-stem-cell-therapy\" aria-expanded=\"false\">\n\t\t\t\t\t\t<div class=\"sow-accordion-title sow-accordion-title-icon-left\">\n\t\t\t\t\t\t\t\t\t\t\t\t\t\t<span id=\"view-more\">\u00bfQu\u00e9 condiciones pueden beneficiarse de la terapia celular?<\/span>\t\t\t\t\t\t\t\t\t\t\t\t\t<\/div>\n\t\t\t\t\t\t<div class=\"sow-accordion-open-close-button\">\n\t\t\t\t\t\t\t<div class=\"sow-accordion-open-button\">\n\t\t\t\t\t\t\t\t<span class=\"sow-icon-ionicons\" data-sow-icon=\"&#xf218;\"\n\t\t \n\t\taria-hidden=\"true\"><\/span>\t\t\t\t\t\t\t<\/div>\n\t\t\t\t\t\t\t<div class=\"sow-accordion-close-button\">\n\t\t\t\t\t\t\t\t<span class=\"sow-icon-ionicons\" data-sow-icon=\"&#xf209;\"\n\t\t \n\t\taria-hidden=\"true\"><\/span>\t\t\t\t\t\t\t<\/div>\n\t\t\t\t\t\t<\/div>\n\t\t\t\t\t<\/div>\n\t\t\t\t<\/div>\n\n\t\t\t<div\n\t\t\t\tclass=\"sow-accordion-panel-content\"\n\t\t\t\trole=\"region\"\n\t\t\t\taria-labelledby=\"accordion-label-what-conditions-can-benefit-from-stem-cell-therapy\"\n\t\t\t\tid=\"accordion-content-what-conditions-can-benefit-from-stem-cell-therapy\"\n\t\t\t\tstyle=\"display: none;\"\t\t\t>\n\t\t\t\t<div class=\"sow-accordion-panel-border\">\n\t\t\t\t\t<ul>\n<li style=\"font-weight: 400;\" aria-level=\"2\"><span style=\"font-weight: 400;\">Da\u00f1o del nervio \u00f3ptico<\/span><\/li>\n<li style=\"font-weight: 400;\" aria-level=\"2\"><span style=\"font-weight: 400;\">Degeneraci\u00f3n retinal<\/span><\/li>\n<li style=\"font-weight: 400;\" aria-level=\"2\"><span style=\"font-weight: 400;\">Degeneraci\u00f3n maculaR<\/span><\/li>\n<li style=\"font-weight: 400;\" aria-level=\"2\"><span style=\"font-weight: 400;\">Retinopat\u00eda diab\u00e9tica<\/span><\/li>\n<li style=\"font-weight: 400;\" aria-level=\"2\"><span style=\"font-weight: 400;\">Retinopat\u00eda de c\u00e9lulas falciformes<\/span><\/li>\n<li style=\"font-weight: 400;\" aria-level=\"2\"><span style=\"font-weight: 400;\">Desgarro retinal<\/span><\/li>\n<li style=\"font-weight: 400;\" aria-level=\"2\"><span style=\"font-weight: 400;\">Retinopat\u00eda isqu\u00e9mica<\/span><\/li>\n<\/ul>\n\t\t\t\t<\/div>\n\t\t\t<\/div>\n\t\t<\/div>\n\t\t\t<div class=\"sow-accordion-panel\"\n\t\t\t\tdata-anchor-id=\"therapys-objective\">\n\t\t\t\t\t<div class=\"sow-accordion-panel-header-container\" role=\"heading\" aria-level=\"2\">\n\t\t\t\t\t<div class=\"sow-accordion-panel-header\" tabindex=\"0\" role=\"button\" id=\"accordion-label-therapy%c2%b4s-objective\" aria-controls=\"accordion-content-therapy%c2%b4s-objective\" aria-expanded=\"false\">\n\t\t\t\t\t\t<div class=\"sow-accordion-title sow-accordion-title-icon-left\">\n\t\t\t\t\t\t\t\t\t\t\t\t\t\t<span id=\"view-more\">Objetivo de la terapia:<\/span>\t\t\t\t\t\t\t\t\t\t\t\t\t<\/div>\n\t\t\t\t\t\t<div class=\"sow-accordion-open-close-button\">\n\t\t\t\t\t\t\t<div class=\"sow-accordion-open-button\">\n\t\t\t\t\t\t\t\t<span class=\"sow-icon-ionicons\" data-sow-icon=\"&#xf218;\"\n\t\t \n\t\taria-hidden=\"true\"><\/span>\t\t\t\t\t\t\t<\/div>\n\t\t\t\t\t\t\t<div class=\"sow-accordion-close-button\">\n\t\t\t\t\t\t\t\t<span class=\"sow-icon-ionicons\" data-sow-icon=\"&#xf209;\"\n\t\t \n\t\taria-hidden=\"true\"><\/span>\t\t\t\t\t\t\t<\/div>\n\t\t\t\t\t\t<\/div>\n\t\t\t\t\t<\/div>\n\t\t\t\t<\/div>\n\n\t\t\t<div\n\t\t\t\tclass=\"sow-accordion-panel-content\"\n\t\t\t\trole=\"region\"\n\t\t\t\taria-labelledby=\"accordion-label-therapy%c2%b4s-objective\"\n\t\t\t\tid=\"accordion-content-therapy%c2%b4s-objective\"\n\t\t\t\tstyle=\"display: none;\"\t\t\t>\n\t\t\t\t<div class=\"sow-accordion-panel-border\">\n\t\t\t\t\t<ul>\n<li style=\"font-weight: 400;\" aria-level=\"2\"><span style=\"font-weight: 400;\">Mejorar o detener la degeneraci\u00f3n de la agudeza visual<\/span><\/li>\n<li style=\"font-weight: 400;\" aria-level=\"2\"><span style=\"font-weight: 400;\">Inmunorregulaci\u00f3n<\/span><\/li>\n<li style=\"font-weight: 400;\" aria-level=\"2\"><span style=\"font-weight: 400;\">Desacelerar la progresi\u00f3n de la enfermedad.<\/span><\/li>\n<li style=\"font-weight: 400;\" aria-level=\"2\"><span style=\"font-weight: 400;\">Reducir la inflamaci\u00f3n<\/span><\/li>\n<li style=\"font-weight: 400;\" aria-level=\"2\"><span style=\"font-weight: 400;\">Potenciar los mecanismos de reparaci\u00f3n tisular de nuestro cuerpo<\/span><\/li>\n<li style=\"font-weight: 400;\" aria-level=\"2\"><span style=\"font-weight: 400;\">Angiog\u00e9nesis<\/span><\/li>\n<li style=\"font-weight: 400;\" aria-level=\"2\"><span style=\"font-weight: 400;\">Prevenir la adici\u00f3n de tejido fibroso (tejido cicatricial)<\/span><\/li>\n<li style=\"font-weight: 400;\" aria-level=\"2\"><span style=\"font-weight: 400;\">Reducir la muerte celular<\/span><\/li>\n<\/ul>\n\t\t\t\t<\/div>\n\t\t\t<\/div>\n\t\t<\/div>\n\t\t<\/div>\n<\/div>\n<\/div><\/div><\/div><\/div><\/div><\/div><\/div><\/div><\/div><\/div><div id=\"pg-267-3\"  class=\"panel-grid panel-has-style\" ><div class=\"siteorigin-panels-stretch panel-row-style-full-width panel-row-style panel-row-style-for-267-3\" data-stretch-type=\"full-width-stretch\" ><div id=\"pgc-267-3-0\"  class=\"panel-grid-cell\" ><div id=\"panel-267-3-0-0\" class=\"so-panel widget widget_siteorigin-panels-builder panel-first-child panel-last-child\" data-index=\"3\" ><div id=\"pl-w64f7b3fb71e6d\"  class=\"panel-layout\" ><div id=\"pg-w64f7b3fb71e6d-0\"  class=\"panel-grid panel-has-style\" ><div class=\"padding-interno panel-row-style panel-row-style-for-w64f7b3fb71e6d-0\" ><div id=\"pgc-w64f7b3fb71e6d-0-0\"  class=\"panel-grid-cell\" ><div id=\"panel-w64f7b3fb71e6d-0-0-0\" class=\"so-panel widget widget_siteorigin-panels-builder panel-first-child panel-last-child\" data-index=\"0\" ><div id=\"pl-w64f7b3fb71e9f\"  class=\"panel-layout\" ><div id=\"pg-w64f7b3fb71e9f-0\"  class=\"panel-grid panel-has-style\" ><div class=\"panel-row-style panel-row-style-for-w64f7b3fb71e9f-0\" ><div id=\"pgc-w64f7b3fb71e9f-0-0\"  class=\"panel-grid-cell\" ><div id=\"panel-w64f7b3fb71e9f-0-0-0\" class=\"so-panel widget widget_sow-editor panel-first-child\" data-index=\"0\" ><div\n\t\t\t\n\t\t\tclass=\"so-widget-sow-editor so-widget-sow-editor-base\"\n\t\t\t\n\t\t>\n<div class=\"siteorigin-widget-tinymce textwidget\">\n\t<h2>Procedimiento<\/h2>\n<p><span style=\"font-weight: 400;\">Todos los planes de tratamiento personalizados se basan en el diagn\u00f3stico espec\u00edfico y\/o la condici\u00f3n actual del paciente.<\/span><\/p>\n<p><span style=\"font-weight: 400;\">Los tratamientos de enfermedades oftalmol\u00f3gicas generalmente consisten en una estimulaci\u00f3n local con inyecci\u00f3n en el sitio de c\u00e9lulas troncales mesenquimales a trav\u00e9s de una entrega retrobulbar en combinaci\u00f3n de estimulaci\u00f3n sist\u00e9mica a trav\u00e9s de terapia IV, si la condici\u00f3n lo indica.<\/span><\/p>\n<p><span style=\"font-weight: 400;\">Todos los procedimientos espec\u00edficos se explican en detalle durante la consulta con el Dr. Fonseca.<\/span><\/p>\n<\/div>\n<\/div><\/div><div id=\"panel-w64f7b3fb71e9f-0-0-1\" class=\"so-panel widget widget_sow-button panel-last-child\" data-index=\"1\" ><div\n\t\t\t\n\t\t\tclass=\"so-widget-sow-button so-widget-sow-button-flat-8acf1d8364f0\"\n\t\t\t\n\t\t><div class=\"ow-button-base ow-button-align-left\"\n>\n\t\t\t<a\n\t\t\t\t\thref=\"https:\/\/www.beyondcellcare.com\/es\/faqs\/\"\n\t\t\t\t\tclass=\"sowb-button ow-icon-placement-left ow-button-hover\" \t>\n\t\t<span>\n\t\t\t\n\t\t\tCONOCE M\u00c1S\t\t<\/span>\n\t\t\t<\/a>\n\t<\/div>\n<\/div><\/div><\/div><\/div><\/div><\/div><\/div><\/div><div id=\"pgc-w64f7b3fb71e6d-0-1\"  class=\"panel-grid-cell\" ><div id=\"panel-w64f7b3fb71e6d-0-1-0\" class=\"so-panel widget widget_sow-image panel-first-child panel-last-child\" data-index=\"1\" ><div\n\t\t\t\n\t\t\tclass=\"so-widget-sow-image so-widget-sow-image-default-8b5b6f678277\"\n\t\t\t\n\t\t>\n<div class=\"sow-image-container\">\n\t\t<img \n\tsrc=\"https:\/\/www.beyondcellcare.com\/wp-content\/uploads\/2023\/08\/image-service-8.jpg\" width=\"780\" height=\"520\" srcset=\"https:\/\/www.beyondcellcare.com\/wp-content\/uploads\/2023\/08\/image-service-8.jpg 780w, https:\/\/www.beyondcellcare.com\/wp-content\/uploads\/2023\/08\/image-service-8-300x200.jpg 300w, https:\/\/www.beyondcellcare.com\/wp-content\/uploads\/2023\/08\/image-service-8-768x512.jpg 768w, https:\/\/www.beyondcellcare.com\/wp-content\/uploads\/2023\/08\/image-service-8-272x182.jpg 272w\" sizes=\"(max-width: 780px) 100vw, 780px\" title=\"image service 8\" alt=\"\" \t\tclass=\"so-widget-image\"\/>\n\t<\/div>\n\n<\/div><\/div><\/div><\/div><\/div><\/div><\/div><\/div><\/div><\/div><\/div>","protected":false},"excerpt":{"rendered":"<p>TREATMENT OPHTHALMOLOGICAL There are divisions in the anatomy of our eyes called \u201cChambers\u201d divided in 3 sections, anterior, posterior and vitreous; Each chamber has it\u00b4s specific function that all together become in the tool provided by nature to appreciate and experience our surroundings and reality. Stem cell therapies have shown promising results in the treatment [&hellip;]<\/p>\n","protected":false},"author":2,"featured_media":0,"parent":76,"menu_order":0,"comment_status":"closed","ping_status":"closed","template":"templates\/template-full-notitle.php","meta":{"inline_featured_image":false,"footnotes":""},"class_list":["post-267","page","type-page","status-publish","hentry","post"],"_links":{"self":[{"href":"https:\/\/www.beyondcellcare.com\/es\/wp-json\/wp\/v2\/pages\/267","targetHints":{"allow":["GET"]}}],"collection":[{"href":"https:\/\/www.beyondcellcare.com\/es\/wp-json\/wp\/v2\/pages"}],"about":[{"href":"https:\/\/www.beyondcellcare.com\/es\/wp-json\/wp\/v2\/types\/page"}],"author":[{"embeddable":true,"href":"https:\/\/www.beyondcellcare.com\/es\/wp-json\/wp\/v2\/users\/2"}],"replies":[{"embeddable":true,"href":"https:\/\/www.beyondcellcare.com\/es\/wp-json\/wp\/v2\/comments?post=267"}],"version-history":[{"count":0,"href":"https:\/\/www.beyondcellcare.com\/es\/wp-json\/wp\/v2\/pages\/267\/revisions"}],"up":[{"embeddable":true,"href":"https:\/\/www.beyondcellcare.com\/es\/wp-json\/wp\/v2\/pages\/76"}],"wp:attachment":[{"href":"https:\/\/www.beyondcellcare.com\/es\/wp-json\/wp\/v2\/media?parent=267"}],"curies":[{"name":"wp","href":"https:\/\/api.w.org\/{rel}","templated":true}]}}