{"id":353,"date":"2023-08-31T17:29:09","date_gmt":"2023-08-31T23:29:09","guid":{"rendered":"https:\/\/www.beyondcellcare.com\/?page_id=353"},"modified":"2024-01-12T10:34:17","modified_gmt":"2024-01-12T16:34:17","slug":"laboratory","status":"publish","type":"page","link":"https:\/\/www.beyondcellcare.com\/es\/laboratory\/","title":{"rendered":"NUESTRO LABORATORIO"},"content":{"rendered":"<div id=\"pl-353\"  class=\"panel-layout\" ><div id=\"pg-353-0\"  class=\"panel-grid panel-has-style\" ><div class=\"siteorigin-panels-stretch panel-row-style-full-width panel-row-style panel-row-style-for-353-0\" data-stretch-type=\"full-width-stretch\" ><div id=\"pgc-353-0-0\"  class=\"panel-grid-cell\" ><div id=\"panel-353-0-0-0\" class=\"so-panel widget widget_sow-layout-slider panel-first-child panel-last-child\" data-index=\"0\" ><div\n\t\t\t\n\t\t\tclass=\"so-widget-sow-layout-slider so-widget-sow-layout-slider-default-470563789e26-353\"\n\t\t\t\n\t\t>\t\t\t\t<div class=\"sow-slider-base\" style=\"display: none\" tabindex=\"0\">\n\t\t\t\t\t<ul\n\t\t\t\t\tclass=\"sow-slider-images\"\n\t\t\t\t\tdata-settings=\"{&quot;pagination&quot;:true,&quot;speed&quot;:800,&quot;timeout&quot;:8000,&quot;paused&quot;:false,&quot;pause_on_hover&quot;:false,&quot;swipe&quot;:true,&quot;nav_always_show_desktop&quot;:&quot;&quot;,&quot;nav_always_show_mobile&quot;:&quot;&quot;,&quot;breakpoint&quot;:&quot;780px&quot;,&quot;unmute&quot;:false,&quot;anchor&quot;:null}\"\n\t\t\t\t\tstyle=\"min-height: 55vh\"\t\t\t\t\tdata-anchor-id=\"\"\n\t\t\t\t>\t\t<li class=\"sow-slider-image  sow-slider-image-cover\" style=\"visibility: visible;;background-color: #333333;background-image: url(https:\/\/www.beyondcellcare.com\/wp-content\/uploads\/2023\/08\/Banner-What-kind-of-stem-cells-do-we-offer.jpg)\" >\n\t\t\t\t\t<div class=\"sow-slider-image-container\">\n\t\t\t<div class=\"sow-slider-image-wrapper\">\n\t\t\t\t<div id=\"pl-w95f703fe\"  class=\"panel-layout\" ><div id=\"pg-w95f703fe-0\"  class=\"panel-grid panel-has-style\" ><div class=\"padding-interno panel-row-style panel-row-style-for-w95f703fe-0\" ><div id=\"pgc-w95f703fe-0-0\"  class=\"panel-grid-cell\" ><div id=\"panel-w95f703fe-0-0-0\" class=\"so-panel widget widget_sow-editor panel-first-child panel-last-child\" data-index=\"0\" ><div class=\"panel-widget-style panel-widget-style-for-w95f703fe-0-0-0\" ><div\n\t\t\t\n\t\t\tclass=\"so-widget-sow-editor so-widget-sow-editor-base\"\n\t\t\t\n\t\t>\n<div class=\"siteorigin-widget-tinymce textwidget\">\n\t<h2 style=\"color: white; margin-bottom: .5em; text-shadow: 1px 2px 3px #2f2f2f;\">NUESTRO LABORATORIO<\/h2>\n<\/div>\n<\/div><\/div><\/div><\/div><\/div><\/div><\/div>\t\t\t<\/div>\n\t\t<\/div>\n\t\t\t\t<\/li>\n\t\t<\/ul>\t\t\t\t<ol class=\"sow-slider-pagination\">\n\t\t\t\t\t\t\t\t\t\t\t<li><a href=\"#\" data-goto=\"0\" aria-label=\"Display slide 1\"><\/a><\/li>\n\t\t\t\t\t\t\t\t\t<\/ol>\n\n\t\t\t\t<div class=\"sow-slide-nav sow-slide-nav-next\">\n\t\t\t\t\t<a href=\"#\" data-goto=\"next\" aria-label=\"Next slide\" data-action=\"next\">\n\t\t\t\t\t\t<em class=\"sow-sld-icon-thin-right\"><\/em>\n\t\t\t\t\t<\/a>\n\t\t\t\t<\/div>\n\n\t\t\t\t<div class=\"sow-slide-nav sow-slide-nav-prev\">\n\t\t\t\t\t<a href=\"#\" data-goto=\"previous\" aria-label=\"Previous slide\" data-action=\"prev\">\n\t\t\t\t\t\t<em class=\"sow-sld-icon-thin-left\"><\/em>\n\t\t\t\t\t<\/a>\n\t\t\t\t<\/div>\n\t\t\t\t<\/div><\/div><\/div><\/div><\/div><\/div><div id=\"pg-353-1\"  class=\"panel-grid panel-has-style\" ><div class=\"siteorigin-panels-stretch panel-row-style-full-width panel-row-style panel-row-style-for-353-1\" data-stretch-type=\"full-width-stretch\" ><div id=\"pgc-353-1-0\"  class=\"panel-grid-cell\" ><div id=\"panel-353-1-0-0\" class=\"so-panel widget widget_siteorigin-panels-builder panel-first-child panel-last-child\" data-index=\"1\" ><div id=\"pl-w65a16a09304c9\"  class=\"panel-layout\" ><div id=\"pg-w65a16a09304c9-0\"  class=\"panel-grid panel-has-style\" ><div class=\"padding-interno panel-row-style panel-row-style-for-w65a16a09304c9-0\" ><div id=\"pgc-w65a16a09304c9-0-0\"  class=\"panel-grid-cell\" ><div id=\"panel-w65a16a09304c9-0-0-0\" class=\"so-panel widget widget_sow-editor panel-first-child panel-last-child\" data-index=\"0\" ><div class=\"panel-widget-style panel-widget-style-for-w65a16a09304c9-0-0-0\" ><div\n\t\t\t\n\t\t\tclass=\"so-widget-sow-editor so-widget-sow-editor-base\"\n\t\t\t\n\t\t>\n<div class=\"siteorigin-widget-tinymce textwidget\">\n\t<p><span style=\"font-weight: 400;\">Nuestro laboratorio se rige por diferentes est\u00e1ndares de salud y protocolos que cumplen con todos los requisitos legales que regulan la obtenci\u00f3n y el uso de terapias celulares en la Rep\u00fablica Mexicana.<\/span><span style=\"font-weight: 400;\"><br \/>\n<\/span><span style=\"font-weight: 400;\">Innovamos en pol\u00edticas de calidad y control estricto de nuestros donantes, pr\u00e1cticas de adquisici\u00f3n, expansi\u00f3n celular, as\u00ed como en tecnolog\u00eda dentro del laboratorio, m\u00e9todos exclusivos que mejoran la atenci\u00f3n m\u00e9dica y la satisfacci\u00f3n de todos los pacientes.<\/span><\/p>\n<p><span style=\"font-weight: 400;\">Debido a sus protocolos sanitarios y de calidad, solo se permite la entrada al laboratorio a personal autorizado y especializado, bajo condiciones obligatorias de vestimenta y siguiendo las buenas pr\u00e1cticas de fabricaci\u00f3n emitidas por la Organizaci\u00f3n Mundial de la Salud (OMS).<\/span><\/p>\n<p><span style=\"font-weight: 400;\">Dentro del laboratorio, encontramos un \u00e1rea gris y un \u00e1rea blanca, ambas con un dise\u00f1o de esquina curvada que evita que el polvo y las part\u00edculas se depositen o acumulen. Adem\u00e1s, el piso, las paredes y los techos cuentan con un revestimiento de epoxi que proporciona capacidad antiest\u00e1tica, adem\u00e1s de una alta resistencia qu\u00edmica a la humedad, \u00e1lcalis, \u00e1cidos y la contaminaci\u00f3n por microorganismos.<\/span><\/p>\n<\/div>\n<\/div><\/div><\/div><\/div><div id=\"pgc-w65a16a09304c9-0-1\"  class=\"panel-grid-cell\" ><div id=\"panel-w65a16a09304c9-0-1-0\" class=\"so-panel widget widget_sow-image panel-first-child panel-last-child\" data-index=\"1\" ><div\n\t\t\t\n\t\t\tclass=\"so-widget-sow-image so-widget-sow-image-default-64047dd420f0\"\n\t\t\t\n\t\t>\n<div class=\"sow-image-container\">\n\t\t<img \n\tsrc=\"https:\/\/www.beyondcellcare.com\/wp-content\/uploads\/2023\/09\/la-minerva-gdl.jpg\" width=\"2048\" height=\"1365\" srcset=\"https:\/\/www.beyondcellcare.com\/wp-content\/uploads\/2023\/09\/la-minerva-gdl.jpg 2048w, https:\/\/www.beyondcellcare.com\/wp-content\/uploads\/2023\/09\/la-minerva-gdl-300x200.jpg 300w, https:\/\/www.beyondcellcare.com\/wp-content\/uploads\/2023\/09\/la-minerva-gdl-1024x683.jpg 1024w, https:\/\/www.beyondcellcare.com\/wp-content\/uploads\/2023\/09\/la-minerva-gdl-768x512.jpg 768w, https:\/\/www.beyondcellcare.com\/wp-content\/uploads\/2023\/09\/la-minerva-gdl-1536x1024.jpg 1536w, https:\/\/www.beyondcellcare.com\/wp-content\/uploads\/2023\/09\/la-minerva-gdl-272x182.jpg 272w\" sizes=\"(max-width: 2048px) 100vw, 2048px\" title=\"la minerva gdl\" alt=\"Stem Cell Therapy Mexico\" \t\tclass=\"so-widget-image\"\/>\n\t<\/div>\n\n<\/div><\/div><\/div><\/div><\/div><\/div><\/div><\/div><\/div><\/div><div id=\"pg-353-2\"  class=\"panel-grid panel-has-style\" ><div class=\"siteorigin-panels-stretch panel-row-style-full-width panel-row-style panel-row-style-for-353-2\" data-stretch-type=\"full-width-stretch\" ><div id=\"pgc-353-2-0\"  class=\"panel-grid-cell\" ><div id=\"panel-353-2-0-0\" class=\"so-panel widget widget_siteorigin-panels-builder panel-first-child panel-last-child\" data-index=\"2\" ><div id=\"pl-w653c093fd8620\"  class=\"panel-layout\" ><div id=\"pg-w653c093fd8620-0\"  class=\"panel-grid panel-has-style\" ><div class=\"padding-interno panel-row-style panel-row-style-for-w653c093fd8620-0\" ><div id=\"pgc-w653c093fd8620-0-0\"  class=\"panel-grid-cell\" ><div id=\"panel-w653c093fd8620-0-0-0\" class=\"so-panel widget widget_sow-image panel-first-child panel-last-child\" data-index=\"0\" ><div\n\t\t\t\n\t\t\tclass=\"so-widget-sow-image so-widget-sow-image-default-113ccd71f3e6\"\n\t\t\t\n\t\t>\n<div class=\"sow-image-container\">\n\t\t<img \n\tsrc=\"https:\/\/www.beyondcellcare.com\/wp-content\/uploads\/2023\/08\/imagen-1-What-kind-of-stem-cells-do-we-offer.jpg\" width=\"819\" height=\"772\" srcset=\"https:\/\/www.beyondcellcare.com\/wp-content\/uploads\/2023\/08\/imagen-1-What-kind-of-stem-cells-do-we-offer.jpg 819w, https:\/\/www.beyondcellcare.com\/wp-content\/uploads\/2023\/08\/imagen-1-What-kind-of-stem-cells-do-we-offer-300x283.jpg 300w, https:\/\/www.beyondcellcare.com\/wp-content\/uploads\/2023\/08\/imagen-1-What-kind-of-stem-cells-do-we-offer-768x724.jpg 768w\" sizes=\"(max-width: 819px) 100vw, 819px\" title=\"imagen 1 What kind of stem cells do we offer\" alt=\"\" \t\tclass=\"so-widget-image\"\/>\n\t<\/div>\n\n<\/div><\/div><\/div><div id=\"pgc-w653c093fd8620-0-1\"  class=\"panel-grid-cell\" ><div id=\"panel-w653c093fd8620-0-1-0\" class=\"so-panel widget widget_siteorigin-panels-builder panel-first-child panel-last-child\" data-index=\"1\" ><div id=\"pl-w653c093fd8781\"  class=\"panel-layout\" ><div id=\"pg-w653c093fd8781-0\"  class=\"panel-grid panel-has-style\" ><div class=\"panel-row-style panel-row-style-for-w653c093fd8781-0\" ><div id=\"pgc-w653c093fd8781-0-0\"  class=\"panel-grid-cell\" ><div id=\"panel-w653c093fd8781-0-0-0\" class=\"so-panel widget widget_sow-editor panel-first-child panel-last-child\" data-index=\"0\" ><div\n\t\t\t\n\t\t\tclass=\"so-widget-sow-editor so-widget-sow-editor-base\"\n\t\t\t\n\t\t>\n<div class=\"siteorigin-widget-tinymce textwidget\">\n\t<p><span style=\"font-weight: 400;\">Ambas \u00e1reas est\u00e1n inmersas en el efecto de presi\u00f3n positiva generado a trav\u00e9s de un sistema que impulsa la entrada de aire est\u00e9ril desde el exterior hacia el laboratorio, el cual se recircula constantemente a trav\u00e9s de un sistema de filtro HEPA.<\/span><\/p>\n<p><span style=\"font-weight: 400;\">El laboratorio tambi\u00e9n cuenta con un \u00e1rea de incubaci\u00f3n, un espacio donde se encuentran las culturas de c\u00e9lulas madre destinadas a la terapia celular, cultivos en cuarentena y cultivos en expansi\u00f3n, que est\u00e1n protegidos en incubadoras de modelo Labotect C201 que cuentan con tecnolog\u00eda de vanguardia en el campo de la medicina regenerativa.<\/span><\/p>\n<p><span style=\"font-weight: 400;\">Las incubadoras Labotect C201 est\u00e1n habilitadas para mantener el control adecuado y la configuraci\u00f3n para que nuestras c\u00e9lulas madre mesenquimales crezcan en condiciones \u00f3ptimas, junto con los controles de calidad a los que se someten peri\u00f3dicamente los cultivos.<\/span><span style=\"font-weight: 400;\"><br \/>\n<\/span><span style=\"font-weight: 400;\">En esta \u00e1rea tambi\u00e9n se encuentra un microscopio de epifluorescencia invertida (MOTIC AE31E SERIES), que es esencial para monitorear par\u00e1metros como la morfolog\u00eda, el crecimiento y la confluencia de las c\u00e9lulas madre mesenquimales en cultivo.<\/span><\/p>\n<\/div>\n<\/div><\/div><\/div><\/div><\/div><\/div><\/div><\/div><\/div><\/div><div id=\"pg-w653c093fd8620-1\"  class=\"panel-grid panel-has-style\" ><div class=\"padding-interno panel-row-style panel-row-style-for-w653c093fd8620-1\" ><div id=\"pgc-w653c093fd8620-1-0\"  class=\"panel-grid-cell\" ><div id=\"panel-w653c093fd8620-1-0-0\" class=\"so-panel widget widget_siteorigin-panels-builder panel-first-child panel-last-child\" data-index=\"2\" ><div id=\"pl-w65035fbeae31c\"  class=\"panel-layout\" ><div id=\"pg-w65035fbeae31c-0\"  class=\"panel-grid panel-has-style\" ><div class=\"panel-row-style panel-row-style-for-w65035fbeae31c-0\" ><div id=\"pgc-w65035fbeae31c-0-0\"  class=\"panel-grid-cell\" ><div id=\"panel-w65035fbeae31c-0-0-0\" class=\"so-panel widget widget_sow-editor panel-first-child panel-last-child\" data-index=\"0\" ><div\n\t\t\t\n\t\t\tclass=\"so-widget-sow-editor so-widget-sow-editor-base\"\n\t\t\t\n\t\t>\n<div class=\"siteorigin-widget-tinymce textwidget\">\n\t<p><span style=\"font-weight: 400;\">Es importante mencionar que el laboratorio cuenta con un \u00e1rea de procesamiento especial con equipos altamente especializados para que las c\u00e9lulas tengan la inocuidad correspondiente. En esta \u00e1rea, se encuentran gabinetes de bioseguridad de clase A2 (ESCO A2 Air Stream; ESCO A2 Lab-; LABCONOCO A2) que son esenciales para trabajar con nuestros cultivos celulares, ya que est\u00e1n dise\u00f1ados para la protecci\u00f3n de la muestra y para llevar a cabo procesos como el aislamiento celular, la expansi\u00f3n, la preparaci\u00f3n de reactivos y medios de cultivo, la capacitaci\u00f3n y el empaque de c\u00e9lulas para la terapia celular.<\/span><\/p>\n<p><span style=\"font-weight: 400;\">Asimismo, contamos con un contador autom\u00e1tico de c\u00e9lulas modelo LUNA II TM Automated Cell Counter, con el cual se realiza la evaluaci\u00f3n de la densidad celular (millones de c\u00e9lulas\/ml), adem\u00e1s de procesos con nuestras subculturas o pasajes celulares, como la expansi\u00f3n y la evaluaci\u00f3n de la viabilidad (% de c\u00e9lulas vivas y muertas) de nuestras c\u00e9lulas en tiempo real, finalmente, el conteo del n\u00famero de c\u00e9lulas al empaquetar los viales.<\/span><span style=\"font-weight: 400;\"><br \/>\n<\/span><\/p>\n<p><span style=\"font-weight: 400;\">Las c\u00e9lulas madre mesenquimales se obtienen de donantes que son seleccionados siguiendo criterios de aceptaci\u00f3n muy espec\u00edficos y estrictos. Para que un paciente sea considerado como candidato, se requiere que tenga entre 19 y 35 a\u00f1os de edad, no sufra de ninguna enfermedad cr\u00f3nica-degenerativa ni antecedentes familiares de la misma, no sea alcoh\u00f3lico, no fume y no tenga ninguna infecci\u00f3n por VIH 1 y 2, hepatitis B y C, s\u00edfilis, clamidia y SARS CoV2.<\/span><\/p>\n<p><span style=\"font-weight: 400;\">Una vez confirmada la idoneidad del donante, procedemos a recoger el tejido para el aislamiento de las c\u00e9lulas. Una vez completado el proceso de aislamiento y expansi\u00f3n primaria de las c\u00e9lulas, sometemos cada lote a una evaluaci\u00f3n mediante an\u00e1lisis microbiol\u00f3gicos y t\u00e9cnicas de PCR por laboratorios externos para respaldar y garantizar que las c\u00e9lulas sean mesenquimales y que sean adecuadas para la aplicaci\u00f3n de terapia celular.<\/span><\/p>\n<\/div>\n<\/div><\/div><\/div><\/div><\/div><\/div><\/div><\/div><div id=\"pgc-w653c093fd8620-1-1\"  class=\"panel-grid-cell\" ><div id=\"panel-w653c093fd8620-1-1-0\" class=\"so-panel widget widget_sow-image panel-first-child panel-last-child\" data-index=\"3\" ><div\n\t\t\t\n\t\t\tclass=\"so-widget-sow-image so-widget-sow-image-default-113ccd71f3e6\"\n\t\t\t\n\t\t>\n<div class=\"sow-image-container\">\n\t\t<img \n\tsrc=\"https:\/\/www.beyondcellcare.com\/wp-content\/uploads\/2023\/09\/imagen-1-What-kind-of-stem-cells-do-we-offer-2.jpg\" width=\"829\" height=\"782\" srcset=\"https:\/\/www.beyondcellcare.com\/wp-content\/uploads\/2023\/09\/imagen-1-What-kind-of-stem-cells-do-we-offer-2.jpg 829w, https:\/\/www.beyondcellcare.com\/wp-content\/uploads\/2023\/09\/imagen-1-What-kind-of-stem-cells-do-we-offer-2-300x283.jpg 300w, https:\/\/www.beyondcellcare.com\/wp-content\/uploads\/2023\/09\/imagen-1-What-kind-of-stem-cells-do-we-offer-2-768x724.jpg 768w\" sizes=\"(max-width: 829px) 100vw, 829px\" alt=\"Beyond Cell Care Laboratory\" \t\tclass=\"so-widget-image\"\/>\n\t<\/div>\n\n<\/div><\/div><\/div><\/div><\/div><\/div><\/div><\/div><\/div><\/div><\/div>","protected":false},"excerpt":{"rendered":"<p>OUR LABORATORY Our laboratory is governed by different health standards and protocols which comply with all the legal requirements that regulate the obtention and use of cell therapies in the Mexican Republic. They innovate in quality policies and strict control of their donors, procurement practices, cell expansion, as well as technology within the laboratory, exclusive [&hellip;]<\/p>\n","protected":false},"author":2,"featured_media":0,"parent":0,"menu_order":0,"comment_status":"closed","ping_status":"closed","template":"templates\/template-full-notitle.php","meta":{"inline_featured_image":false,"footnotes":""},"class_list":["post-353","page","type-page","status-publish","hentry","post"],"_links":{"self":[{"href":"https:\/\/www.beyondcellcare.com\/es\/wp-json\/wp\/v2\/pages\/353","targetHints":{"allow":["GET"]}}],"collection":[{"href":"https:\/\/www.beyondcellcare.com\/es\/wp-json\/wp\/v2\/pages"}],"about":[{"href":"https:\/\/www.beyondcellcare.com\/es\/wp-json\/wp\/v2\/types\/page"}],"author":[{"embeddable":true,"href":"https:\/\/www.beyondcellcare.com\/es\/wp-json\/wp\/v2\/users\/2"}],"replies":[{"embeddable":true,"href":"https:\/\/www.beyondcellcare.com\/es\/wp-json\/wp\/v2\/comments?post=353"}],"version-history":[{"count":0,"href":"https:\/\/www.beyondcellcare.com\/es\/wp-json\/wp\/v2\/pages\/353\/revisions"}],"wp:attachment":[{"href":"https:\/\/www.beyondcellcare.com\/es\/wp-json\/wp\/v2\/media?parent=353"}],"curies":[{"name":"wp","href":"https:\/\/api.w.org\/{rel}","templated":true}]}}