{"id":369,"date":"2023-08-31T17:50:29","date_gmt":"2023-08-31T23:50:29","guid":{"rendered":"https:\/\/www.beyondcellcare.com\/?page_id=369"},"modified":"2024-07-21T13:58:25","modified_gmt":"2024-07-21T19:58:25","slug":"dr-cesar-fonseca","status":"publish","type":"page","link":"https:\/\/www.beyondcellcare.com\/es\/dr-cesar-fonseca\/","title":{"rendered":"Conoce al Dr. C\u00e9sar Fonseca"},"content":{"rendered":"<div id=\"pl-369\"  class=\"panel-layout\" ><div id=\"pg-369-0\"  class=\"panel-grid panel-has-style\" ><div class=\"siteorigin-panels-stretch panel-row-style-full-width panel-row-style panel-row-style-for-369-0\" data-stretch-type=\"full-width-stretch\" ><div id=\"pgc-369-0-0\"  class=\"panel-grid-cell\" ><div id=\"panel-369-0-0-0\" class=\"so-panel widget widget_sow-layout-slider panel-first-child panel-last-child\" data-index=\"0\" ><div\n\t\t\t\n\t\t\tclass=\"so-widget-sow-layout-slider so-widget-sow-layout-slider-default-470563789e26-369\"\n\t\t\t\n\t\t>\t\t\t\t<div class=\"sow-slider-base\" style=\"display: none\" tabindex=\"0\">\n\t\t\t\t\t<ul\n\t\t\t\t\tclass=\"sow-slider-images\"\n\t\t\t\t\tdata-settings=\"{&quot;pagination&quot;:true,&quot;speed&quot;:800,&quot;timeout&quot;:8000,&quot;paused&quot;:false,&quot;pause_on_hover&quot;:false,&quot;swipe&quot;:true,&quot;nav_always_show_desktop&quot;:&quot;&quot;,&quot;nav_always_show_mobile&quot;:&quot;&quot;,&quot;breakpoint&quot;:&quot;780px&quot;,&quot;unmute&quot;:false,&quot;anchor&quot;:null}\"\n\t\t\t\t\tstyle=\"min-height: 55vh\"\t\t\t\t\tdata-anchor-id=\"\"\n\t\t\t\t>\t\t<li class=\"sow-slider-image  sow-slider-image-cover\" style=\"visibility: visible;;background-color: #333333;background-image: url(https:\/\/www.beyondcellcare.com\/wp-content\/uploads\/2023\/08\/banner-meet.jpg)\" >\n\t\t\t\t\t<div class=\"sow-slider-image-container\">\n\t\t\t<div class=\"sow-slider-image-wrapper\">\n\t\t\t\t<div id=\"pl-w8b785081\"  class=\"panel-layout\" ><div id=\"pg-w8b785081-0\"  class=\"panel-grid panel-has-style\" ><div class=\"padding-interno panel-row-style panel-row-style-for-w8b785081-0\" ><div id=\"pgc-w8b785081-0-0\"  class=\"panel-grid-cell\" ><div id=\"panel-w8b785081-0-0-0\" class=\"so-panel widget widget_sow-editor panel-first-child panel-last-child\" data-index=\"0\" ><div class=\"panel-widget-style panel-widget-style-for-w8b785081-0-0-0\" ><div\n\t\t\t\n\t\t\tclass=\"so-widget-sow-editor so-widget-sow-editor-base\"\n\t\t\t\n\t\t>\n<div class=\"siteorigin-widget-tinymce textwidget\">\n\t<h2 style=\"color: white; margin-bottom: .5em; text-shadow: 1px 2px 3px #2f2f2f;\">Conoce al Dr. C\u00e9sar Fonseca<\/h2>\n<\/div>\n<\/div><\/div><\/div><\/div><\/div><\/div><\/div>\t\t\t<\/div>\n\t\t<\/div>\n\t\t\t\t<\/li>\n\t\t<\/ul>\t\t\t\t<ol class=\"sow-slider-pagination\">\n\t\t\t\t\t\t\t\t\t\t\t<li><a href=\"#\" data-goto=\"0\" aria-label=\"Display slide 1\"><\/a><\/li>\n\t\t\t\t\t\t\t\t\t<\/ol>\n\n\t\t\t\t<div class=\"sow-slide-nav sow-slide-nav-next\">\n\t\t\t\t\t<a href=\"#\" data-goto=\"next\" aria-label=\"Next slide\" data-action=\"next\">\n\t\t\t\t\t\t<em class=\"sow-sld-icon-thin-right\"><\/em>\n\t\t\t\t\t<\/a>\n\t\t\t\t<\/div>\n\n\t\t\t\t<div class=\"sow-slide-nav sow-slide-nav-prev\">\n\t\t\t\t\t<a href=\"#\" data-goto=\"previous\" aria-label=\"Previous slide\" data-action=\"prev\">\n\t\t\t\t\t\t<em class=\"sow-sld-icon-thin-left\"><\/em>\n\t\t\t\t\t<\/a>\n\t\t\t\t<\/div>\n\t\t\t\t<\/div><\/div><\/div><\/div><\/div><\/div><div id=\"pg-369-1\"  class=\"panel-grid panel-has-style\" ><div class=\"siteorigin-panels-stretch panel-row-style-full-width panel-row-style panel-row-style-for-369-1\" data-stretch-type=\"full-width-stretch\" ><div id=\"pgc-369-1-0\"  class=\"panel-grid-cell\" ><div id=\"panel-369-1-0-0\" class=\"so-panel widget widget_siteorigin-panels-builder panel-first-child panel-last-child\" data-index=\"1\" ><div id=\"pl-w669d68618d16b\"  class=\"panel-layout\" ><div id=\"pg-w669d68618d16b-0\"  class=\"panel-grid panel-has-style\" ><div class=\"padding-interno panel-row-style panel-row-style-for-w669d68618d16b-0\" ><div id=\"pgc-w669d68618d16b-0-0\"  class=\"panel-grid-cell\" ><div id=\"panel-w669d68618d16b-0-0-0\" class=\"so-panel widget widget_sow-editor panel-first-child\" data-index=\"0\" ><div class=\"panel-widget-style panel-widget-style-for-w669d68618d16b-0-0-0\" ><div\n\t\t\t\n\t\t\tclass=\"so-widget-sow-editor so-widget-sow-editor-base\"\n\t\t\t\n\t\t>\n<div class=\"siteorigin-widget-tinymce textwidget\">\n\t<p>El Dr. C\u00e9sar Fonseca tiene ciudadan\u00eda estadounidense y mexicana y se gradu\u00f3 de la Facultad de Medicina de la <a href=\"https:\/\/www.udg.mx\/\" target=\"_blank\" rel=\"noopener\">Universidad de Guadalajara<\/a> con enfoque en Cirug\u00eda y Obstetricia. Tiene m\u00faltiples certificaciones de la American Heart Association, se especializa en entornos hospitalarios y cl\u00ednicos donde las intervenciones pueden ser bastante agresivas y ha dirigido muchos programas de capacitaci\u00f3n y seminarios en RCP, soporte vital b\u00e1sico y toxicolog\u00eda para socorristas del estado de Jalisco, M\u00e9xico. .<\/p>\n<p>Comenz\u00f3 en el campo de la medicina regenerativa y se especializ\u00f3 nada m\u00e1s terminar la facultad de medicina, cuando se dio cuenta de la necesidad de ofrecer opciones de terapia novedosas que realmente mejoraran la calidad de vida del paciente, adem\u00e1s del enfoque est\u00e1ndar del sistema de atenci\u00f3n m\u00e9dica. El Dr. Fonseca comenz\u00f3 su pr\u00e1ctica de terapia con c\u00e9lulas madre en uno de los laboratorios de c\u00e9lulas madre m\u00e1s grandes de Am\u00e9rica Latina, se convirti\u00f3 en director del departamento de Turismo M\u00e9dico, siendo su \u00fanico m\u00e9dico de habla inglesa, y luego se convirti\u00f3 en su principal formador y conferencista para m\u00e9dicos en M\u00e9xico. buscando aprender c\u00f3mo integrar mejor las c\u00e9lulas madre terap\u00e9uticamente a sus pr\u00e1cticas m\u00e9dicas actuales durante casi 5 a\u00f1os.<\/p>\n<p>Beyond Cellcare was founded by Dr. Cesar Fonseca, M.D. in 2022 to provide <a href=\"https:\/\/www.beyondcellcare.com\/es\/services-treatments\/\">integrative treatments<\/a>, identificando que abordar todos los aspectos involucrados en una enfermedad o condici\u00f3n mientras se lleva a cabo un protocolo m\u00e9dico con medicina basada en evidencia, un seguimiento extenso y asistencia personalizada en el camino siempre tendr\u00e1 resultados superiores. El Dr. Fonseca tiene el objetivo de hacer que los beneficios de la terapia con c\u00e9lulas madre sean accesibles para todos, sin importar d\u00f3nde se encuentren, y mejorar la recuperaci\u00f3n de esa atenci\u00f3n m\u00e9dica humana y \u00e9tica, que desafortunadamente ya no se ve con frecuencia.<\/p>\n<\/div>\n<\/div><\/div><\/div><div id=\"panel-w669d68618d16b-0-0-1\" class=\"so-panel widget widget_sow-button panel-last-child\" data-index=\"1\" ><div\n\t\t\t\n\t\t\tclass=\"so-widget-sow-button so-widget-sow-button-flat-eda807bbe1ce\"\n\t\t\t\n\t\t><div class=\"ow-button-base ow-button-align-left\"\n>\n\t\t\t<a href=\"https:\/\/www.beyondcellcare.com\/es\/contact\/\" class=\"sowb-button ow-icon-placement-left ow-button-hover\">\n\t\t<span>\n\t\t\t\n\t\t\tContacto\t\t<\/span>\n\t\t\t<\/a>\n\t<\/div>\n<\/div><\/div><\/div><div id=\"pgc-w669d68618d16b-0-1\"  class=\"panel-grid-cell\" ><div id=\"panel-w669d68618d16b-0-1-0\" class=\"so-panel widget widget_sow-image panel-first-child panel-last-child\" data-index=\"2\" ><div\n\t\t\t\n\t\t\tclass=\"so-widget-sow-image so-widget-sow-image-default-113ccd71f3e6\"\n\t\t\t\n\t\t>\n<div class=\"sow-image-container\">\n\t\t<img \n\tsrc=\"https:\/\/www.beyondcellcare.com\/wp-content\/uploads\/2023\/08\/imagen-meet-1.jpg\" width=\"820\" height=\"643\" srcset=\"https:\/\/www.beyondcellcare.com\/wp-content\/uploads\/2023\/08\/imagen-meet-1.jpg 820w, https:\/\/www.beyondcellcare.com\/wp-content\/uploads\/2023\/08\/imagen-meet-1-300x235.jpg 300w, https:\/\/www.beyondcellcare.com\/wp-content\/uploads\/2023\/08\/imagen-meet-1-768x602.jpg 768w\" sizes=\"(max-width: 820px) 100vw, 820px\" title=\"imagen meet\" alt=\"Dr. Cesar Fonseca\" \t\tclass=\"so-widget-image\"\/>\n\t<\/div>\n\n<\/div><\/div><\/div><\/div><\/div><\/div><\/div><\/div><\/div><\/div><\/div>","protected":false},"excerpt":{"rendered":"<p>MEET DR. CESAR FONSECA Dr. Cesar Fonseca holds both American and Mexican Citizenship and is a Medical school graduate of the University of Guadalajara with a focus on Surgery and Obstetrics. \u00a0He has multiple certifications from the American Heart Association, specializes in hospital and clinic settings where interventions can be quite aggressive, and has led [&hellip;]<\/p>\n","protected":false},"author":2,"featured_media":0,"parent":0,"menu_order":0,"comment_status":"closed","ping_status":"closed","template":"templates\/template-full-notitle.php","meta":{"inline_featured_image":false,"footnotes":""},"class_list":["post-369","page","type-page","status-publish","hentry","post"],"_links":{"self":[{"href":"https:\/\/www.beyondcellcare.com\/es\/wp-json\/wp\/v2\/pages\/369","targetHints":{"allow":["GET"]}}],"collection":[{"href":"https:\/\/www.beyondcellcare.com\/es\/wp-json\/wp\/v2\/pages"}],"about":[{"href":"https:\/\/www.beyondcellcare.com\/es\/wp-json\/wp\/v2\/types\/page"}],"author":[{"embeddable":true,"href":"https:\/\/www.beyondcellcare.com\/es\/wp-json\/wp\/v2\/users\/2"}],"replies":[{"embeddable":true,"href":"https:\/\/www.beyondcellcare.com\/es\/wp-json\/wp\/v2\/comments?post=369"}],"version-history":[{"count":0,"href":"https:\/\/www.beyondcellcare.com\/es\/wp-json\/wp\/v2\/pages\/369\/revisions"}],"wp:attachment":[{"href":"https:\/\/www.beyondcellcare.com\/es\/wp-json\/wp\/v2\/media?parent=369"}],"curies":[{"name":"wp","href":"https:\/\/api.w.org\/{rel}","templated":true}]}}