{"id":379,"date":"2023-08-31T18:13:41","date_gmt":"2023-09-01T00:13:41","guid":{"rendered":"https:\/\/www.beyondcellcare.com\/?page_id=379"},"modified":"2023-12-27T11:39:26","modified_gmt":"2023-12-27T17:39:26","slug":"stem-cell-therapy-in-mexico","status":"publish","type":"page","link":"https:\/\/www.beyondcellcare.com\/es\/stem-cell-therapy-in-mexico\/","title":{"rendered":"Terapia Con C\u00e9lulas Troncales Mesenquimales en M\u00e9xico"},"content":{"rendered":"<div id=\"pl-379\"  class=\"panel-layout\" ><div id=\"pg-379-0\"  class=\"panel-grid panel-has-style\" ><div class=\"siteorigin-panels-stretch panel-row-style-full-width panel-row-style panel-row-style-for-379-0\" data-stretch-type=\"full-stretched\" ><div id=\"pgc-379-0-0\"  class=\"panel-grid-cell\" ><div id=\"panel-379-0-0-0\" class=\"so-panel widget widget_sow-layout-slider panel-first-child panel-last-child\" data-index=\"0\" ><div\n\t\t\t\n\t\t\tclass=\"so-widget-sow-layout-slider so-widget-sow-layout-slider-default-470563789e26-379\"\n\t\t\t\n\t\t>\t\t\t\t<div class=\"sow-slider-base\" style=\"display: none\" tabindex=\"0\">\n\t\t\t\t\t<ul\n\t\t\t\t\tclass=\"sow-slider-images\"\n\t\t\t\t\tdata-settings=\"{&quot;pagination&quot;:true,&quot;speed&quot;:800,&quot;timeout&quot;:8000,&quot;paused&quot;:false,&quot;pause_on_hover&quot;:false,&quot;swipe&quot;:true,&quot;nav_always_show_desktop&quot;:&quot;&quot;,&quot;nav_always_show_mobile&quot;:&quot;&quot;,&quot;breakpoint&quot;:&quot;780px&quot;,&quot;unmute&quot;:false,&quot;anchor&quot;:null}\"\n\t\t\t\t\tstyle=\"min-height: 55vh\"\t\t\t\t\tdata-anchor-id=\"\"\n\t\t\t\t>\t\t<li class=\"sow-slider-image  sow-slider-image-cover\" style=\"visibility: visible;;background-color: #333333;background-image: url(https:\/\/www.beyondcellcare.com\/wp-content\/uploads\/2023\/08\/banner-Stem-Cell-Therapy-in-Mexico-1.jpg)\" >\n\t\t\t\t\t<div class=\"sow-slider-image-container\">\n\t\t\t<div class=\"sow-slider-image-wrapper\">\n\t\t\t\t<div id=\"pl-w7b26357f\"  class=\"panel-layout\" ><div id=\"pg-w7b26357f-0\"  class=\"panel-grid panel-has-style\" ><div class=\"padding-interno panel-row-style panel-row-style-for-w7b26357f-0\" ><div id=\"pgc-w7b26357f-0-0\"  class=\"panel-grid-cell panel-grid-cell-mobile-last\" ><div id=\"panel-w7b26357f-0-0-0\" class=\"so-panel widget widget_sow-editor panel-first-child panel-last-child\" data-index=\"0\" ><div class=\"panel-widget-style panel-widget-style-for-w7b26357f-0-0-0\" ><div\n\t\t\t\n\t\t\tclass=\"so-widget-sow-editor so-widget-sow-editor-base\"\n\t\t\t\n\t\t>\n<div class=\"siteorigin-widget-tinymce textwidget\">\n\t<h2 style=\"color: white; margin-bottom: .5em; text-shadow: 1px 2px 3px #2f2f2f;\">Terapia Con C\u00e9lulas Troncales Mesenquimales en M\u00e9xico<\/h2>\n<\/div>\n<\/div><\/div><\/div><\/div><div id=\"pgc-w7b26357f-0-1\"  class=\"panel-grid-cell panel-grid-cell-empty\" ><\/div><\/div><\/div><\/div>\t\t\t<\/div>\n\t\t<\/div>\n\t\t\t\t<\/li>\n\t\t<\/ul>\t\t\t\t<ol class=\"sow-slider-pagination\">\n\t\t\t\t\t\t\t\t\t\t\t<li><a href=\"#\" data-goto=\"0\" aria-label=\"Display slide 1\"><\/a><\/li>\n\t\t\t\t\t\t\t\t\t<\/ol>\n\n\t\t\t\t<div class=\"sow-slide-nav sow-slide-nav-next\">\n\t\t\t\t\t<a href=\"#\" data-goto=\"next\" aria-label=\"Next slide\" data-action=\"next\">\n\t\t\t\t\t\t<em class=\"sow-sld-icon-thin-right\"><\/em>\n\t\t\t\t\t<\/a>\n\t\t\t\t<\/div>\n\n\t\t\t\t<div class=\"sow-slide-nav sow-slide-nav-prev\">\n\t\t\t\t\t<a href=\"#\" data-goto=\"previous\" aria-label=\"Previous slide\" data-action=\"prev\">\n\t\t\t\t\t\t<em class=\"sow-sld-icon-thin-left\"><\/em>\n\t\t\t\t\t<\/a>\n\t\t\t\t<\/div>\n\t\t\t\t<\/div><\/div><\/div><\/div><\/div><\/div><div id=\"pg-379-1\"  class=\"panel-grid panel-has-style\" ><div class=\"siteorigin-panels-stretch panel-row-style-full-width panel-row-style panel-row-style-for-379-1\" data-stretch-type=\"full-stretched\" ><div id=\"pgc-379-1-0\"  class=\"panel-grid-cell\" ><div id=\"panel-379-1-0-0\" class=\"so-panel widget widget_siteorigin-panels-builder panel-first-child panel-last-child\" data-index=\"1\" ><div id=\"pl-w658c614e0f4d7\"  class=\"panel-layout\" ><div id=\"pg-w658c614e0f4d7-0\"  class=\"panel-grid panel-has-style\" ><div class=\"padding-interno panel-row-style panel-row-style-for-w658c614e0f4d7-0\" ><div id=\"pgc-w658c614e0f4d7-0-0\"  class=\"panel-grid-cell\" ><div id=\"panel-w658c614e0f4d7-0-0-0\" class=\"so-panel widget widget_sow-editor panel-first-child\" data-index=\"0\" ><div class=\"panel-widget-style panel-widget-style-for-w658c614e0f4d7-0-0-0\" ><div\n\t\t\t\n\t\t\tclass=\"so-widget-sow-editor so-widget-sow-editor-base\"\n\t\t\t\n\t\t>\n<div class=\"siteorigin-widget-tinymce textwidget\">\n\t<p>Se conoce como Turismo M\u00e9dico o Turismo de Salud a la pr\u00e1ctica donde flujos de viajeros internacionales se desplazan fuera de su pa\u00eds de origen con el prop\u00f3sito espec\u00edfico de recibir atenci\u00f3n m\u00e9dica.<\/p>\n<p>Actualmente, M\u00e9xico se posiciona como la segunda potencia mundial entre todos los pa\u00edses que llevan a cabo esta pr\u00e1ctica, convirti\u00e9ndose en una industria de alto crecimiento en nuestro pa\u00eds.\n\nM\u00e9xico se ha convertido en el destino m\u00e1s popular para el turismo m\u00e9dico, no solo por su rica cultura, gastronom\u00eda y paisajes impresionantes, sino tambi\u00e9n por su proximidad a Canad\u00e1 y Estados Unidos.<\/p>\n<p>Ofreciendo costos hasta un 80% m\u00e1s bajos, instalaciones y atenci\u00f3n m\u00e9dica de primera clase, uso de la tecnolog\u00eda m\u00e1s avanzada y especialistas altamente capacitados. M\u00e9xico es reconocido como la mejor opci\u00f3n por miles de pacientes que viajan a\u00f1o tras a\u00f1o buscando mejorar su calidad de vida.<\/p>\n<p>&nbsp;<\/p>\n<\/div>\n<\/div><\/div><\/div><div id=\"panel-w658c614e0f4d7-0-0-1\" class=\"so-panel widget widget_sow-button panel-last-child\" data-index=\"1\" ><div\n\t\t\t\n\t\t\tclass=\"so-widget-sow-button so-widget-sow-button-flat-eda807bbe1ce\"\n\t\t\t\n\t\t><div class=\"ow-button-base ow-button-align-left\"\n>\n\t\t\t<a\n\t\t\t\t\thref=\"https:\/\/www.beyondcellcare.com\/es\/stem-cell-therapy\/\"\n\t\t\t\t\tclass=\"sowb-button ow-icon-placement-left ow-button-hover\" \t>\n\t\t<span>\n\t\t\t\n\t\t\tCONTACT DR. CESAR FONSECA\t\t<\/span>\n\t\t\t<\/a>\n\t<\/div>\n<\/div><\/div><\/div><div id=\"pgc-w658c614e0f4d7-0-1\"  class=\"panel-grid-cell\" ><div id=\"panel-w658c614e0f4d7-0-1-0\" class=\"so-panel widget widget_sow-image panel-first-child panel-last-child\" data-index=\"2\" ><div\n\t\t\t\n\t\t\tclass=\"so-widget-sow-image so-widget-sow-image-default-113ccd71f3e6\"\n\t\t\t\n\t\t>\n<div class=\"sow-image-container\">\n\t\t\t<a href=\"https:\/\/www.beyondcellcare.com\/es\/laboratory\/\"\n\t\t\t\t\t>\n\t\t\t<img \n\tsrc=\"https:\/\/www.beyondcellcare.com\/wp-content\/uploads\/2023\/08\/image-Stem-Cell-Therapy-in-Mexico.jpg\" width=\"820\" height=\"581\" srcset=\"https:\/\/www.beyondcellcare.com\/wp-content\/uploads\/2023\/08\/image-Stem-Cell-Therapy-in-Mexico.jpg 820w, https:\/\/www.beyondcellcare.com\/wp-content\/uploads\/2023\/08\/image-Stem-Cell-Therapy-in-Mexico-300x213.jpg 300w, https:\/\/www.beyondcellcare.com\/wp-content\/uploads\/2023\/08\/image-Stem-Cell-Therapy-in-Mexico-768x544.jpg 768w\" sizes=\"(max-width: 820px) 100vw, 820px\" title=\"OUR LABORATORY &gt;\" alt=\"Stem Cell Therapy in Mexico\" \t\tclass=\"so-widget-image\"\/>\n\t\t\t<\/a><\/div>\n\n<\/div><\/div><\/div><\/div><\/div><\/div><\/div><\/div><\/div><\/div><\/div>","protected":false},"excerpt":{"rendered":"<p>STEM CELL THERAPY IN MEXICO It is known as Medical Tourism or Health Tourism to the practice where flows of international travelers move outside their country of origin with the specific purpose of receiving medical care. Currently, Mexico is positioned as the second world power among all the countries that carry out this practice, making [&hellip;]<\/p>\n","protected":false},"author":2,"featured_media":0,"parent":0,"menu_order":0,"comment_status":"closed","ping_status":"closed","template":"templates\/template-full-notitle.php","meta":{"inline_featured_image":false,"footnotes":""},"class_list":["post-379","page","type-page","status-publish","hentry","post"],"_links":{"self":[{"href":"https:\/\/www.beyondcellcare.com\/es\/wp-json\/wp\/v2\/pages\/379","targetHints":{"allow":["GET"]}}],"collection":[{"href":"https:\/\/www.beyondcellcare.com\/es\/wp-json\/wp\/v2\/pages"}],"about":[{"href":"https:\/\/www.beyondcellcare.com\/es\/wp-json\/wp\/v2\/types\/page"}],"author":[{"embeddable":true,"href":"https:\/\/www.beyondcellcare.com\/es\/wp-json\/wp\/v2\/users\/2"}],"replies":[{"embeddable":true,"href":"https:\/\/www.beyondcellcare.com\/es\/wp-json\/wp\/v2\/comments?post=379"}],"version-history":[{"count":0,"href":"https:\/\/www.beyondcellcare.com\/es\/wp-json\/wp\/v2\/pages\/379\/revisions"}],"wp:attachment":[{"href":"https:\/\/www.beyondcellcare.com\/es\/wp-json\/wp\/v2\/media?parent=379"}],"curies":[{"name":"wp","href":"https:\/\/api.w.org\/{rel}","templated":true}]}}