{"id":78,"date":"2023-08-28T16:47:43","date_gmt":"2023-08-28T22:47:43","guid":{"rendered":"https:\/\/www.beyondcellcare.com\/?page_id=78"},"modified":"2023-10-27T12:29:31","modified_gmt":"2023-10-27T18:29:31","slug":"about-us","status":"publish","type":"page","link":"https:\/\/www.beyondcellcare.com\/es\/about-us\/","title":{"rendered":"NOSOTROS"},"content":{"rendered":"<div id=\"pl-78\"  class=\"panel-layout\" ><div id=\"pg-78-0\"  class=\"panel-grid panel-has-style\" ><div class=\"siteorigin-panels-stretch panel-row-style-full-width panel-row-style panel-row-style-for-78-0\" data-stretch-type=\"full-stretched\" ><div id=\"pgc-78-0-0\"  class=\"panel-grid-cell\" ><div id=\"panel-78-0-0-0\" class=\"so-panel widget widget_sow-layout-slider panel-first-child panel-last-child\" data-index=\"0\" ><div\n\t\t\t\n\t\t\tclass=\"so-widget-sow-layout-slider so-widget-sow-layout-slider-default-869256fc35ed-78\"\n\t\t\t\n\t\t>\t\t\t\t<div class=\"sow-slider-base\" style=\"display: none\" tabindex=\"0\">\n\t\t\t\t\t<ul\n\t\t\t\t\tclass=\"sow-slider-images\"\n\t\t\t\t\tdata-settings=\"{&quot;pagination&quot;:true,&quot;speed&quot;:800,&quot;timeout&quot;:8000,&quot;paused&quot;:false,&quot;pause_on_hover&quot;:false,&quot;swipe&quot;:true,&quot;nav_always_show_desktop&quot;:&quot;&quot;,&quot;nav_always_show_mobile&quot;:&quot;&quot;,&quot;breakpoint&quot;:&quot;780px&quot;,&quot;unmute&quot;:false,&quot;anchor&quot;:null}\"\n\t\t\t\t\tstyle=\"min-height: 75vh\"\t\t\t\t\tdata-anchor-id=\"\"\n\t\t\t\t>\t\t<li class=\"sow-slider-image  sow-slider-image-cover\" style=\"visibility: visible;;background-color: #333333;background-image: url(https:\/\/www.beyondcellcare.com\/wp-content\/uploads\/2023\/08\/Banner-about-us.jpg)\" >\n\t\t\t\t\t<div class=\"sow-slider-image-container\">\n\t\t\t<div class=\"sow-slider-image-wrapper\">\n\t\t\t\t<div id=\"pl-w8ad559ed\"  class=\"panel-layout\" ><div id=\"pg-w8ad559ed-0\"  class=\"panel-grid panel-has-style\" ><div class=\"padding-interno panel-row-style panel-row-style-for-w8ad559ed-0\" ><div id=\"pgc-w8ad559ed-0-0\"  class=\"panel-grid-cell panel-grid-cell-mobile-last\" ><div id=\"panel-w8ad559ed-0-0-0\" class=\"so-panel widget widget_sow-editor panel-first-child panel-last-child\" data-index=\"0\" ><div class=\"panel-widget-style panel-widget-style-for-w8ad559ed-0-0-0\" ><div\n\t\t\t\n\t\t\tclass=\"so-widget-sow-editor so-widget-sow-editor-base\"\n\t\t\t\n\t\t>\n<div class=\"siteorigin-widget-tinymce textwidget\">\n\t<h1 style=\"color:#000; \">Sobre nosotros<\/h1>\n<p>Somos un grupo m\u00e9dico especializado en la aplicaci\u00f3n de las mejores y m\u00e1s innovadoras terapias dentro del campo de la medicina regenerativa mediante el uso de c\u00e9lulas troncales mesenquimales, exosomas y factores de crecimiento, utilizando tecnolog\u00edas y t\u00e9cnicas de vanguardia.<\/p>\n<p>&nbsp;<\/p>\n<\/div>\n<\/div><\/div><\/div><\/div><div id=\"pgc-w8ad559ed-0-1\"  class=\"panel-grid-cell panel-grid-cell-empty\" ><\/div><\/div><\/div><\/div>\t\t\t<\/div>\n\t\t<\/div>\n\t\t\t\t<\/li>\n\t\t<\/ul>\t\t\t\t<ol class=\"sow-slider-pagination\">\n\t\t\t\t\t\t\t\t\t\t\t<li><a href=\"#\" data-goto=\"0\" aria-label=\"Display slide 1\"><\/a><\/li>\n\t\t\t\t\t\t\t\t\t<\/ol>\n\n\t\t\t\t<div class=\"sow-slide-nav sow-slide-nav-next\">\n\t\t\t\t\t<a href=\"#\" data-goto=\"next\" aria-label=\"Next slide\" data-action=\"next\">\n\t\t\t\t\t\t<em class=\"sow-sld-icon-thin-right\"><\/em>\n\t\t\t\t\t<\/a>\n\t\t\t\t<\/div>\n\n\t\t\t\t<div class=\"sow-slide-nav sow-slide-nav-prev\">\n\t\t\t\t\t<a href=\"#\" data-goto=\"previous\" aria-label=\"Previous slide\" data-action=\"prev\">\n\t\t\t\t\t\t<em class=\"sow-sld-icon-thin-left\"><\/em>\n\t\t\t\t\t<\/a>\n\t\t\t\t<\/div>\n\t\t\t\t<\/div><\/div><\/div><\/div><\/div><\/div><div id=\"pg-78-1\"  class=\"panel-grid panel-has-style\" ><div class=\"siteorigin-panels-stretch panel-row-style-full-width panel-row-style panel-row-style-for-78-1\" id=\"more\" data-stretch-type=\"full-stretched\" ><div id=\"pgc-78-1-0\"  class=\"panel-grid-cell\" ><div id=\"panel-78-1-0-0\" class=\"so-panel widget widget_siteorigin-panels-builder panel-first-child panel-last-child\" data-index=\"1\" ><div id=\"pl-w653c018b1c6c9\"  class=\"panel-layout\" ><div id=\"pg-w653c018b1c6c9-0\"  class=\"panel-grid panel-has-style\" ><div class=\"padding-interno panel-row-style panel-row-style-for-w653c018b1c6c9-0\" ><div id=\"pgc-w653c018b1c6c9-0-0\"  class=\"panel-grid-cell\" ><div id=\"panel-w653c018b1c6c9-0-0-0\" class=\"so-panel widget widget_sow-image panel-first-child panel-last-child\" data-index=\"0\" ><div\n\t\t\t\n\t\t\tclass=\"so-widget-sow-image so-widget-sow-image-default-8b5b6f678277\"\n\t\t\t\n\t\t>\n<div class=\"sow-image-container\">\n\t\t<img \n\tsrc=\"https:\/\/www.beyondcellcare.com\/wp-content\/uploads\/2023\/08\/imagen-about-us-2.jpg\" width=\"764\" height=\"396\" srcset=\"https:\/\/www.beyondcellcare.com\/wp-content\/uploads\/2023\/08\/imagen-about-us-2.jpg 764w, https:\/\/www.beyondcellcare.com\/wp-content\/uploads\/2023\/08\/imagen-about-us-2-300x155.jpg 300w\" sizes=\"(max-width: 764px) 100vw, 764px\" title=\"imagen about us 2\" alt=\"\" \t\tclass=\"so-widget-image\"\/>\n\t<\/div>\n\n<\/div><\/div><\/div><div id=\"pgc-w653c018b1c6c9-0-1\"  class=\"panel-grid-cell\" ><div id=\"panel-w653c018b1c6c9-0-1-0\" class=\"so-panel widget widget_siteorigin-panels-builder panel-first-child panel-last-child\" data-index=\"1\" ><div id=\"pl-w653c018b1c6d9\"  class=\"panel-layout\" ><div id=\"pg-w653c018b1c6d9-0\"  class=\"panel-grid panel-has-style\" ><div class=\"panel-row-style panel-row-style-for-w653c018b1c6d9-0\" ><div id=\"pgc-w653c018b1c6d9-0-0\"  class=\"panel-grid-cell\" ><div id=\"panel-w653c018b1c6d9-0-0-0\" class=\"so-panel widget widget_sow-editor panel-first-child\" data-index=\"0\" ><div\n\t\t\t\n\t\t\tclass=\"so-widget-sow-editor so-widget-sow-editor-base\"\n\t\t\t\n\t\t>\n<div class=\"siteorigin-widget-tinymce textwidget\">\n\t<p>Our main priority will always be to help the patient to recover and maintain excellent health and quality of life allowing them to lead a full and healthy lifestyle again.<\/p>\n<p>We stand out for the excellence of our <a href=\"https:\/\/www.beyondcellcare.com\/es\/services-treatments\/\">treatments<\/a>, which are completely personalized and appropriate to the diagnosis and needs of each patient obtaining highly positive and favorable results.<\/p>\n<p>Al combinar terapias de clase mundial con el placer del confort y descanso, podemos garantizar que vivir\u00e1 una experiencia \u00fanica.<\/p>\n<\/div>\n<\/div><\/div><div id=\"panel-w653c018b1c6d9-0-0-1\" class=\"so-panel widget widget_sow-button panel-last-child\" data-index=\"1\" ><div\n\t\t\t\n\t\t\tclass=\"so-widget-sow-button so-widget-sow-button-flat-8acf1d8364f0\"\n\t\t\t\n\t\t><div class=\"ow-button-base ow-button-align-left\"\n>\n\t\t\t<a\n\t\t\t\t\thref=\"https:\/\/www.beyondcellcare.com\/es\/contact\/\"\n\t\t\t\t\tclass=\"sowb-button ow-icon-placement-left ow-button-hover\" \t>\n\t\t<span>\n\t\t\t\n\t\t\tHAZ UNA CITA\t\t<\/span>\n\t\t\t<\/a>\n\t<\/div>\n<\/div><\/div><\/div><\/div><\/div><\/div><\/div><\/div><\/div><\/div><\/div><\/div><\/div><\/div><\/div><\/div>","protected":false},"excerpt":{"rendered":"<p>About us Medical group specialized in the application of the best and most innovative therapies within the field of regenerative medicine through the use of human stem cells, exosomes and using state-of-the-art technologies and techniques. &nbsp; Our main priority will always be to help the patient to recover and maintain excellent health and quality of [&hellip;]<\/p>\n","protected":false},"author":2,"featured_media":0,"parent":0,"menu_order":0,"comment_status":"closed","ping_status":"closed","template":"templates\/template-full-notitle.php","meta":{"inline_featured_image":false,"footnotes":""},"class_list":["post-78","page","type-page","status-publish","hentry","post"],"_links":{"self":[{"href":"https:\/\/www.beyondcellcare.com\/es\/wp-json\/wp\/v2\/pages\/78","targetHints":{"allow":["GET"]}}],"collection":[{"href":"https:\/\/www.beyondcellcare.com\/es\/wp-json\/wp\/v2\/pages"}],"about":[{"href":"https:\/\/www.beyondcellcare.com\/es\/wp-json\/wp\/v2\/types\/page"}],"author":[{"embeddable":true,"href":"https:\/\/www.beyondcellcare.com\/es\/wp-json\/wp\/v2\/users\/2"}],"replies":[{"embeddable":true,"href":"https:\/\/www.beyondcellcare.com\/es\/wp-json\/wp\/v2\/comments?post=78"}],"version-history":[{"count":0,"href":"https:\/\/www.beyondcellcare.com\/es\/wp-json\/wp\/v2\/pages\/78\/revisions"}],"wp:attachment":[{"href":"https:\/\/www.beyondcellcare.com\/es\/wp-json\/wp\/v2\/media?parent=78"}],"curies":[{"name":"wp","href":"https:\/\/api.w.org\/{rel}","templated":true}]}}