{"id":80,"date":"2023-08-28T16:48:45","date_gmt":"2023-08-28T22:48:45","guid":{"rendered":"https:\/\/www.beyondcellcare.com\/?page_id=80"},"modified":"2024-12-05T09:45:03","modified_gmt":"2024-12-05T15:45:03","slug":"faqs","status":"publish","type":"page","link":"https:\/\/www.beyondcellcare.com\/es\/faqs\/","title":{"rendered":"FAQ\u00b4S"},"content":{"rendered":"<div id=\"pl-80\"  class=\"panel-layout\" ><div id=\"pg-80-0\"  class=\"panel-grid panel-has-style\" ><div class=\"siteorigin-panels-stretch panel-row-style-full-width panel-row-style panel-row-style-for-80-0\" data-stretch-type=\"full-width-stretch\" ><div id=\"pgc-80-0-0\"  class=\"panel-grid-cell\" ><div id=\"panel-80-0-0-0\" class=\"so-panel widget widget_siteorigin-panels-builder panel-first-child panel-last-child\" data-index=\"0\" ><div id=\"pl-w6751ca7f0ddc4\"  class=\"panel-layout\" ><div id=\"pg-w6751ca7f0ddc4-0\"  class=\"panel-grid panel-has-style\" ><div class=\"padding-interno panel-row-style panel-row-style-for-w6751ca7f0ddc4-0\" ><div id=\"pgc-w6751ca7f0ddc4-0-0\"  class=\"panel-grid-cell\" ><div id=\"panel-w6751ca7f0ddc4-0-0-0\" class=\"so-panel widget widget_sow-editor panel-first-child\" data-index=\"0\" ><div\n\t\t\t\n\t\t\tclass=\"so-widget-sow-editor so-widget-sow-editor-base\"\n\t\t\t\n\t\t>\n<div class=\"siteorigin-widget-tinymce textwidget\">\n\t<h1>Preguntas frecuentes<\/h1>\n<\/div>\n<\/div><\/div><div id=\"panel-w6751ca7f0ddc4-0-0-1\" class=\"so-panel widget widget_sow-accordion panel-last-child\" data-index=\"1\" ><div\n\t\t\t\n\t\t\tclass=\"so-widget-sow-accordion so-widget-sow-accordion-default-97fc7d2d05b3\"\n\t\t\t\n\t\t><div>\n\t<div class=\"sow-accordion\">\n\t\t\t<div class=\"sow-accordion-panel\"\n\t\t\t\tdata-anchor-id=\"what-kind-of-stem-cells-are-you-using\">\n\t\t\t\t\t<div class=\"sow-accordion-panel-header-container\" role=\"heading\" aria-level=\"2\">\n\t\t\t\t\t<div class=\"sow-accordion-panel-header\" tabindex=\"0\" role=\"button\" id=\"accordion-label-what-kind-of-stem-cells-are-you-using\" aria-controls=\"accordion-content-what-kind-of-stem-cells-are-you-using\" aria-expanded=\"false\">\n\t\t\t\t\t\t<div class=\"sow-accordion-title sow-accordion-title-icon-left\">\n\t\t\t\t\t\t\t\t\t\t\t\t\t\t<span id=\"clic-faq\">\u00bfQu\u00e9 tipo de c\u00e9lulas utilizan?<\/span>\t\t\t\t\t\t\t\t\t\t\t\t\t<\/div>\n\t\t\t\t\t\t<div class=\"sow-accordion-open-close-button\">\n\t\t\t\t\t\t\t<div class=\"sow-accordion-open-button\">\n\t\t\t\t\t\t\t\t<span class=\"sow-icon-ionicons\" data-sow-icon=\"&#xf218;\"\n\t\t \n\t\taria-hidden=\"true\"><\/span>\t\t\t\t\t\t\t<\/div>\n\t\t\t\t\t\t\t<div class=\"sow-accordion-close-button\">\n\t\t\t\t\t\t\t\t<span class=\"sow-icon-ionicons\" data-sow-icon=\"&#xf209;\"\n\t\t \n\t\taria-hidden=\"true\"><\/span>\t\t\t\t\t\t\t<\/div>\n\t\t\t\t\t\t<\/div>\n\t\t\t\t\t<\/div>\n\t\t\t\t<\/div>\n\n\t\t\t<div\n\t\t\t\tclass=\"sow-accordion-panel-content\"\n\t\t\t\trole=\"region\"\n\t\t\t\taria-labelledby=\"accordion-label-what-kind-of-stem-cells-are-you-using\"\n\t\t\t\tid=\"accordion-content-what-kind-of-stem-cells-are-you-using\"\n\t\t\t\tstyle=\"display: none;\"\t\t\t>\n\t\t\t\t<div class=\"sow-accordion-panel-border\">\n\t\t\t\t\t<p>El Dr. Fonseca utiliza c\u00e9lulas madre mesenquimales adultas, la \u00fanica fuente segura para fines terap\u00e9uticos. Todas estas c\u00e9lulas se derivan de lo que se llama \"tejidos perinatales\", como el cord\u00f3n umbilical, la placenta y el endometrio. Nuestro laboratorio forma parte de un grupo tambi\u00e9n como una cl\u00ednica de fertilidad, lo que nos permite examinar a los donantes desde la concepci\u00f3n hasta el nacimiento, de esta manera aseguramos la calidad celular antes de proceder a las segundas pruebas de bioseguridad.<\/p>\n\t\t\t\t<\/div>\n\t\t\t<\/div>\n\t\t<\/div>\n\t\t\t<div class=\"sow-accordion-panel\"\n\t\t\t\tdata-anchor-id=\"are-these-stem-cells-safe\">\n\t\t\t\t\t<div class=\"sow-accordion-panel-header-container\" role=\"heading\" aria-level=\"2\">\n\t\t\t\t\t<div class=\"sow-accordion-panel-header\" tabindex=\"0\" role=\"button\" id=\"accordion-label-are-these-stem-cells-safe\" aria-controls=\"accordion-content-are-these-stem-cells-safe\" aria-expanded=\"false\">\n\t\t\t\t\t\t<div class=\"sow-accordion-title sow-accordion-title-icon-left\">\n\t\t\t\t\t\t\t\t\t\t\t\t\t\t<span id=\"clic-faq\">\u00bfSon seguras estas c\u00e9lulas?<\/span>\t\t\t\t\t\t\t\t\t\t\t\t\t<\/div>\n\t\t\t\t\t\t<div class=\"sow-accordion-open-close-button\">\n\t\t\t\t\t\t\t<div class=\"sow-accordion-open-button\">\n\t\t\t\t\t\t\t\t<span class=\"sow-icon-ionicons\" data-sow-icon=\"&#xf218;\"\n\t\t \n\t\taria-hidden=\"true\"><\/span>\t\t\t\t\t\t\t<\/div>\n\t\t\t\t\t\t\t<div class=\"sow-accordion-close-button\">\n\t\t\t\t\t\t\t\t<span class=\"sow-icon-ionicons\" data-sow-icon=\"&#xf209;\"\n\t\t \n\t\taria-hidden=\"true\"><\/span>\t\t\t\t\t\t\t<\/div>\n\t\t\t\t\t\t<\/div>\n\t\t\t\t\t<\/div>\n\t\t\t\t<\/div>\n\n\t\t\t<div\n\t\t\t\tclass=\"sow-accordion-panel-content\"\n\t\t\t\trole=\"region\"\n\t\t\t\taria-labelledby=\"accordion-label-are-these-stem-cells-safe\"\n\t\t\t\tid=\"accordion-content-are-these-stem-cells-safe\"\n\t\t\t\tstyle=\"display: none;\"\t\t\t>\n\t\t\t\t<div class=\"sow-accordion-panel-border\">\n\t\t\t\t\t<p>Las normas de COFEPRIS (hom\u00f3logo de la FDA) garantizan que las C\u00e9lulas Troncales Mesenquimales desarrolladas por nuestro laboratorio son seguras para todas las aplicaciones previstas. Nunca ha habido un solo caso de rechazo (enfermedad de injerto contra hu\u00e9sped) en m\u00e1s de 5 a\u00f1os de experiencia. De hecho, las c\u00e9lulas troncales mesenquimales est\u00e1n aprobadas para tratar la enfermedad del injerto contra hu\u00e9sped en ciertos pa\u00edses como Canad\u00e1 y Nueva Zelanda. El sistema inmunol\u00f3gico es incapaz de reconocer las c\u00e9lulas troncales mesenquimales como cuerpos extra\u00f1os; su falta de expresi\u00f3n del ant\u00edgeno leucocitario humano (HLA) les permite ser pr\u00e1cticamente invisibles a la respuesta de rechazo inmunol\u00f3gico.<\/p>\n<p>Las c\u00e9lulas troncales mesenquimales adultas tienen un linaje celular \"multipotente\", por lo tanto, no hay riesgo de generaci\u00f3n de tumores como podr\u00eda ocurrir con las c\u00e9lulas madre embrionarias (c\u00e9lulas pluripotentes) ya que tienen m\u00e1s potencial de diferenciaci\u00f3n tisular.<\/p>\n\t\t\t\t<\/div>\n\t\t\t<\/div>\n\t\t<\/div>\n\t\t\t<div class=\"sow-accordion-panel\"\n\t\t\t\tdata-anchor-id=\"are-these-stem-cells-ethical\">\n\t\t\t\t\t<div class=\"sow-accordion-panel-header-container\" role=\"heading\" aria-level=\"2\">\n\t\t\t\t\t<div class=\"sow-accordion-panel-header\" tabindex=\"0\" role=\"button\" id=\"accordion-label-are-these-stem-cells-ethical\" aria-controls=\"accordion-content-are-these-stem-cells-ethical\" aria-expanded=\"false\">\n\t\t\t\t\t\t<div class=\"sow-accordion-title sow-accordion-title-icon-left\">\n\t\t\t\t\t\t\t\t\t\t\t\t\t\t<span id=\"clic-faq\">\u00bfSon \u00e9ticas estas c\u00e9lulas?<\/span>\t\t\t\t\t\t\t\t\t\t\t\t\t<\/div>\n\t\t\t\t\t\t<div class=\"sow-accordion-open-close-button\">\n\t\t\t\t\t\t\t<div class=\"sow-accordion-open-button\">\n\t\t\t\t\t\t\t\t<span class=\"sow-icon-ionicons\" data-sow-icon=\"&#xf218;\"\n\t\t \n\t\taria-hidden=\"true\"><\/span>\t\t\t\t\t\t\t<\/div>\n\t\t\t\t\t\t\t<div class=\"sow-accordion-close-button\">\n\t\t\t\t\t\t\t\t<span class=\"sow-icon-ionicons\" data-sow-icon=\"&#xf209;\"\n\t\t \n\t\taria-hidden=\"true\"><\/span>\t\t\t\t\t\t\t<\/div>\n\t\t\t\t\t\t<\/div>\n\t\t\t\t\t<\/div>\n\t\t\t\t<\/div>\n\n\t\t\t<div\n\t\t\t\tclass=\"sow-accordion-panel-content\"\n\t\t\t\trole=\"region\"\n\t\t\t\taria-labelledby=\"accordion-label-are-these-stem-cells-ethical\"\n\t\t\t\tid=\"accordion-content-are-these-stem-cells-ethical\"\n\t\t\t\tstyle=\"display: none;\"\t\t\t>\n\t\t\t\t<div class=\"sow-accordion-panel-border\">\n\t\t\t\t\t<p>Las CTM  no son c\u00e9lulas madre embrionarias, las c\u00e9lulas que han generado mucha controversia debido a las preguntas \u00e9ticas sobre c\u00f3mo se adquieren. \nLas CTM son C\u00e9lulas Mesenquimales Adultas derivadas de tejidos perinatales y son donadas por un adulto que da su consentimiento, quien se somete a una serie de pruebas y un estricto proceso de elegibilidad de bioseguridad y ha sido examinada y monitoreada durante todo su embarazo para garantizar la calidad de las muestras de c\u00e9lulas. \nDejando de lado las cuestiones \u00e9ticas, las c\u00e9lulas madre embrionarias tienden a proliferar de forma incontrolable y pueden causar tumores como posible efecto secundario.<\/p>\n\t\t\t\t<\/div>\n\t\t\t<\/div>\n\t\t<\/div>\n\t\t\t<div class=\"sow-accordion-panel\"\n\t\t\t\tdata-anchor-id=\"how-do-stem-cells-work\">\n\t\t\t\t\t<div class=\"sow-accordion-panel-header-container\" role=\"heading\" aria-level=\"2\">\n\t\t\t\t\t<div class=\"sow-accordion-panel-header\" tabindex=\"0\" role=\"button\" id=\"accordion-label-how-do-stem-cells-work\" aria-controls=\"accordion-content-how-do-stem-cells-work\" aria-expanded=\"false\">\n\t\t\t\t\t\t<div class=\"sow-accordion-title sow-accordion-title-icon-left\">\n\t\t\t\t\t\t\t\t\t\t\t\t\t\t<span id=\"clic-faq\">\u00bfC\u00f3mo funcionan las C\u00e9lulas Troncales Mesenquimales?<\/span>\t\t\t\t\t\t\t\t\t\t\t\t\t<\/div>\n\t\t\t\t\t\t<div class=\"sow-accordion-open-close-button\">\n\t\t\t\t\t\t\t<div class=\"sow-accordion-open-button\">\n\t\t\t\t\t\t\t\t<span class=\"sow-icon-ionicons\" data-sow-icon=\"&#xf218;\"\n\t\t \n\t\taria-hidden=\"true\"><\/span>\t\t\t\t\t\t\t<\/div>\n\t\t\t\t\t\t\t<div class=\"sow-accordion-close-button\">\n\t\t\t\t\t\t\t\t<span class=\"sow-icon-ionicons\" data-sow-icon=\"&#xf209;\"\n\t\t \n\t\taria-hidden=\"true\"><\/span>\t\t\t\t\t\t\t<\/div>\n\t\t\t\t\t\t<\/div>\n\t\t\t\t\t<\/div>\n\t\t\t\t<\/div>\n\n\t\t\t<div\n\t\t\t\tclass=\"sow-accordion-panel-content\"\n\t\t\t\trole=\"region\"\n\t\t\t\taria-labelledby=\"accordion-label-how-do-stem-cells-work\"\n\t\t\t\tid=\"accordion-content-how-do-stem-cells-work\"\n\t\t\t\tstyle=\"display: none;\"\t\t\t>\n\t\t\t\t<div class=\"sow-accordion-panel-border\">\n\t\t\t\t\t<p>Las CTM son c\u00e9lulas precursoras capaces de regeneraci\u00f3n y diferenciaci\u00f3n a diferentes tipos de c\u00e9lulas especializadas (adipocito, condrocito, osteocito). Una vez aplicadas por IV, inyecci\u00f3n u otro m\u00e9todo, las c\u00e9lulas troncales mesenquimales siguen se\u00f1ales inflamatorias de tejidos da\u00f1ados (quimiotaxis) y tienen m\u00faltiples formas de reparar estas \u00e1reas da\u00f1adas; Las c\u00e9lulas troncales mesenquimales llevan a cabo este efecto terap\u00e9utico a trav\u00e9s de algo llamado \"se\u00f1alizaci\u00f3n celular\"; Los factores tr\u00f3ficos son secretados por las c\u00e9lulas y as\u00ed comunicando se\u00f1ales moleculares al tejido da\u00f1ado para mejorar el proceso de reparaci\u00f3n o renovaci\u00f3n del tejido.<\/p>\n<p>En el cuerpo, estas c\u00e9lulas NO funcionan transform\u00e1ndose en diferentes tipos de c\u00e9lulas o tejidos como lo hacen nuestras propias c\u00e9lulas troncales mesenquimales, su efecto terap\u00e9utico funciona secretando estas mol\u00e9culas bioactivas mejorando nuestros propios mecanismos de reparaci\u00f3n entre otras caracter\u00edsticas clave.<\/p>\n<p>Estos principales efectos de se\u00f1alizaci\u00f3n celular act\u00faan a trav\u00e9s de la estimulaci\u00f3n antiinflamatoria, la capacidad de modulaci\u00f3n inmunol\u00f3gica, las se\u00f1ales antifibr\u00f3ticas, los factores de crecimiento que mejoran las proliferaciones y la diferenciaci\u00f3n del tejido da\u00f1ado, todo en conjunto para mejorar todos los mecanismos de reparaci\u00f3n de tejidos en nuestro cuerpo.<\/p>\n\t\t\t\t<\/div>\n\t\t\t<\/div>\n\t\t<\/div>\n\t\t\t<div class=\"sow-accordion-panel\"\n\t\t\t\tdata-anchor-id=\"are-there-risks-or-side-effects-to-getting-stem-cell-therapy\">\n\t\t\t\t\t<div class=\"sow-accordion-panel-header-container\" role=\"heading\" aria-level=\"2\">\n\t\t\t\t\t<div class=\"sow-accordion-panel-header\" tabindex=\"0\" role=\"button\" id=\"accordion-label-are-there-risks-or-side-effects-to-getting-stem-cell-therapy\" aria-controls=\"accordion-content-are-there-risks-or-side-effects-to-getting-stem-cell-therapy\" aria-expanded=\"false\">\n\t\t\t\t\t\t<div class=\"sow-accordion-title sow-accordion-title-icon-left\">\n\t\t\t\t\t\t\t\t\t\t\t\t\t\t<span id=\"clic-faq\">\u00bfHay riesgos o efectos secundarios al recibir terapia celular?<\/span>\t\t\t\t\t\t\t\t\t\t\t\t\t<\/div>\n\t\t\t\t\t\t<div class=\"sow-accordion-open-close-button\">\n\t\t\t\t\t\t\t<div class=\"sow-accordion-open-button\">\n\t\t\t\t\t\t\t\t<span class=\"sow-icon-ionicons\" data-sow-icon=\"&#xf218;\"\n\t\t \n\t\taria-hidden=\"true\"><\/span>\t\t\t\t\t\t\t<\/div>\n\t\t\t\t\t\t\t<div class=\"sow-accordion-close-button\">\n\t\t\t\t\t\t\t\t<span class=\"sow-icon-ionicons\" data-sow-icon=\"&#xf209;\"\n\t\t \n\t\taria-hidden=\"true\"><\/span>\t\t\t\t\t\t\t<\/div>\n\t\t\t\t\t\t<\/div>\n\t\t\t\t\t<\/div>\n\t\t\t\t<\/div>\n\n\t\t\t<div\n\t\t\t\tclass=\"sow-accordion-panel-content\"\n\t\t\t\trole=\"region\"\n\t\t\t\taria-labelledby=\"accordion-label-are-there-risks-or-side-effects-to-getting-stem-cell-therapy\"\n\t\t\t\tid=\"accordion-content-are-there-risks-or-side-effects-to-getting-stem-cell-therapy\"\n\t\t\t\tstyle=\"display: none;\"\t\t\t>\n\t\t\t\t<div class=\"sow-accordion-panel-border\">\n\t\t\t\t\t<p>La seguridad y eficacia de la terapia con c\u00e9lulas troncales mesenquimales es el objetivo principal en protocolos de investigaci\u00f3n cient\u00edfica, los cuales han mostrado que no hay riesgos a largo plazo o efectos secundarios de la terapia celular. Puede experimentarse un efecto secundario en 1 de cada 3 pacientes en promedio y se consideran efectos secundarios inmediatos, como dolor de cabeza leve durante la infusi\u00f3n intravenosa, fatiga o fiebre leve de 24 a 48 horas despu\u00e9s de la infusi\u00f3n.<\/p>\n<p>La terapia celular implica diferentes procedimientos basados en las necesidades m\u00e9dicas de cada paciente, por lo tanto, dependiendo del procedimiento involucrado, por ejemplo, la terapia en las articulaciones tiene sus propios riesgos esperados, como una infecci\u00f3n; todos los procedimientos m\u00e9dicos se realizan con todas las medidas de seguridad para prevenir tales complicaciones. Los efectos secundarios que involucran c\u00e9lulas troncales mesenquimales, como una leve respuesta inflamatoria en el sitio de la inyecci\u00f3n o dolor en las articulaciones durante 24-72 horas, pueden esperarse.<\/p>\n<p>Dependiendo del protocolo personalizado del paciente, todos los posibles efectos secundarios se explicar\u00e1n en detalle y se acordar\u00e1n antes de proceder a la planificaci\u00f3n del viaje como parte de nuestro proceso. Todas las preguntas y dudas deben ser respondidas primero, esa es una de nuestras prioridades.<\/p>\n\t\t\t\t<\/div>\n\t\t\t<\/div>\n\t\t<\/div>\n\t\t\t<div class=\"sow-accordion-panel\"\n\t\t\t\tdata-anchor-id=\"should-i-stop-taking-any-medication-for-stem-cell-therapy\">\n\t\t\t\t\t<div class=\"sow-accordion-panel-header-container\" role=\"heading\" aria-level=\"2\">\n\t\t\t\t\t<div class=\"sow-accordion-panel-header\" tabindex=\"0\" role=\"button\" id=\"accordion-label-should-i-stop-taking-any-medication-for-stem-cell-therapy\" aria-controls=\"accordion-content-should-i-stop-taking-any-medication-for-stem-cell-therapy\" aria-expanded=\"false\">\n\t\t\t\t\t\t<div class=\"sow-accordion-title sow-accordion-title-icon-left\">\n\t\t\t\t\t\t\t\t\t\t\t\t\t\t<span id=\"clic-faq\">\u00bfDebo dejar de tomar alg\u00fan medicamento para la terapia celular?<\/span>\t\t\t\t\t\t\t\t\t\t\t\t\t<\/div>\n\t\t\t\t\t\t<div class=\"sow-accordion-open-close-button\">\n\t\t\t\t\t\t\t<div class=\"sow-accordion-open-button\">\n\t\t\t\t\t\t\t\t<span class=\"sow-icon-ionicons\" data-sow-icon=\"&#xf218;\"\n\t\t \n\t\taria-hidden=\"true\"><\/span>\t\t\t\t\t\t\t<\/div>\n\t\t\t\t\t\t\t<div class=\"sow-accordion-close-button\">\n\t\t\t\t\t\t\t\t<span class=\"sow-icon-ionicons\" data-sow-icon=\"&#xf209;\"\n\t\t \n\t\taria-hidden=\"true\"><\/span>\t\t\t\t\t\t\t<\/div>\n\t\t\t\t\t\t<\/div>\n\t\t\t\t\t<\/div>\n\t\t\t\t<\/div>\n\n\t\t\t<div\n\t\t\t\tclass=\"sow-accordion-panel-content\"\n\t\t\t\trole=\"region\"\n\t\t\t\taria-labelledby=\"accordion-label-should-i-stop-taking-any-medication-for-stem-cell-therapy\"\n\t\t\t\tid=\"accordion-content-should-i-stop-taking-any-medication-for-stem-cell-therapy\"\n\t\t\t\tstyle=\"display: none;\"\t\t\t>\n\t\t\t\t<div class=\"sow-accordion-panel-border\">\n\t\t\t\t\t<p>No hay interacciones farmacol\u00f3gicas entre la terapia con c\u00e9lulas troncales mesenquimales y la medicaci\u00f3n regular, con solo algunas excepciones. Este no es un tratamiento alternativo, por lo tanto, el Dr. Fonseca nunca le pedir\u00e1 que deje sus indicaciones m\u00e9dicas o medicaci\u00f3n cr\u00f3nica, pero necesitar\u00e1 saber qu\u00e9 medicamentos est\u00e1 tomando como parte de su evaluaci\u00f3n inicial; en casos raros, ser\u00e1 necesario dejar de tomar alg\u00fan medicamento durante unos d\u00edas antes del tratamiento, especialmente si el tratamiento incluye procedimientos invasivos que puedan requerir un enfoque m\u00e9dico o farmacol\u00f3gico agresivo. Para obtener el m\u00e1ximo beneficio, lo mejor es consultar con el Dr. Fonseca sobre su r\u00e9gimen de medicaci\u00f3n actual y qu\u00e9 podr\u00eda necesitar ser suspendido por un corto per\u00edodo de tiempo antes de su procedimiento, por ejemplo, anticoagulantes. No hay dos pacientes iguales, por lo que no haga suposiciones, consulte con el Dr. Fonseca y sabr\u00e1 exactamente qu\u00e9 es lo mejor para su situaci\u00f3n \u00fanica.<\/p>\n\t\t\t\t<\/div>\n\t\t\t<\/div>\n\t\t<\/div>\n\t\t\t<div class=\"sow-accordion-panel\"\n\t\t\t\tdata-anchor-id=\"how-could-i-put-this-trip-together\">\n\t\t\t\t\t<div class=\"sow-accordion-panel-header-container\" role=\"heading\" aria-level=\"2\">\n\t\t\t\t\t<div class=\"sow-accordion-panel-header\" tabindex=\"0\" role=\"button\" id=\"accordion-label-how-could-i-put-this-trip-together\" aria-controls=\"accordion-content-how-could-i-put-this-trip-together\" aria-expanded=\"false\">\n\t\t\t\t\t\t<div class=\"sow-accordion-title sow-accordion-title-icon-left\">\n\t\t\t\t\t\t\t\t\t\t\t\t\t\t<span id=\"clic-faq\">\u00bfC\u00f3mo puedo organizar este viaje?<\/span>\t\t\t\t\t\t\t\t\t\t\t\t\t<\/div>\n\t\t\t\t\t\t<div class=\"sow-accordion-open-close-button\">\n\t\t\t\t\t\t\t<div class=\"sow-accordion-open-button\">\n\t\t\t\t\t\t\t\t<span class=\"sow-icon-ionicons\" data-sow-icon=\"&#xf218;\"\n\t\t \n\t\taria-hidden=\"true\"><\/span>\t\t\t\t\t\t\t<\/div>\n\t\t\t\t\t\t\t<div class=\"sow-accordion-close-button\">\n\t\t\t\t\t\t\t\t<span class=\"sow-icon-ionicons\" data-sow-icon=\"&#xf209;\"\n\t\t \n\t\taria-hidden=\"true\"><\/span>\t\t\t\t\t\t\t<\/div>\n\t\t\t\t\t\t<\/div>\n\t\t\t\t\t<\/div>\n\t\t\t\t<\/div>\n\n\t\t\t<div\n\t\t\t\tclass=\"sow-accordion-panel-content\"\n\t\t\t\trole=\"region\"\n\t\t\t\taria-labelledby=\"accordion-label-how-could-i-put-this-trip-together\"\n\t\t\t\tid=\"accordion-content-how-could-i-put-this-trip-together\"\n\t\t\t\tstyle=\"display: none;\"\t\t\t>\n\t\t\t\t<div class=\"sow-accordion-panel-border\">\n\t\t\t\t\t<p>La Srita. Jackeline Cuellar es la Gerente de Oficina y especializada en la atenci\u00f3n de Pacientes del Dr. Fonseca. Ella ser\u00e1 su gu\u00eda m\u00e9dico personal durante todo el proceso de organizaci\u00f3n de su viaje, reservas de hotel, transporte durante su estad\u00eda e incluso servicios tur\u00edsticos locales que desee experimentar. Para obtener m\u00e1s informaci\u00f3n sobre la asistencia en viajes, visite nuestra secci\u00f3n de servicios.<\/p>\n\t\t\t\t<\/div>\n\t\t\t<\/div>\n\t\t<\/div>\n\t\t\t<div class=\"sow-accordion-panel\"\n\t\t\t\tdata-anchor-id=\"why-beyond-cellcare\">\n\t\t\t\t\t<div class=\"sow-accordion-panel-header-container\" role=\"heading\" aria-level=\"2\">\n\t\t\t\t\t<div class=\"sow-accordion-panel-header\" tabindex=\"0\" role=\"button\" id=\"accordion-label-why-beyond-cellcare\" aria-controls=\"accordion-content-why-beyond-cellcare\" aria-expanded=\"false\">\n\t\t\t\t\t\t<div class=\"sow-accordion-title sow-accordion-title-icon-left\">\n\t\t\t\t\t\t\t\t\t\t\t\t\t\t<span id=\"clic-faq\">\u00bfPor qu\u00e9 Beyond CellCare?<\/span>\t\t\t\t\t\t\t\t\t\t\t\t\t<\/div>\n\t\t\t\t\t\t<div class=\"sow-accordion-open-close-button\">\n\t\t\t\t\t\t\t<div class=\"sow-accordion-open-button\">\n\t\t\t\t\t\t\t\t<span class=\"sow-icon-ionicons\" data-sow-icon=\"&#xf218;\"\n\t\t \n\t\taria-hidden=\"true\"><\/span>\t\t\t\t\t\t\t<\/div>\n\t\t\t\t\t\t\t<div class=\"sow-accordion-close-button\">\n\t\t\t\t\t\t\t\t<span class=\"sow-icon-ionicons\" data-sow-icon=\"&#xf209;\"\n\t\t \n\t\taria-hidden=\"true\"><\/span>\t\t\t\t\t\t\t<\/div>\n\t\t\t\t\t\t<\/div>\n\t\t\t\t\t<\/div>\n\t\t\t\t<\/div>\n\n\t\t\t<div\n\t\t\t\tclass=\"sow-accordion-panel-content\"\n\t\t\t\trole=\"region\"\n\t\t\t\taria-labelledby=\"accordion-label-why-beyond-cellcare\"\n\t\t\t\tid=\"accordion-content-why-beyond-cellcare\"\n\t\t\t\tstyle=\"display: none;\"\t\t\t>\n\t\t\t\t<div class=\"sow-accordion-panel-border\">\n\t\t\t\t\t<p>El Dr. Fonseca y el equipo de BeyondCell Care han cuidado y mejorado la vida de muchos pacientes de todo el mundo durante los \u00faltimos 5 a\u00f1os. Entendemos la gran decisi\u00f3n que implica viajar a otro pa\u00eds para recibir atenci\u00f3n m\u00e9dica y queremos estar contigo en cada paso del camino, ofreciendo protocolos m\u00e9dicos basados en evidencia en el campo de la medicina regenerativa y haci\u00e9ndolo m\u00e1s accesible para todos con atenci\u00f3n humana y \u00e9tica las 24 horas del d\u00eda, los 7 d\u00edas de la semana. Al investigar acerca de la terapia celular, lo m\u00e1s importante a considerar es la c\u00e9lula madre en s\u00ed; nuestro laboratorio ofrece las instalaciones m\u00e1s innovadoras y procesos de bioseguridad actualizados, no solo para ti, sino para cientos de m\u00e9dicos especialistas a quienes tambi\u00e9n proveemos. \n\nAtenci\u00f3n personalizada y cuidado 24\/7.<\/p>\n<p>&nbsp;<\/p>\n\t\t\t\t<\/div>\n\t\t\t<\/div>\n\t\t<\/div>\n\t\t<\/div>\n<\/div>\n<\/div><\/div><\/div><\/div><\/div><\/div><\/div><\/div><\/div><\/div><\/div>","protected":false},"excerpt":{"rendered":"<p>FAQS What kind of stem cells are you using? Dr. Fonseca uses adult mesenchymal stem cells, the only safe source for therapeutical purposes. All these stem cells are derived from what are called \u201cperinatal tissues\u201d, such as umbilical cord, placenta, and endometrium. Our laboratory also works as a fertility clinic that allows us to screen [&hellip;]<\/p>\n","protected":false},"author":2,"featured_media":0,"parent":0,"menu_order":0,"comment_status":"closed","ping_status":"closed","template":"templates\/template-full-notitle.php","meta":{"inline_featured_image":false,"footnotes":""},"class_list":["post-80","page","type-page","status-publish","hentry","post"],"_links":{"self":[{"href":"https:\/\/www.beyondcellcare.com\/es\/wp-json\/wp\/v2\/pages\/80","targetHints":{"allow":["GET"]}}],"collection":[{"href":"https:\/\/www.beyondcellcare.com\/es\/wp-json\/wp\/v2\/pages"}],"about":[{"href":"https:\/\/www.beyondcellcare.com\/es\/wp-json\/wp\/v2\/types\/page"}],"author":[{"embeddable":true,"href":"https:\/\/www.beyondcellcare.com\/es\/wp-json\/wp\/v2\/users\/2"}],"replies":[{"embeddable":true,"href":"https:\/\/www.beyondcellcare.com\/es\/wp-json\/wp\/v2\/comments?post=80"}],"version-history":[{"count":0,"href":"https:\/\/www.beyondcellcare.com\/es\/wp-json\/wp\/v2\/pages\/80\/revisions"}],"wp:attachment":[{"href":"https:\/\/www.beyondcellcare.com\/es\/wp-json\/wp\/v2\/media?parent=80"}],"curies":[{"name":"wp","href":"https:\/\/api.w.org\/{rel}","templated":true}]}}